{"id":30404,"date":"2025-12-13T12:18:11","date_gmt":"2025-12-13T11:18:11","guid":{"rendered":"https:\/\/autopdz.com\/product\/demarreur-compresseur-multifonctions-99800mah\/"},"modified":"2026-04-23T14:45:33","modified_gmt":"2026-04-23T13:45:33","slug":"demarreur-compresseur-multifonctions-99800mah","status":"publish","type":"product","link":"https:\/\/autopdz.com\/ar\/product\/demarreur-compresseur-multifonctions-99800mah\/","title":{"rendered":"Demarreur + compresseur multifonctions 18000mAh 2000A"},"content":{"rendered":"<p>Nom : Jump Starter Air Compressor<\/p>\n<p>Mod\u00e8le : 29B<\/p>\n<p>Taille : 160*80*30 mm<\/p>\n<p>Mat\u00e9riel : ABS<\/p>\n<p>Capacit\u00e9 de la batterie : 18000 mAh<\/p>\n<p>USB : 5V\/1A\/2A<\/p>\n<p>Tension : 12V<\/p>\n<p>Entr\u00e9e de charge : 5V\/1A<\/p>\n<p>Courant de d\u00e9part : 500A<\/p>\n<p>Courant de pointe : 2000A<\/p>\n<p>Compass<\/p>\n<p>[4] Port USB<\/p>\n<p>Couleur : Noir et Rouge<\/p>\n<p>Mode d&rsquo;\u00e9clairage : lampe \u00e0 LED, lumi\u00e8res rouges et bleues, flashage d&rsquo;explosion \u00e0 LED SOS.<\/p>","protected":false},"excerpt":{"rendered":"<p>Nom : Jump Starter Air Compressor Mod\u00e8le : 29B Taille : 160*80*30 mm Mat\u00e9riel : ABS Capacit\u00e9 de la batterie : 18000 mAh USB : 5V\/1A\/2A Tension : 12V Entr\u00e9e de charge : 5V\/1A Courant de d\u00e9part : 500A Courant de pointe : 2000A Compass [4] Port USB Couleur : Noir et Rouge Mode d&rsquo;\u00e9clairage [&hellip;]<\/p>","protected":false},"featured_media":38867,"comment_status":"open","ping_status":"closed","template":"","meta":[],"product_brand":[],"product_cat":[26],"product_tag":[],"class_list":{"0":"post-30404","1":"product","2":"type-product","3":"status-publish","4":"has-post-thumbnail","6":"product_cat-accessoires-exterieur","8":"first","9":"instock","10":"shipping-taxable","11":"purchasable","12":"product-type-simple"},"jetpack_sharing_enabled":true,"_links":{"self":[{"href":"https:\/\/autopdz.com\/ar\/wp-json\/wp\/v2\/product\/30404","targetHints":{"allow":["GET"]}}],"collection":[{"href":"https:\/\/autopdz.com\/ar\/wp-json\/wp\/v2\/product"}],"about":[{"href":"https:\/\/autopdz.com\/ar\/wp-json\/wp\/v2\/types\/product"}],"replies":[{"embeddable":true,"href":"https:\/\/autopdz.com\/ar\/wp-json\/wp\/v2\/comments?post=30404"}],"wp:featuredmedia":[{"embeddable":true,"href":"https:\/\/autopdz.com\/ar\/wp-json\/wp\/v2\/media\/38867"}],"wp:attachment":[{"href":"https:\/\/autopdz.com\/ar\/wp-json\/wp\/v2\/media?parent=30404"}],"wp:term":[{"taxonomy":"product_brand","embeddable":true,"href":"https:\/\/autopdz.com\/ar\/wp-json\/wp\/v2\/product_brand?post=30404"},{"taxonomy":"product_cat","embeddable":true,"href":"https:\/\/autopdz.com\/ar\/wp-json\/wp\/v2\/product_cat?post=30404"},{"taxonomy":"product_tag","embeddable":true,"href":"https:\/\/autopdz.com\/ar\/wp-json\/wp\/v2\/product_tag?post=30404"}],"curies":[{"name":"wp","href":"https:\/\/api.w.org\/{rel}","templated":true}]}}