{"id":30495,"date":"2025-12-14T13:57:41","date_gmt":"2025-12-14T12:57:41","guid":{"rendered":"https:\/\/autopdz.com\/product\/dvd-autoradio-mirrorlink-bluetooth-avec-ecran-mp5\/"},"modified":"2026-04-11T14:06:42","modified_gmt":"2026-04-11T13:06:42","slug":"dvd-autoradio-mirrorlink-bluetooth-avec-ecran-mp5","status":"publish","type":"product","link":"https:\/\/autopdz.com\/ar\/product\/dvd-autoradio-mirrorlink-bluetooth-avec-ecran-mp5\/","title":{"rendered":"Dvd Autoradio MirrorLink Bluetooth avec \u00e9cran MP5"},"content":{"rendered":"<p>Principales caract\u00e9ristiques:<\/p>\n<p>\u00c9cran tactile num\u00e9rique TFT de 4,3 pouces .<br \/>\nAvec fente pour carte TF, avec port USB 2.0 .<br \/>\nFormat vid\u00e9o : 1080P .<br \/>\nPrise en charge des formats audio : MP3 \/ WMA \/ WAV \/ MKV \/ FLAC \/ OGG \/ APE .<br \/>\nPrise en charge des formats vid\u00e9o : RM \/ RMVB \/ DVD (VOB) \/ VCD (DAT) \/ MP1 \/ MP2 \/ DIVX \/ XVID \/ MP4 \/ H263 \/ H264 \/ FLV \/ 3GP \/ SWF \/ AVI \/ ASF \/ MJPEG, etc.<br \/>\nAmplificateur MOSFET : puissance de sortie maximale 4 x 45 watts .<br \/>\nPlage FM : 87,5 MHz ~ 108,00 MHz (Europe) .<br \/>\nAvec t\u00e9l\u00e9commande<br \/>\nTaille 210X160X110 mm .<br \/>\nFonction de m\u00e9morisation automatique \u00e0 l\u2019arr\u00eat sous mode radio ou TF\/USB.<br \/>\nFonction horloge Fonction muet Fonction Bluetooth.<br \/>\nR\u00e9glage des graves et aigus, stabilisateur des canaux gauche &amp; droit.<br \/>\nFonction entr\u00e9e auxiliaire (AUX IN).<br \/>\nFonction cam\u00e9ra de recul Fonction entr\u00e9e vid\u00e9o<\/p>","protected":false},"excerpt":{"rendered":"<p>Principales caract\u00e9ristiques: \u00c9cran tactile num\u00e9rique TFT de 4,3 pouces . Avec fente pour carte TF, avec port USB 2.0 . Format vid\u00e9o : 1080P . Prise en charge des formats audio : MP3 \/ WMA \/ WAV \/ MKV \/ FLAC \/ OGG \/ APE . Prise en charge des formats vid\u00e9o : RM \/ [&hellip;]<\/p>","protected":false},"featured_media":30489,"comment_status":"open","ping_status":"closed","template":"","meta":[],"product_brand":[],"product_cat":[24],"product_tag":[],"class_list":{"0":"post-30495","1":"product","2":"type-product","3":"status-publish","4":"has-post-thumbnail","6":"product_cat-accessoires-interieur","8":"first","9":"outofstock","10":"shipping-taxable","11":"purchasable","12":"product-type-simple"},"jetpack_sharing_enabled":true,"_links":{"self":[{"href":"https:\/\/autopdz.com\/ar\/wp-json\/wp\/v2\/product\/30495","targetHints":{"allow":["GET"]}}],"collection":[{"href":"https:\/\/autopdz.com\/ar\/wp-json\/wp\/v2\/product"}],"about":[{"href":"https:\/\/autopdz.com\/ar\/wp-json\/wp\/v2\/types\/product"}],"replies":[{"embeddable":true,"href":"https:\/\/autopdz.com\/ar\/wp-json\/wp\/v2\/comments?post=30495"}],"wp:featuredmedia":[{"embeddable":true,"href":"https:\/\/autopdz.com\/ar\/wp-json\/wp\/v2\/media\/30489"}],"wp:attachment":[{"href":"https:\/\/autopdz.com\/ar\/wp-json\/wp\/v2\/media?parent=30495"}],"wp:term":[{"taxonomy":"product_brand","embeddable":true,"href":"https:\/\/autopdz.com\/ar\/wp-json\/wp\/v2\/product_brand?post=30495"},{"taxonomy":"product_cat","embeddable":true,"href":"https:\/\/autopdz.com\/ar\/wp-json\/wp\/v2\/product_cat?post=30495"},{"taxonomy":"product_tag","embeddable":true,"href":"https:\/\/autopdz.com\/ar\/wp-json\/wp\/v2\/product_tag?post=30495"}],"curies":[{"name":"wp","href":"https:\/\/api.w.org\/{rel}","templated":true}]}}