{"id":3092,"date":"2024-06-30T12:53:10","date_gmt":"2024-06-30T11:53:10","guid":{"rendered":"https:\/\/autopdz.com\/product\/led-plafonier-interieur-de-voiture-a-haute-luminosite\/"},"modified":"2025-01-21T10:44:42","modified_gmt":"2025-01-21T09:44:42","slug":"led-plafonier-interieur-de-voiture-a-haute-luminosite","status":"publish","type":"product","link":"https:\/\/autopdz.com\/ar\/product\/led-plafonier-interieur-de-voiture-a-haute-luminosite\/","title":{"rendered":"LED Plafonier int\u00e9rieur de voiture \u00e0 haute luminosit\u00e9"},"content":{"rendered":"<p>Description du produit<\/p>\n<p>Type d&rsquo;\u00e9clairage int\u00e9rieur<br \/>\nCouleur blanc6000-6500k<br \/>\nType de LED SMD2835<br \/>\nQuantit\u00e9 de modules\/cha\u00eene 10 pi\u00e8ces\/cha\u00eene<br \/>\nMat\u00e9riau des copeaux SANAN<br \/>\nTension DC12V-24V<br \/>\nTYPE DE LED COB<br \/>\nPuissance 13 w\/pi\u00e8ces<br \/>\nAngle de faisceau 160\u00b0<br \/>\nLumens 480LM<br \/>\nTaille 247*61*11mm<br \/>\nService personnalis\u00e9 NON<br \/>\nApplication Syst\u00e8mes de feux d&rsquo;avertissement pour travaux routiers, notamment pour remorques et camions.<br \/>\nIndice IP IP67<\/p>\n<p>1. Respectueux de l&rsquo;environnement et \u00e9conomie d&rsquo;\u00e9nergie<\/p>\n<p>2. Faisceau large, super lumineux<\/p>\n<p>3. Faisceaux brillants durables et qui ne se d\u00e9colorent pas<\/p>\n<p>4. Bonne r\u00e9sistance aux vibrations<\/p>\n<p>5. Fort effet optique et longue dur\u00e9e de vie<\/p>\n<p>6. Faible consommation d&rsquo;\u00e9nergie, faible g\u00e9n\u00e9ration de chaleur<\/p>\n<p>7. Le mod\u00e8le g\u00e9n\u00e9ral utilis\u00e9 dans l&rsquo;\u00e9clairage automatique peut \u00eatre utilis\u00e9 dans tous les types de v\u00e9hicules.<\/p>","protected":false},"excerpt":{"rendered":"<p>Description du produit Type d&rsquo;\u00e9clairage int\u00e9rieur Couleur blanc6000-6500k Type de LED SMD2835 Quantit\u00e9 de modules\/cha\u00eene 10 pi\u00e8ces\/cha\u00eene Mat\u00e9riau des copeaux SANAN Tension DC12V-24V TYPE DE LED COB Puissance 13 w\/pi\u00e8ces Angle de faisceau 160\u00b0 Lumens 480LM Taille 247*61*11mm Service personnalis\u00e9 NON Application Syst\u00e8mes de feux d&rsquo;avertissement pour travaux routiers, notamment pour remorques et camions. Indice [&hellip;]<\/p>","protected":false},"featured_media":3088,"comment_status":"open","ping_status":"closed","template":"","meta":[],"product_brand":[],"product_cat":[23],"product_tag":[],"class_list":{"0":"post-3092","1":"product","2":"type-product","3":"status-publish","4":"has-post-thumbnail","6":"product_cat-eclairage","8":"first","9":"instock","10":"shipping-taxable","11":"purchasable","12":"product-type-simple"},"jetpack_sharing_enabled":true,"_links":{"self":[{"href":"https:\/\/autopdz.com\/ar\/wp-json\/wp\/v2\/product\/3092","targetHints":{"allow":["GET"]}}],"collection":[{"href":"https:\/\/autopdz.com\/ar\/wp-json\/wp\/v2\/product"}],"about":[{"href":"https:\/\/autopdz.com\/ar\/wp-json\/wp\/v2\/types\/product"}],"replies":[{"embeddable":true,"href":"https:\/\/autopdz.com\/ar\/wp-json\/wp\/v2\/comments?post=3092"}],"wp:featuredmedia":[{"embeddable":true,"href":"https:\/\/autopdz.com\/ar\/wp-json\/wp\/v2\/media\/3088"}],"wp:attachment":[{"href":"https:\/\/autopdz.com\/ar\/wp-json\/wp\/v2\/media?parent=3092"}],"wp:term":[{"taxonomy":"product_brand","embeddable":true,"href":"https:\/\/autopdz.com\/ar\/wp-json\/wp\/v2\/product_brand?post=3092"},{"taxonomy":"product_cat","embeddable":true,"href":"https:\/\/autopdz.com\/ar\/wp-json\/wp\/v2\/product_cat?post=3092"},{"taxonomy":"product_tag","embeddable":true,"href":"https:\/\/autopdz.com\/ar\/wp-json\/wp\/v2\/product_tag?post=3092"}],"curies":[{"name":"wp","href":"https:\/\/api.w.org\/{rel}","templated":true}]}}