{"id":3098,"date":"2024-06-30T14:24:25","date_gmt":"2024-06-30T13:24:25","guid":{"rendered":"https:\/\/autopdz.com\/?post_type=product&#038;p=3098"},"modified":"2026-04-12T10:11:08","modified_gmt":"2026-04-12T09:11:08","slug":"sangle-de-voiture-ceinture-de-securite-35m-berger","status":"publish","type":"product","link":"https:\/\/autopdz.com\/ar\/product\/sangle-de-voiture-ceinture-de-securite-35m-berger\/","title":{"rendered":"2Pcs Sangle de voiture ceinture de s\u00e9curit\u00e9 3,5m BERGER"},"content":{"rendered":"<p>Nom de l&rsquo;article:<\/p>\n<p>Berger voiture ceinture de s\u00e9curit\u00e9 couverture sangle sangle \u00e9paissir voiture ceinture de s\u00e9curit\u00e9 prise harnais sac \u00e0 dos ceinture gordelhoes voiture accessoires2213<\/p>\n<p>Utilisations : ceintures de s\u00e9curit\u00e9 de voiture, ceintures de s\u00e9curit\u00e9 pour enfants, ceintures de balan\u00e7oire, ceintures de sac \u00e0 dos, ceintures d&rsquo;articles divers.<br \/>\nMat\u00e9riau : polyester (r\u00e9sistant \u00e0 la traction, r\u00e9sistant \u00e0 l&rsquo;usure, ignifuge)<br \/>\nUniversel \uffa0pour toutes les voitures<br \/>\nLongueur : 3,5 m\u00e8tres<br \/>\nLargeur : 48 mm<br \/>\n\u00c9paisseur : 1-1,2 mm<br \/>\nForce de traction : 21000N<br \/>\nR\u00e9sistance \u00e0 la rupture : environ 2200 kg.<br \/>\nBase de test: norme chinoise GB14166-2013 et norme europ\u00e9enne ECER16 pour effectuer des tests connexes, la r\u00e9sistance \u00e0 la traction du ruban &#8211; statique jusqu&rsquo;\u00e0 21730N (\u00e9quivalent \u00e0 2,1 tonnes de force), bien sup\u00e9rieure \u00e0 la norme nationale de 14700N.<\/p>\n<p>Il s&rsquo;agit d&rsquo;une sangle de ceinture de s\u00e9curit\u00e9 de haute qualit\u00e9. Il y a 3 belles couleurs pour votre choix. S\u00fbr et tendance, c&rsquo;est le meilleur choix pour les super voitures de sport.<br \/>\nDescription du produit:<br \/>\nCette sangle en polyester est plus l\u00e9g\u00e8re que le polyester ordinaire, mais proche de la r\u00e9sistance. Faible \u00e9tirement, faible taux d&rsquo;absorption, fibre non poreuse et haute r\u00e9sistance en font \u00e9galement un excellent choix pour les utilisations en ext\u00e9rieur !<br \/>\nLe polyester est un mat\u00e9riau solide et durable pour les sangles. Il est utilis\u00e9 pour assurer la s\u00e9curit\u00e9 et la r\u00e9silience par rapport aux autres mat\u00e9riaux de sangle. Le polyester combine de nombreux avantages du polypropyl\u00e8ne et du nylon sans certains des inconv\u00e9nients.<\/p>\n<p>Remarque : un rouleau est install\u00e9 pour un si\u00e8ge, quatre rouleaux pour quatre si\u00e8ges<\/p>","protected":false},"excerpt":{"rendered":"<p>Nom de l&rsquo;article: Berger voiture ceinture de s\u00e9curit\u00e9 couverture sangle sangle \u00e9paissir voiture ceinture de s\u00e9curit\u00e9 prise harnais sac \u00e0 dos ceinture gordelhoes voiture accessoires2213 Utilisations : ceintures de s\u00e9curit\u00e9 de voiture, ceintures de s\u00e9curit\u00e9 pour enfants, ceintures de balan\u00e7oire, ceintures de sac \u00e0 dos, ceintures d&rsquo;articles divers. Mat\u00e9riau : polyester (r\u00e9sistant \u00e0 la traction, [&hellip;]<\/p>","protected":false},"featured_media":3101,"comment_status":"open","ping_status":"closed","template":"","meta":[],"product_brand":[],"product_cat":[24],"product_tag":[],"class_list":{"0":"post-3098","1":"product","2":"type-product","3":"status-publish","4":"has-post-thumbnail","6":"product_cat-accessoires-interieur","8":"first","9":"instock","10":"sale","11":"shipping-taxable","12":"purchasable","13":"product-type-variable"},"jetpack_sharing_enabled":true,"_links":{"self":[{"href":"https:\/\/autopdz.com\/ar\/wp-json\/wp\/v2\/product\/3098","targetHints":{"allow":["GET"]}}],"collection":[{"href":"https:\/\/autopdz.com\/ar\/wp-json\/wp\/v2\/product"}],"about":[{"href":"https:\/\/autopdz.com\/ar\/wp-json\/wp\/v2\/types\/product"}],"replies":[{"embeddable":true,"href":"https:\/\/autopdz.com\/ar\/wp-json\/wp\/v2\/comments?post=3098"}],"wp:featuredmedia":[{"embeddable":true,"href":"https:\/\/autopdz.com\/ar\/wp-json\/wp\/v2\/media\/3101"}],"wp:attachment":[{"href":"https:\/\/autopdz.com\/ar\/wp-json\/wp\/v2\/media?parent=3098"}],"wp:term":[{"taxonomy":"product_brand","embeddable":true,"href":"https:\/\/autopdz.com\/ar\/wp-json\/wp\/v2\/product_brand?post=3098"},{"taxonomy":"product_cat","embeddable":true,"href":"https:\/\/autopdz.com\/ar\/wp-json\/wp\/v2\/product_cat?post=3098"},{"taxonomy":"product_tag","embeddable":true,"href":"https:\/\/autopdz.com\/ar\/wp-json\/wp\/v2\/product_tag?post=3098"}],"curies":[{"name":"wp","href":"https:\/\/api.w.org\/{rel}","templated":true}]}}