{"id":3123,"date":"2024-06-30T14:47:27","date_gmt":"2024-06-30T13:47:27","guid":{"rendered":"https:\/\/autopdz.com\/product\/testeur-de-bougie-dallumage-en-ligne-de-voiture-12v\/"},"modified":"2024-06-30T14:47:27","modified_gmt":"2024-06-30T13:47:27","slug":"testeur-de-bougie-dallumage-en-ligne-de-voiture-12v","status":"publish","type":"product","link":"https:\/\/autopdz.com\/ar\/product\/testeur-de-bougie-dallumage-en-ligne-de-voiture-12v\/","title":{"rendered":"Testeur de bougie d\u2019allumage en ligne de voiture 12V"},"content":{"rendered":"<p>Caract\u00e9ristique:<br \/>\n-Diagnostique rapidement les probl\u00e8mes du syst\u00e8me d\u2019allumage, manque ou aucune condition d\u2019\u00e9tincelle.<br \/>\n-Testez facilement la continuit\u00e9 du circuit d\u2019allumage \u00e0 chaque cylindre.<br \/>\n-L\u2019outil se connecte entre la bougie d\u2019allumage et le fil de la prise.<br \/>\n-Id\u00e9al pour d\u00e9pannage de tous les moteurs \u00e0 combustion interne<br \/>\n-Trouver des bougies d\u2019allumage sales, des points d\u00e9fectueux, des c\u00e2bles ou des connexions d\u00e9fectueux, etc.<br \/>\nM\u00e9thode d\u2019utilisation:<br \/>\n1) lorsque le moteur est \u00e9teint, retirez le fil de la bougie d\u2019allumage.<br \/>\n2) fixez la bougie d\u2019allumage de connecteur noir.<br \/>\n3) ins\u00e9rez l\u2019extr\u00e9mit\u00e9 m\u00e9tallique du testeur dans le fil de la bougie d\u2019allumage.<br \/>\n4) essayez de d\u00e9marrer le moteur.<br \/>\n5) si le circuit d\u2019allumage est complet, l\u2019ampoule clignotera<\/p>","protected":false},"excerpt":{"rendered":"<p>Caract\u00e9ristique: -Diagnostique rapidement les probl\u00e8mes du syst\u00e8me d\u2019allumage, manque ou aucune condition d\u2019\u00e9tincelle. -Testez facilement la continuit\u00e9 du circuit d\u2019allumage \u00e0 chaque cylindre. -L\u2019outil se connecte entre la bougie d\u2019allumage et le fil de la prise. -Id\u00e9al pour d\u00e9pannage de tous les moteurs \u00e0 combustion interne -Trouver des bougies d\u2019allumage sales, des points d\u00e9fectueux, des [&hellip;]<\/p>","protected":false},"featured_media":3122,"comment_status":"open","ping_status":"closed","template":"","meta":[],"product_brand":[],"product_cat":[15],"product_tag":[],"class_list":{"0":"post-3123","1":"product","2":"type-product","3":"status-publish","4":"has-post-thumbnail","6":"product_cat-divers","8":"first","9":"instock","10":"shipping-taxable","11":"purchasable","12":"product-type-simple"},"jetpack_sharing_enabled":true,"_links":{"self":[{"href":"https:\/\/autopdz.com\/ar\/wp-json\/wp\/v2\/product\/3123","targetHints":{"allow":["GET"]}}],"collection":[{"href":"https:\/\/autopdz.com\/ar\/wp-json\/wp\/v2\/product"}],"about":[{"href":"https:\/\/autopdz.com\/ar\/wp-json\/wp\/v2\/types\/product"}],"replies":[{"embeddable":true,"href":"https:\/\/autopdz.com\/ar\/wp-json\/wp\/v2\/comments?post=3123"}],"wp:featuredmedia":[{"embeddable":true,"href":"https:\/\/autopdz.com\/ar\/wp-json\/wp\/v2\/media\/3122"}],"wp:attachment":[{"href":"https:\/\/autopdz.com\/ar\/wp-json\/wp\/v2\/media?parent=3123"}],"wp:term":[{"taxonomy":"product_brand","embeddable":true,"href":"https:\/\/autopdz.com\/ar\/wp-json\/wp\/v2\/product_brand?post=3123"},{"taxonomy":"product_cat","embeddable":true,"href":"https:\/\/autopdz.com\/ar\/wp-json\/wp\/v2\/product_cat?post=3123"},{"taxonomy":"product_tag","embeddable":true,"href":"https:\/\/autopdz.com\/ar\/wp-json\/wp\/v2\/product_tag?post=3123"}],"curies":[{"name":"wp","href":"https:\/\/api.w.org\/{rel}","templated":true}]}}