{"id":3127,"date":"2024-06-30T14:49:33","date_gmt":"2024-06-30T13:49:33","guid":{"rendered":"https:\/\/autopdz.com\/product\/outils-de-diagnostic-de-voiture-dc-6v-12v-24v\/"},"modified":"2024-06-30T14:49:33","modified_gmt":"2024-06-30T13:49:33","slug":"outils-de-diagnostic-de-voiture-dc-6v-12v-24v","status":"publish","type":"product","link":"https:\/\/autopdz.com\/ar\/product\/outils-de-diagnostic-de-voiture-dc-6v-12v-24v\/","title":{"rendered":"Outils de diagnostic de voiture DC 6V\/12V\/24V"},"content":{"rendered":"<p>Outils de diagnostic de voiture DC 6V\/12V\/24V testeur de Circuit de lumi\u00e8re automobile sonde de d\u00e9tecteur de stylo de test de tension de lampe<\/p>\n<p>d\u00e9tails:<\/p>\n<p>* 100% tout neuf et de haute qualit\u00e9 * Le tube lumineux unique \u00e0 longue dur\u00e9e de vie, ne produit pas de chaleur, de confort et de s\u00e9curit\u00e9 * Le fil flexible innovant a une bonne r\u00e9sistance \u00e0 la traction * Petit volume, structure compacte, \u00e9quip\u00e9 d\u2019un clip, pratique \u00e0 transporter et \u00e0 utiliser<\/p>\n<p>Sp\u00e9cification: Mat\u00e9riel: cuivre Couleur: or, comme le montre l\u2019image Tension: 6V-24V<\/p>","protected":false},"excerpt":{"rendered":"<p>Outils de diagnostic de voiture DC 6V\/12V\/24V testeur de Circuit de lumi\u00e8re automobile sonde de d\u00e9tecteur de stylo de test de tension de lampe d\u00e9tails: * 100% tout neuf et de haute qualit\u00e9 * Le tube lumineux unique \u00e0 longue dur\u00e9e de vie, ne produit pas de chaleur, de confort et de s\u00e9curit\u00e9 * Le [&hellip;]<\/p>","protected":false},"featured_media":3125,"comment_status":"open","ping_status":"closed","template":"","meta":[],"product_brand":[],"product_cat":[15],"product_tag":[],"class_list":{"0":"post-3127","1":"product","2":"type-product","3":"status-publish","4":"has-post-thumbnail","6":"product_cat-divers","8":"first","9":"instock","10":"shipping-taxable","11":"purchasable","12":"product-type-simple"},"jetpack_sharing_enabled":true,"_links":{"self":[{"href":"https:\/\/autopdz.com\/ar\/wp-json\/wp\/v2\/product\/3127","targetHints":{"allow":["GET"]}}],"collection":[{"href":"https:\/\/autopdz.com\/ar\/wp-json\/wp\/v2\/product"}],"about":[{"href":"https:\/\/autopdz.com\/ar\/wp-json\/wp\/v2\/types\/product"}],"replies":[{"embeddable":true,"href":"https:\/\/autopdz.com\/ar\/wp-json\/wp\/v2\/comments?post=3127"}],"wp:featuredmedia":[{"embeddable":true,"href":"https:\/\/autopdz.com\/ar\/wp-json\/wp\/v2\/media\/3125"}],"wp:attachment":[{"href":"https:\/\/autopdz.com\/ar\/wp-json\/wp\/v2\/media?parent=3127"}],"wp:term":[{"taxonomy":"product_brand","embeddable":true,"href":"https:\/\/autopdz.com\/ar\/wp-json\/wp\/v2\/product_brand?post=3127"},{"taxonomy":"product_cat","embeddable":true,"href":"https:\/\/autopdz.com\/ar\/wp-json\/wp\/v2\/product_cat?post=3127"},{"taxonomy":"product_tag","embeddable":true,"href":"https:\/\/autopdz.com\/ar\/wp-json\/wp\/v2\/product_tag?post=3127"}],"curies":[{"name":"wp","href":"https:\/\/api.w.org\/{rel}","templated":true}]}}