{"id":31516,"date":"2025-12-24T15:11:27","date_gmt":"2025-12-24T14:11:27","guid":{"rendered":"https:\/\/autopdz.com\/product\/coque-de-cle-telecommande-de-voiture-a-2-boutons-pour-renault-sandero-dacia-logan-lodgy-dokker-duster-2016\/"},"modified":"2025-12-24T15:11:27","modified_gmt":"2025-12-24T14:11:27","slug":"coque-de-cle-telecommande-de-voiture-a-2-boutons-pour-renault-sandero-dacia-logan-lodgy-dokker-duster-2016","status":"publish","type":"product","link":"https:\/\/autopdz.com\/ar\/product\/coque-de-cle-telecommande-de-voiture-a-2-boutons-pour-renault-sandero-dacia-logan-lodgy-dokker-duster-2016\/","title":{"rendered":"Coque de cl\u00e9 t\u00e9l\u00e9commande de voiture \u00e0 2 boutons pour Renault Sandero Dacia Logan Lodgy Dokker Duster 2016"},"content":{"rendered":"","protected":false},"excerpt":{"rendered":"","protected":false},"featured_media":31515,"comment_status":"open","ping_status":"closed","template":"","meta":[],"product_brand":[],"product_cat":[15],"product_tag":[],"class_list":{"0":"post-31516","1":"product","2":"type-product","3":"status-publish","4":"has-post-thumbnail","6":"product_cat-divers","8":"first","9":"instock","10":"shipping-taxable","11":"purchasable","12":"product-type-simple"},"jetpack_sharing_enabled":true,"_links":{"self":[{"href":"https:\/\/autopdz.com\/ar\/wp-json\/wp\/v2\/product\/31516","targetHints":{"allow":["GET"]}}],"collection":[{"href":"https:\/\/autopdz.com\/ar\/wp-json\/wp\/v2\/product"}],"about":[{"href":"https:\/\/autopdz.com\/ar\/wp-json\/wp\/v2\/types\/product"}],"replies":[{"embeddable":true,"href":"https:\/\/autopdz.com\/ar\/wp-json\/wp\/v2\/comments?post=31516"}],"wp:featuredmedia":[{"embeddable":true,"href":"https:\/\/autopdz.com\/ar\/wp-json\/wp\/v2\/media\/31515"}],"wp:attachment":[{"href":"https:\/\/autopdz.com\/ar\/wp-json\/wp\/v2\/media?parent=31516"}],"wp:term":[{"taxonomy":"product_brand","embeddable":true,"href":"https:\/\/autopdz.com\/ar\/wp-json\/wp\/v2\/product_brand?post=31516"},{"taxonomy":"product_cat","embeddable":true,"href":"https:\/\/autopdz.com\/ar\/wp-json\/wp\/v2\/product_cat?post=31516"},{"taxonomy":"product_tag","embeddable":true,"href":"https:\/\/autopdz.com\/ar\/wp-json\/wp\/v2\/product_tag?post=31516"}],"curies":[{"name":"wp","href":"https:\/\/api.w.org\/{rel}","templated":true}]}}