{"id":3154,"date":"2024-07-01T14:01:45","date_gmt":"2024-07-01T13:01:45","guid":{"rendered":"https:\/\/autopdz.com\/product\/poste-radio-bt-avec-support-smart-phone-integre-1-din-radio-fm-sdtf-2-usb-12v\/"},"modified":"2024-11-14T12:04:10","modified_gmt":"2024-11-14T11:04:10","slug":"poste-radio-bt-avec-support-smart-phone-integre-1-din-radio-fm-sdtf-2-usb-12v","status":"publish","type":"product","link":"https:\/\/autopdz.com\/ar\/product\/poste-radio-bt-avec-support-smart-phone-integre-1-din-radio-fm-sdtf-2-usb-12v\/","title":{"rendered":"Poste radio BT Avec Support smart-phone int\u00e9gr\u00e9 1 Din Radio FM ,SD,TF, 2-USB 12V"},"content":{"rendered":"<p>Sp\u00e9cificit\u00e9s<\/p>\n<p>Tension: DC 12V<br \/>\nPuce de d\u00e9codage: TY3510<br \/>\nType d\u2019\u00e9cran: LCD-VA<br \/>\nBande radio: FM<br \/>\nPuce radio: Puce int\u00e9gr\u00e9e<br \/>\nPuissance de sortie: 60W<br \/>\nTemp\u00e9rature de travail:-10 \u2103 ~ 60 \u2103<br \/>\nNom Bluetooth: VOITURE BT<br \/>\nPuce d\u2019amplificateur de puissance: TDA7388<br \/>\nFr\u00e9quence radio: 87.5 ~ 108MHz<br \/>\nCarte TF: grande carte SD<br \/>\nCarte GPS: Pas de soutien<br \/>\nVersion USB: 2.0<br \/>\nChangement de logo de voiture: pas de soutien<br \/>\nFormat audio: MP3\/WMA\/WAV\/FLAC<br \/>\nMot-cl\u00e9 r\u00e9glage d\u2019usine: Pas de support<br \/>\nFormat vid\u00e9o: pas de support<br \/>\nFormat de l\u2019image: pas de support<br \/>\nPort RCA: sortie audio \u00e0 4 canauxListe d\u2019emballage<br \/>\n1 x r\u00e9cepteur st\u00e9r\u00e9o de voiture<br \/>\n1 x T\u00e9l\u00e9commande<br \/>\n2 x c\u00e2bles d\u2019alimentation<br \/>\n1 x Manuel de l\u2019utilisateur<br \/>\n2 x Cl\u00e9<\/p>","protected":false},"excerpt":{"rendered":"<p>Sp\u00e9cificit\u00e9s Tension: DC 12V Puce de d\u00e9codage: TY3510 Type d\u2019\u00e9cran: LCD-VA Bande radio: FM Puce radio: Puce int\u00e9gr\u00e9e Puissance de sortie: 60W Temp\u00e9rature de travail:-10 \u2103 ~ 60 \u2103 Nom Bluetooth: VOITURE BT Puce d\u2019amplificateur de puissance: TDA7388 Fr\u00e9quence radio: 87.5 ~ 108MHz Carte TF: grande carte SD Carte GPS: Pas de soutien Version USB: [&hellip;]<\/p>","protected":false},"featured_media":3145,"comment_status":"open","ping_status":"closed","template":"","meta":[],"product_brand":[],"product_cat":[24],"product_tag":[],"class_list":{"0":"post-3154","1":"product","2":"type-product","3":"status-publish","4":"has-post-thumbnail","6":"product_cat-accessoires-interieur","8":"first","9":"instock","10":"sale","11":"shipping-taxable","12":"purchasable","13":"product-type-simple"},"jetpack_sharing_enabled":true,"_links":{"self":[{"href":"https:\/\/autopdz.com\/ar\/wp-json\/wp\/v2\/product\/3154","targetHints":{"allow":["GET"]}}],"collection":[{"href":"https:\/\/autopdz.com\/ar\/wp-json\/wp\/v2\/product"}],"about":[{"href":"https:\/\/autopdz.com\/ar\/wp-json\/wp\/v2\/types\/product"}],"replies":[{"embeddable":true,"href":"https:\/\/autopdz.com\/ar\/wp-json\/wp\/v2\/comments?post=3154"}],"wp:featuredmedia":[{"embeddable":true,"href":"https:\/\/autopdz.com\/ar\/wp-json\/wp\/v2\/media\/3145"}],"wp:attachment":[{"href":"https:\/\/autopdz.com\/ar\/wp-json\/wp\/v2\/media?parent=3154"}],"wp:term":[{"taxonomy":"product_brand","embeddable":true,"href":"https:\/\/autopdz.com\/ar\/wp-json\/wp\/v2\/product_brand?post=3154"},{"taxonomy":"product_cat","embeddable":true,"href":"https:\/\/autopdz.com\/ar\/wp-json\/wp\/v2\/product_cat?post=3154"},{"taxonomy":"product_tag","embeddable":true,"href":"https:\/\/autopdz.com\/ar\/wp-json\/wp\/v2\/product_tag?post=3154"}],"curies":[{"name":"wp","href":"https:\/\/api.w.org\/{rel}","templated":true}]}}