{"id":31599,"date":"2025-12-25T12:52:46","date_gmt":"2025-12-25T11:52:46","guid":{"rendered":"https:\/\/autopdz.com\/product\/kit-de-reparation-de-pneus-avec-liquide-pool-line\/"},"modified":"2026-04-04T05:54:04","modified_gmt":"2026-04-04T04:54:04","slug":"kit-de-reparation-de-pneus-avec-liquide-pool-line","status":"publish","type":"product","link":"https:\/\/autopdz.com\/ar\/product\/kit-de-reparation-de-pneus-avec-liquide-pool-line\/","title":{"rendered":"Kit de r\u00e9paration de pneus avec liquide  Pool-Line"},"content":{"rendered":"<p>Con\u00e7u pour la r\u00e9paration des crevaisons de pneus.<br \/>\nTemps de r\u00e9paration estim\u00e9 \u00e0 8 minutes.<br \/>\nTemps de scellage estim\u00e9 \u00e0 15 minutes.<\/p>","protected":false},"excerpt":{"rendered":"<p>Con\u00e7u pour la r\u00e9paration des crevaisons de pneus. Temps de r\u00e9paration estim\u00e9 \u00e0 8 minutes. Temps de scellage estim\u00e9 \u00e0 15 minutes.<\/p>","protected":false},"featured_media":31594,"comment_status":"open","ping_status":"closed","template":"","meta":[],"product_brand":[],"product_cat":[26],"product_tag":[],"class_list":{"0":"post-31599","1":"product","2":"type-product","3":"status-publish","4":"has-post-thumbnail","6":"product_cat-accessoires-exterieur","8":"first","9":"instock","10":"sale","11":"shipping-taxable","12":"purchasable","13":"product-type-simple"},"jetpack_sharing_enabled":true,"_links":{"self":[{"href":"https:\/\/autopdz.com\/ar\/wp-json\/wp\/v2\/product\/31599","targetHints":{"allow":["GET"]}}],"collection":[{"href":"https:\/\/autopdz.com\/ar\/wp-json\/wp\/v2\/product"}],"about":[{"href":"https:\/\/autopdz.com\/ar\/wp-json\/wp\/v2\/types\/product"}],"replies":[{"embeddable":true,"href":"https:\/\/autopdz.com\/ar\/wp-json\/wp\/v2\/comments?post=31599"}],"wp:featuredmedia":[{"embeddable":true,"href":"https:\/\/autopdz.com\/ar\/wp-json\/wp\/v2\/media\/31594"}],"wp:attachment":[{"href":"https:\/\/autopdz.com\/ar\/wp-json\/wp\/v2\/media?parent=31599"}],"wp:term":[{"taxonomy":"product_brand","embeddable":true,"href":"https:\/\/autopdz.com\/ar\/wp-json\/wp\/v2\/product_brand?post=31599"},{"taxonomy":"product_cat","embeddable":true,"href":"https:\/\/autopdz.com\/ar\/wp-json\/wp\/v2\/product_cat?post=31599"},{"taxonomy":"product_tag","embeddable":true,"href":"https:\/\/autopdz.com\/ar\/wp-json\/wp\/v2\/product_tag?post=31599"}],"curies":[{"name":"wp","href":"https:\/\/api.w.org\/{rel}","templated":true}]}}