{"id":3187,"date":"2024-07-02T11:20:36","date_gmt":"2024-07-02T10:20:36","guid":{"rendered":"https:\/\/autopdz.com\/product\/support-de-telephone-ventouse-rotatif-360\/"},"modified":"2024-07-21T18:54:07","modified_gmt":"2024-07-21T17:54:07","slug":"support-de-telephone-ventouse-rotatif-360","status":"publish","type":"product","link":"https:\/\/autopdz.com\/ar\/product\/support-de-telephone-ventouse-rotatif-360\/","title":{"rendered":"Support de t\u00e9l\u00e9phone ventouse rotatif 360\u00b0"},"content":{"rendered":"<p>Description<br \/>\nSUPPORT DE T\u00c9L\u00c9PHONE CELLULAIRE SUCE TABLEAU DE BORD EN VERRE HAUTE GAMME.<\/p>\n<p>* Rotation r\u00e9glable \u00e0 360 degr\u00e9s sur le t\u00e9l\u00e9phone portable de la voiture<br \/>\n* Ventouse de 65 mm avec une forte puissance d&rsquo;aspiration, pour pare-brise de voiture ou<br \/>\n* Toute surface lisse<br \/>\n* Support de conception \u00e0 lib\u00e9ration unique, peut \u00eatre utilis\u00e9 d&rsquo;une seule main,<br \/>\nen toute s\u00e9curit\u00e9 pendant la conduite<br \/>\n* Rotule \u00e0 rotation de 360 degr\u00e9s<br \/>\n* Compatible pour les smartphones universels 3,5-6 pouces<br \/>\n* Produit \u00e9cologique, mati\u00e8re premi\u00e8re conforme \u00e0 la norme RoHs<\/p>\n<p>***Mouillez la ventouse du support et nettoyez la base \u00e0 installer, puis abaissez le levier Pour que la ventouse aspire, lorsque vous enlevez-le, rappelez-vous que vous devez le retirer de la languette en caoutchouc qui a la base, afin de ne pas casser la base ***<\/p>","protected":false},"excerpt":{"rendered":"<p>Description SUPPORT DE T\u00c9L\u00c9PHONE CELLULAIRE SUCE TABLEAU DE BORD EN VERRE HAUTE GAMME. * Rotation r\u00e9glable \u00e0 360 degr\u00e9s sur le t\u00e9l\u00e9phone portable de la voiture * Ventouse de 65 mm avec une forte puissance d&rsquo;aspiration, pour pare-brise de voiture ou * Toute surface lisse * Support de conception \u00e0 lib\u00e9ration unique, peut \u00eatre utilis\u00e9 [&hellip;]<\/p>","protected":false},"featured_media":3184,"comment_status":"open","ping_status":"closed","template":"","meta":[],"product_brand":[],"product_cat":[38],"product_tag":[],"class_list":{"0":"post-3187","1":"product","2":"type-product","3":"status-publish","4":"has-post-thumbnail","6":"product_cat-support-telephone","8":"first","9":"instock","10":"sale","11":"shipping-taxable","12":"purchasable","13":"product-type-simple"},"jetpack_sharing_enabled":true,"_links":{"self":[{"href":"https:\/\/autopdz.com\/ar\/wp-json\/wp\/v2\/product\/3187","targetHints":{"allow":["GET"]}}],"collection":[{"href":"https:\/\/autopdz.com\/ar\/wp-json\/wp\/v2\/product"}],"about":[{"href":"https:\/\/autopdz.com\/ar\/wp-json\/wp\/v2\/types\/product"}],"replies":[{"embeddable":true,"href":"https:\/\/autopdz.com\/ar\/wp-json\/wp\/v2\/comments?post=3187"}],"wp:featuredmedia":[{"embeddable":true,"href":"https:\/\/autopdz.com\/ar\/wp-json\/wp\/v2\/media\/3184"}],"wp:attachment":[{"href":"https:\/\/autopdz.com\/ar\/wp-json\/wp\/v2\/media?parent=3187"}],"wp:term":[{"taxonomy":"product_brand","embeddable":true,"href":"https:\/\/autopdz.com\/ar\/wp-json\/wp\/v2\/product_brand?post=3187"},{"taxonomy":"product_cat","embeddable":true,"href":"https:\/\/autopdz.com\/ar\/wp-json\/wp\/v2\/product_cat?post=3187"},{"taxonomy":"product_tag","embeddable":true,"href":"https:\/\/autopdz.com\/ar\/wp-json\/wp\/v2\/product_tag?post=3187"}],"curies":[{"name":"wp","href":"https:\/\/api.w.org\/{rel}","templated":true}]}}