{"id":31991,"date":"2025-12-30T13:00:30","date_gmt":"2025-12-30T12:00:30","guid":{"rendered":"https:\/\/autopdz.com\/product\/booster-batterie-et-compresseur-multifonctions-4en1-8000mah\/"},"modified":"2025-12-30T13:00:30","modified_gmt":"2025-12-30T12:00:30","slug":"booster-batterie-et-compresseur-multifonctions-4en1-8000mah","status":"publish","type":"product","link":"https:\/\/autopdz.com\/ar\/product\/booster-batterie-et-compresseur-multifonctions-4en1-8000mah\/","title":{"rendered":"Booster batterie et compresseur multifonctions 4en1 8000mAh"},"content":{"rendered":"<p>Instructions :<\/p>\n<p>\u00c9tape 1 : Branchez le cordon d&rsquo;alimentation sur la prise de d\u00e9marrage 12 V du v\u00e9hicule.<\/p>\n<p>\u00c9tape 2 : Connectez la pince ROUGE \u00e0 la borne positive (+) de la batterie du v\u00e9hicule et la pince NOIRE \u00e0 la borne n\u00e9gative (+) de la batterie du v\u00e9hicule. La connexion est \u00e9tablie lorsque le voyant devient vert.<\/p>\n<p>\u00c9tape 3 : D\u00e9marrez le v\u00e9hicule.<\/p>\n<p>\u00c9tape 4 : D\u00e9branchez le cordon d&rsquo;alimentation du d\u00e9marreur.<\/p>\n<p>\u00c9tape 5 : Retirez les pinces de d\u00e9marrage.<\/p>\n<p>Remarque :<\/p>\n<p>1. Avant de d\u00e9marrer la voiture, assurez-vous que la charge restante du produit est sup\u00e9rieure \u00e0 75 %.<\/p>\n<p>2. Si un deuxi\u00e8me d\u00e9marrage est n\u00e9cessaire, attendez 120 secondes.<\/p>\n<p>3. Ne connectez jamais les pinces rouges avec les noires.<\/p>\n<p>4. Retirez les pinces de d\u00e9marrage de la batterie du v\u00e9hicule dans les 30 secondes suivant le d\u00e9marrage du moteur.<\/p>","protected":false},"excerpt":{"rendered":"<p>Instructions : \u00c9tape 1 : Branchez le cordon d&rsquo;alimentation sur la prise de d\u00e9marrage 12 V du v\u00e9hicule. \u00c9tape 2 : Connectez la pince ROUGE \u00e0 la borne positive (+) de la batterie du v\u00e9hicule et la pince NOIRE \u00e0 la borne n\u00e9gative (+) de la batterie du v\u00e9hicule. La connexion est \u00e9tablie lorsque le [&hellip;]<\/p>","protected":false},"featured_media":31984,"comment_status":"open","ping_status":"closed","template":"","meta":[],"product_brand":[],"product_cat":[15],"product_tag":[],"class_list":{"0":"post-31991","1":"product","2":"type-product","3":"status-publish","4":"has-post-thumbnail","6":"product_cat-divers","8":"first","9":"instock","10":"shipping-taxable","11":"purchasable","12":"product-type-simple"},"jetpack_sharing_enabled":true,"_links":{"self":[{"href":"https:\/\/autopdz.com\/ar\/wp-json\/wp\/v2\/product\/31991","targetHints":{"allow":["GET"]}}],"collection":[{"href":"https:\/\/autopdz.com\/ar\/wp-json\/wp\/v2\/product"}],"about":[{"href":"https:\/\/autopdz.com\/ar\/wp-json\/wp\/v2\/types\/product"}],"replies":[{"embeddable":true,"href":"https:\/\/autopdz.com\/ar\/wp-json\/wp\/v2\/comments?post=31991"}],"wp:featuredmedia":[{"embeddable":true,"href":"https:\/\/autopdz.com\/ar\/wp-json\/wp\/v2\/media\/31984"}],"wp:attachment":[{"href":"https:\/\/autopdz.com\/ar\/wp-json\/wp\/v2\/media?parent=31991"}],"wp:term":[{"taxonomy":"product_brand","embeddable":true,"href":"https:\/\/autopdz.com\/ar\/wp-json\/wp\/v2\/product_brand?post=31991"},{"taxonomy":"product_cat","embeddable":true,"href":"https:\/\/autopdz.com\/ar\/wp-json\/wp\/v2\/product_cat?post=31991"},{"taxonomy":"product_tag","embeddable":true,"href":"https:\/\/autopdz.com\/ar\/wp-json\/wp\/v2\/product_tag?post=31991"}],"curies":[{"name":"wp","href":"https:\/\/api.w.org\/{rel}","templated":true}]}}