{"id":32146,"date":"2026-01-01T12:42:02","date_gmt":"2026-01-01T11:42:02","guid":{"rendered":"https:\/\/autopdz.com\/product\/led-camping-car-interieur-3-mode-1pcs\/"},"modified":"2026-01-01T12:42:02","modified_gmt":"2026-01-01T11:42:02","slug":"led-camping-car-interieur-3-mode-1pcs","status":"publish","type":"product","link":"https:\/\/autopdz.com\/ar\/product\/led-camping-car-interieur-3-mode-1pcs\/","title":{"rendered":"Led camping car interieur 3 mode 1Pcs"},"content":{"rendered":"<p>266x12mm,<\/p>\n<p>Introduction :<\/p>\n<p>Tension d&rsquo;entr\u00e9e : CC 12 V-24 V<\/p>\n<p>Nombre de LED : 120<\/p>\n<p>Contr\u00f4le de gradation bicolore en continu<\/p>\n<p>Puissance : 10 W<\/p>\n<p>Type de LED : SMD2835<\/p>\n<p>Dur\u00e9e de vie : 50 000 heures<\/p>","protected":false},"excerpt":{"rendered":"<p>266x12mm, Introduction : Tension d&rsquo;entr\u00e9e : CC 12 V-24 V Nombre de LED : 120 Contr\u00f4le de gradation bicolore en continu Puissance : 10 W Type de LED : SMD2835 Dur\u00e9e de vie : 50 000 heures<\/p>","protected":false},"featured_media":32143,"comment_status":"open","ping_status":"closed","template":"","meta":[],"product_brand":[],"product_cat":[23],"product_tag":[],"class_list":{"0":"post-32146","1":"product","2":"type-product","3":"status-publish","4":"has-post-thumbnail","6":"product_cat-eclairage","8":"first","9":"instock","10":"shipping-taxable","11":"purchasable","12":"product-type-simple"},"jetpack_sharing_enabled":true,"_links":{"self":[{"href":"https:\/\/autopdz.com\/ar\/wp-json\/wp\/v2\/product\/32146","targetHints":{"allow":["GET"]}}],"collection":[{"href":"https:\/\/autopdz.com\/ar\/wp-json\/wp\/v2\/product"}],"about":[{"href":"https:\/\/autopdz.com\/ar\/wp-json\/wp\/v2\/types\/product"}],"replies":[{"embeddable":true,"href":"https:\/\/autopdz.com\/ar\/wp-json\/wp\/v2\/comments?post=32146"}],"wp:featuredmedia":[{"embeddable":true,"href":"https:\/\/autopdz.com\/ar\/wp-json\/wp\/v2\/media\/32143"}],"wp:attachment":[{"href":"https:\/\/autopdz.com\/ar\/wp-json\/wp\/v2\/media?parent=32146"}],"wp:term":[{"taxonomy":"product_brand","embeddable":true,"href":"https:\/\/autopdz.com\/ar\/wp-json\/wp\/v2\/product_brand?post=32146"},{"taxonomy":"product_cat","embeddable":true,"href":"https:\/\/autopdz.com\/ar\/wp-json\/wp\/v2\/product_cat?post=32146"},{"taxonomy":"product_tag","embeddable":true,"href":"https:\/\/autopdz.com\/ar\/wp-json\/wp\/v2\/product_tag?post=32146"}],"curies":[{"name":"wp","href":"https:\/\/api.w.org\/{rel}","templated":true}]}}