{"id":33006,"date":"2026-01-17T14:44:32","date_gmt":"2026-01-17T13:44:32","guid":{"rendered":"https:\/\/autopdz.com\/product\/poste-lecteur-mp3-intelligent-simple-din\/"},"modified":"2026-01-17T14:44:32","modified_gmt":"2026-01-17T13:44:32","slug":"poste-lecteur-mp3-intelligent-simple-din","status":"publish","type":"product","link":"https:\/\/autopdz.com\/ar\/product\/poste-lecteur-mp3-intelligent-simple-din\/","title":{"rendered":"Poste Lecteur MP3 intelligent simple DIN"},"content":{"rendered":"<p>Pr\u00e9sentation des fonctions<\/p>\n<p>1. Connexion 1.BT : Dot\u00e9 d&rsquo;un module Bluetooth int\u00e9gr\u00e9 compatible Bluetooth 6.0, il peut se connecter de mani\u00e8re stable aux t\u00e9l\u00e9phones portables ou autres appareils Bluetooth, permettant la lecture A2DP pour une \u00e9coute musicale de haute qualit\u00e9.<\/p>\n<p>2. Radio 2.FM : \u00c9quip\u00e9 d&rsquo;un module radio FM externe haute performance, il prend en charge la recherche automatique des stations et le r\u00e9glage manuel, offrant une exp\u00e9rience d&rsquo;\u00e9coute radio claire.<\/p>\n<p>3. R\u00e9glage de l&rsquo;\u00e9galiseur : Il dispose d&rsquo;une fonction de r\u00e9glage de l&rsquo;\u00e9galiseur (\u00e9galiseur) \u00e0 15 segments. Les utilisateurs peuvent personnaliser les effets audio pour un plaisir d&rsquo;\u00e9coute optimal.<\/p>\n<p>4. Appels Bluetooth haute d\u00e9finition : Prend en charge les appels Bluetooth haute d\u00e9finition, permettant aux conducteurs de r\u00e9pondre aux appels en toute s\u00e9curit\u00e9 au volant.<\/p>\n<p>5. Extension de disque USB et de carte : Fournit des interfaces USB et carte, prenant en charge plusieurs formats audio pour \u00e9tendre le stockage et lire plus de musique.<\/p>\n<p>6. Fonction d&rsquo;\u00e9clairage couleur : Dispose d&rsquo;une lumi\u00e8re LED int\u00e9gr\u00e9e \u00e0 7 couleurs qui change au rythme de la musique ou selon les param\u00e8tres de l&rsquo;utilisateur, ajoutant du plaisir \u00e0 l&rsquo;environnement de conduite<\/p>\n<p>7. \u00c9cran tactile Incell : \u00c9quip\u00e9 d&rsquo;un \u00e9cran tactile TFT pour un affichage clair et une utilisation facile. Les utilisateurs peuvent consulter l&rsquo;\u00e9tat de la lecture, la liste des chansons, les paroles, etc.<\/p>\n<p>8. Fonction tactile : Prend en charge les commandes tactiles pour faciliter le changement de chanson, le r\u00e9glage du volume et de l&rsquo;\u00e9galiseur, am\u00e9liorant ainsi l&rsquo;exp\u00e9rience utilisateur.<\/p>","protected":false},"excerpt":{"rendered":"<p>Pr\u00e9sentation des fonctions 1. Connexion 1.BT : Dot\u00e9 d&rsquo;un module Bluetooth int\u00e9gr\u00e9 compatible Bluetooth 6.0, il peut se connecter de mani\u00e8re stable aux t\u00e9l\u00e9phones portables ou autres appareils Bluetooth, permettant la lecture A2DP pour une \u00e9coute musicale de haute qualit\u00e9. 2. Radio 2.FM : \u00c9quip\u00e9 d&rsquo;un module radio FM externe haute performance, il prend en [&hellip;]<\/p>","protected":false},"featured_media":33005,"comment_status":"open","ping_status":"closed","template":"","meta":[],"product_brand":[],"product_cat":[24],"product_tag":[],"class_list":{"0":"post-33006","1":"product","2":"type-product","3":"status-publish","4":"has-post-thumbnail","6":"product_cat-accessoires-interieur","8":"first","9":"instock","10":"shipping-taxable","11":"purchasable","12":"product-type-simple"},"jetpack_sharing_enabled":true,"_links":{"self":[{"href":"https:\/\/autopdz.com\/ar\/wp-json\/wp\/v2\/product\/33006","targetHints":{"allow":["GET"]}}],"collection":[{"href":"https:\/\/autopdz.com\/ar\/wp-json\/wp\/v2\/product"}],"about":[{"href":"https:\/\/autopdz.com\/ar\/wp-json\/wp\/v2\/types\/product"}],"replies":[{"embeddable":true,"href":"https:\/\/autopdz.com\/ar\/wp-json\/wp\/v2\/comments?post=33006"}],"wp:featuredmedia":[{"embeddable":true,"href":"https:\/\/autopdz.com\/ar\/wp-json\/wp\/v2\/media\/33005"}],"wp:attachment":[{"href":"https:\/\/autopdz.com\/ar\/wp-json\/wp\/v2\/media?parent=33006"}],"wp:term":[{"taxonomy":"product_brand","embeddable":true,"href":"https:\/\/autopdz.com\/ar\/wp-json\/wp\/v2\/product_brand?post=33006"},{"taxonomy":"product_cat","embeddable":true,"href":"https:\/\/autopdz.com\/ar\/wp-json\/wp\/v2\/product_cat?post=33006"},{"taxonomy":"product_tag","embeddable":true,"href":"https:\/\/autopdz.com\/ar\/wp-json\/wp\/v2\/product_tag?post=33006"}],"curies":[{"name":"wp","href":"https:\/\/api.w.org\/{rel}","templated":true}]}}