{"id":3471,"date":"2024-07-11T12:16:35","date_gmt":"2024-07-11T11:16:35","guid":{"rendered":"https:\/\/autopdz.com\/product\/camera-de-recul-universelle-pour-voiture\/"},"modified":"2024-07-11T12:16:35","modified_gmt":"2024-07-11T11:16:35","slug":"camera-de-recul-universelle-pour-voiture","status":"publish","type":"product","link":"https:\/\/autopdz.com\/ar\/product\/camera-de-recul-universelle-pour-voiture\/","title":{"rendered":"Cam\u00e9ra de recul universelle pour voiture"},"content":{"rendered":"<p>Caract\u00e9ristiques:<\/p>\n<p>C&rsquo;est une cam\u00e9ra de vision nocturne, vous pouvez facilement obtenir une situation claire de la vue arri\u00e8re des voitures.<\/p>\n<p>R\u00e9sistant aux intemp\u00e9ries, peut \u00eatre utilis\u00e9 aussi bien en cara<\/p>\n<p>Capteur d&rsquo;imagerie CCD<\/p>\n<p>Prise en charge du syst\u00e8me vid\u00e9o NTSC<\/p>\n<p>Haute d\u00e9finition et grand angle de vision<\/p>\n<p>Applicable \u00e0 une vari\u00e9t\u00e9 de v\u00e9hicules : voiture, camion, camping-car, mini-fourgonnette, etc.<\/p>\n<p>Facile \u00e0 installer, vous pouvez installer le moniteur via un support de montage ou un support universel<\/p>\n<p>Peut aider \u00e0 \u00e9viter les incidents et les accidents.<\/p>\n<p>Aide \u00e0 pr\u00e9venir les accidents et l&rsquo;usure accidentelle. je<\/p>\n<p>Lumi\u00e8re ultra faible 0,5 Lc, vision nocturne claire.<\/p>\n<p>Sp\u00e9cification:<\/p>\n<p>Zone du capteur : 5,96 x 4,28 mm<\/p>\n<p>\u0623\u0636\u0641 \u0644\u0644\u0633\u0644\u0629<\/p>\n<p>Choix<\/p>","protected":false},"excerpt":{"rendered":"<p>Caract\u00e9ristiques: C&rsquo;est une cam\u00e9ra de vision nocturne, vous pouvez facilement obtenir une situation claire de la vue arri\u00e8re des voitures. R\u00e9sistant aux intemp\u00e9ries, peut \u00eatre utilis\u00e9 aussi bien en cara Capteur d&rsquo;imagerie CCD Prise en charge du syst\u00e8me vid\u00e9o NTSC Haute d\u00e9finition et grand angle de vision Applicable \u00e0 une vari\u00e9t\u00e9 de v\u00e9hicules : voiture, [&hellip;]<\/p>","protected":false},"featured_media":3470,"comment_status":"open","ping_status":"closed","template":"","meta":[],"product_brand":[],"product_cat":[26],"product_tag":[],"class_list":{"0":"post-3471","1":"product","2":"type-product","3":"status-publish","4":"has-post-thumbnail","6":"product_cat-accessoires-exterieur","8":"first","9":"instock","10":"shipping-taxable","11":"purchasable","12":"product-type-simple"},"jetpack_sharing_enabled":true,"_links":{"self":[{"href":"https:\/\/autopdz.com\/ar\/wp-json\/wp\/v2\/product\/3471","targetHints":{"allow":["GET"]}}],"collection":[{"href":"https:\/\/autopdz.com\/ar\/wp-json\/wp\/v2\/product"}],"about":[{"href":"https:\/\/autopdz.com\/ar\/wp-json\/wp\/v2\/types\/product"}],"replies":[{"embeddable":true,"href":"https:\/\/autopdz.com\/ar\/wp-json\/wp\/v2\/comments?post=3471"}],"wp:featuredmedia":[{"embeddable":true,"href":"https:\/\/autopdz.com\/ar\/wp-json\/wp\/v2\/media\/3470"}],"wp:attachment":[{"href":"https:\/\/autopdz.com\/ar\/wp-json\/wp\/v2\/media?parent=3471"}],"wp:term":[{"taxonomy":"product_brand","embeddable":true,"href":"https:\/\/autopdz.com\/ar\/wp-json\/wp\/v2\/product_brand?post=3471"},{"taxonomy":"product_cat","embeddable":true,"href":"https:\/\/autopdz.com\/ar\/wp-json\/wp\/v2\/product_cat?post=3471"},{"taxonomy":"product_tag","embeddable":true,"href":"https:\/\/autopdz.com\/ar\/wp-json\/wp\/v2\/product_tag?post=3471"}],"curies":[{"name":"wp","href":"https:\/\/api.w.org\/{rel}","templated":true}]}}