{"id":3479,"date":"2024-07-11T12:25:59","date_gmt":"2024-07-11T11:25:59","guid":{"rendered":"https:\/\/autopdz.com\/product\/pommeau-de-levier-de-vitesse-universel-en-aluminium-5-vitesses\/"},"modified":"2025-11-09T16:15:37","modified_gmt":"2025-11-09T15:15:37","slug":"pommeau-de-levier-de-vitesse-universel-en-aluminium-5-vitesses","status":"publish","type":"product","link":"https:\/\/autopdz.com\/ar\/product\/pommeau-de-levier-de-vitesse-universel-en-aluminium-5-vitesses\/","title":{"rendered":"Pommeau de levier de vitesse universel en aluminium 5 vitesses"},"content":{"rendered":"<p>l&rsquo;ajustement est \u00e9lev\u00e9 et il s&rsquo;adapte parfaitement \u00e0 votre levier de vitesses.<br \/>\nAvec un design \u00e9l\u00e9gant et unique et une personnalit\u00e9 cool, il am\u00e9liore l&rsquo;int\u00e9rieur du v\u00e9hicule, am\u00e9liore l&rsquo;exp\u00e9rience de conduite et permet des changements de vitesse plus rapides et plus fluides.<br \/>\nFabriqu\u00e9 en cuir v\u00e9ritable et en alliage d&rsquo;aluminium (base), il a une forme en nid d&rsquo;abeille et pr\u00e9sente les avantages d&rsquo;une bonne \u00e9tanch\u00e9it\u00e9 et respirabilit\u00e9, offrant un excellent toucher doux.<\/p>\n<p>Description du produit :<br \/>\nTrou de montage inf\u00e9rieur : 16 mm (0,63&Prime;)<br \/>\nTaille de l&rsquo;adaptateur : 8 mm, 10 mm, 11 mm, 12 mm<br \/>\nMat\u00e9riau : cuir, alliage d&rsquo;aluminium<br \/>\nCouleur : comme indiqu\u00e9 sur l&rsquo;image<\/p>\n<p>\u00c9tapes d&rsquo;installation :<br \/>\n1. Retirez la t\u00eate d&rsquo;engrenage de la voiture.<br \/>\n2. Retirez le manchon inf\u00e9rieur en alliage d&rsquo;aluminium de cette t\u00eate d&rsquo;engrenage et placez-le d&rsquo;abord dans le levier de vitesse al.<br \/>\n3. Le manchon en caoutchouc est adapt\u00e9 \u00e0 la taille du levier de vitesses.<br \/>\n4. Tournez le manchon en caoutchouc dans le levier de vitesses et serrez les vis.<br \/>\n5. Placez la t\u00eate d&rsquo;engrenage directement dans le levier de vitesses, puis vissez l&rsquo;alliage d&rsquo;aluminium qui a \u00e9t\u00e9 charg\u00e9 dans le bas de la t\u00eate d&rsquo;engrenage.<\/p>\n<p>Le forfait comprend :<br \/>\n1 * pommeau de levier de vitesse, 1 * cl\u00e9, 4 * vis, 4 * adaptateur, 100 % neuf.<\/p>","protected":false},"excerpt":{"rendered":"<p>l&rsquo;ajustement est \u00e9lev\u00e9 et il s&rsquo;adapte parfaitement \u00e0 votre levier de vitesses. Avec un design \u00e9l\u00e9gant et unique et une personnalit\u00e9 cool, il am\u00e9liore l&rsquo;int\u00e9rieur du v\u00e9hicule, am\u00e9liore l&rsquo;exp\u00e9rience de conduite et permet des changements de vitesse plus rapides et plus fluides. Fabriqu\u00e9 en cuir v\u00e9ritable et en alliage d&rsquo;aluminium (base), il a une forme [&hellip;]<\/p>","protected":false},"featured_media":3472,"comment_status":"open","ping_status":"closed","template":"","meta":[],"product_brand":[],"product_cat":[24],"product_tag":[],"class_list":{"0":"post-3479","1":"product","2":"type-product","3":"status-publish","4":"has-post-thumbnail","6":"product_cat-accessoires-interieur","8":"first","9":"outofstock","10":"shipping-taxable","11":"purchasable","12":"product-type-simple"},"jetpack_sharing_enabled":true,"_links":{"self":[{"href":"https:\/\/autopdz.com\/ar\/wp-json\/wp\/v2\/product\/3479","targetHints":{"allow":["GET"]}}],"collection":[{"href":"https:\/\/autopdz.com\/ar\/wp-json\/wp\/v2\/product"}],"about":[{"href":"https:\/\/autopdz.com\/ar\/wp-json\/wp\/v2\/types\/product"}],"replies":[{"embeddable":true,"href":"https:\/\/autopdz.com\/ar\/wp-json\/wp\/v2\/comments?post=3479"}],"wp:featuredmedia":[{"embeddable":true,"href":"https:\/\/autopdz.com\/ar\/wp-json\/wp\/v2\/media\/3472"}],"wp:attachment":[{"href":"https:\/\/autopdz.com\/ar\/wp-json\/wp\/v2\/media?parent=3479"}],"wp:term":[{"taxonomy":"product_brand","embeddable":true,"href":"https:\/\/autopdz.com\/ar\/wp-json\/wp\/v2\/product_brand?post=3479"},{"taxonomy":"product_cat","embeddable":true,"href":"https:\/\/autopdz.com\/ar\/wp-json\/wp\/v2\/product_cat?post=3479"},{"taxonomy":"product_tag","embeddable":true,"href":"https:\/\/autopdz.com\/ar\/wp-json\/wp\/v2\/product_tag?post=3479"}],"curies":[{"name":"wp","href":"https:\/\/api.w.org\/{rel}","templated":true}]}}