{"id":3509,"date":"2024-07-11T15:13:32","date_gmt":"2024-07-11T14:13:32","guid":{"rendered":"https:\/\/autopdz.com\/product\/feu-arriere-dynamique-de-voiture-style-f1-de-freinage-et-de-recul\/"},"modified":"2026-04-23T17:38:14","modified_gmt":"2026-04-23T16:38:14","slug":"feu-arriere-dynamique-de-voiture-style-f1-de-freinage-et-de-recul","status":"publish","type":"product","link":"https:\/\/autopdz.com\/ar\/product\/feu-arriere-dynamique-de-voiture-style-f1-de-freinage-et-de-recul\/","title":{"rendered":"Feu arri\u00e8re dynamique de voiture Style F1, de freinage et de recul"},"content":{"rendered":"<p>Mat\u00e9riel:ABS<br \/>\nClasse de protection : IP67<br \/>\nPerles de lampe : 19 LED + coupelle r\u00e9flectrice concentr\u00e9e<br \/>\nEmplacement d\u2019installation: plaque de protection inf\u00e9rieure arri\u00e8re<br \/>\nCouleur de la coque : blanc, noir, rouge<br \/>\nMod\u00e8les applicables: universel<br \/>\nCourant : 0,3 (A)<br \/>\nTension : 12(V)<br \/>\nPuissance : 2 (W)<br \/>\nDur\u00e9e de vie : 50 000+ (heures)<br \/>\nFlux lumineux : 1000<br \/>\nNum\u00e9ro de marchandise : T\u00e9moin lumineux triangulaire<br \/>\nFonctionnalit\u00e9:<\/p>\n<p>1. Design triangulaire attrayant et support r\u00e9glable qui s\u2019adapte \u00e0 l\u2019arri\u00e8re de votre pare-chocs.<br \/>\n2. Ces feux stop suppl\u00e9mentaires am\u00e9liorent la s\u00e9curit\u00e9 pendant la conduite et permettent \u00e0 votre v\u00e9hicule d\u2019\u00eatre vu plus rapidement lorsque vous freinez.<br \/>\n3. Am\u00e9liore consid\u00e9rablement le temps de r\u00e9action des automobilistes venant en sens inverse et r\u00e9duit le risque que la circulation derri\u00e8re vous vous heurte<br \/>\n4. Les LED lumineuses consomment beaucoup moins d\u2019\u00e9nergie qu\u2019une ampoule standard tout en conservant un rendement lumineux optimal.<br \/>\n5. Am\u00e9liorez la s\u00e9curit\u00e9 avec une LED clignotante. LED de haute qualit\u00e9, durable et tr\u00e8s lumineuse. Tous les c\u00e2bles sont pr\u00e9assembl\u00e9s pour une installation facile.<br \/>\nEmballage inclus:<\/p>\n<p>1 pi\u00e8ce x feu stop arri\u00e8re de voiture + support + ruban adh\u00e9sif double face<\/p>","protected":false},"excerpt":{"rendered":"<p>Mat\u00e9riel:ABS Classe de protection : IP67 Perles de lampe : 19 LED + coupelle r\u00e9flectrice concentr\u00e9e Emplacement d\u2019installation: plaque de protection inf\u00e9rieure arri\u00e8re Couleur de la coque : blanc, noir, rouge Mod\u00e8les applicables: universel Courant : 0,3 (A) Tension : 12(V) Puissance : 2 (W) Dur\u00e9e de vie : 50 000+ (heures) Flux lumineux : [&hellip;]<\/p>","protected":false},"featured_media":3501,"comment_status":"open","ping_status":"closed","template":"","meta":[],"product_brand":[],"product_cat":[23],"product_tag":[],"class_list":{"0":"post-3509","1":"product","2":"type-product","3":"status-publish","4":"has-post-thumbnail","6":"product_cat-eclairage","8":"first","9":"instock","10":"sale","11":"shipping-taxable","12":"purchasable","13":"product-type-simple"},"jetpack_sharing_enabled":true,"_links":{"self":[{"href":"https:\/\/autopdz.com\/ar\/wp-json\/wp\/v2\/product\/3509","targetHints":{"allow":["GET"]}}],"collection":[{"href":"https:\/\/autopdz.com\/ar\/wp-json\/wp\/v2\/product"}],"about":[{"href":"https:\/\/autopdz.com\/ar\/wp-json\/wp\/v2\/types\/product"}],"replies":[{"embeddable":true,"href":"https:\/\/autopdz.com\/ar\/wp-json\/wp\/v2\/comments?post=3509"}],"wp:featuredmedia":[{"embeddable":true,"href":"https:\/\/autopdz.com\/ar\/wp-json\/wp\/v2\/media\/3501"}],"wp:attachment":[{"href":"https:\/\/autopdz.com\/ar\/wp-json\/wp\/v2\/media?parent=3509"}],"wp:term":[{"taxonomy":"product_brand","embeddable":true,"href":"https:\/\/autopdz.com\/ar\/wp-json\/wp\/v2\/product_brand?post=3509"},{"taxonomy":"product_cat","embeddable":true,"href":"https:\/\/autopdz.com\/ar\/wp-json\/wp\/v2\/product_cat?post=3509"},{"taxonomy":"product_tag","embeddable":true,"href":"https:\/\/autopdz.com\/ar\/wp-json\/wp\/v2\/product_tag?post=3509"}],"curies":[{"name":"wp","href":"https:\/\/api.w.org\/{rel}","templated":true}]}}