{"id":3515,"date":"2024-07-11T15:22:41","date_gmt":"2024-07-11T14:22:41","guid":{"rendered":"https:\/\/autopdz.com\/product\/alarme-de-recul-de-voiture-12v\/"},"modified":"2025-01-05T12:10:43","modified_gmt":"2025-01-05T11:10:43","slug":"alarme-de-recul-de-voiture-12v","status":"publish","type":"product","link":"https:\/\/autopdz.com\/ar\/product\/alarme-de-recul-de-voiture-12v\/","title":{"rendered":"Alarme de recul de voiture 12V"},"content":{"rendered":"<p>Description<\/p>\n<p>Recommandation<\/p>\n<p>Buzzer d&rsquo;alarme de recul de voiture 12V, bip Durable, avertissement de secours<\/p>\n<p>Accessoires pour bips continus intermittents<\/p>\n<p>Buzzer d&rsquo;alarme de recul de voiture 12V, bip Durable, accessoires de klaxon d&rsquo;avertissement de secours<\/p>\n<p>Caract\u00e9ristiques:<\/p>\n<p>Ce klaxon est principalement utilis\u00e9 pour l&rsquo;avertissement de marche arri\u00e8re des excavatrices, des engins de construction, des v\u00e9hicules spatiaux, etc.<\/p>\n<p>Le son de ce klaxon inverseur est fort et facile \u00e0 installer.<\/p>\n<p>Il est durable, r\u00e9sistant aux chocs et aux temp\u00e9ratures \u00e9lev\u00e9es gr\u00e2ce \u00e0 un mat\u00e9riau de haute qualit\u00e9.<\/p>\n<p>Nom de l&rsquo;article : klaxon invers\u00e9.<\/p>\n<p>Mat\u00e9riau de la coque : ABS.<\/p>\n<p>Tension: DC12V<\/p>\n<p>Courant : 300 mAh<\/p>\n<p>Puissance : 15W<\/p>\n<p>D\u00e9cibels : 102 dB<\/p>\n<p>Degr\u00e9 d&rsquo;\u00e9tanch\u00e9it\u00e9 : IP67<\/p>\n<p>Caract\u00e9ristiques : facile \u00e0 installer, durable, r\u00e9sistant aux chocs.<\/p>\n<p>Taille : diam\u00e8tre de la corne : 60 mm\/2,36&prime;, hauteur : 75 mm\/2,95&prime;, \u00e9paisseur : 40 mm\/1,57&prime; (environ)<\/p>\n<p>Remarques:<\/p>\n<p>En raison de la diff\u00e9rence de r\u00e9glage de la lumi\u00e8re et de l&rsquo;\u00e9cran<\/p>\n<p>La couleur de l&rsquo;article peut \u00eatre l\u00e9g\u00e8rement diff\u00e9rente de celle des images.<\/p>\n<p>Veuillez permettre une l\u00e9g\u00e8re diff\u00e9rence de dimension en raison de diff\u00e9rentes mesures manuelles.<\/p>\n<p>Avec<\/p>\n<p>Le forfait comprend :<\/p>\n<p>1 x klaxon de recul<\/p>\n<p>Magasin<\/p>\n<p>Message<\/p>\n<p>\u0623\u0636\u0641 \u0644\u0644\u0633\u0644\u0629<\/p>\n<p>Acheter maintenant<\/p>","protected":false},"excerpt":{"rendered":"<p>Description Recommandation Buzzer d&rsquo;alarme de recul de voiture 12V, bip Durable, avertissement de secours Accessoires pour bips continus intermittents Buzzer d&rsquo;alarme de recul de voiture 12V, bip Durable, accessoires de klaxon d&rsquo;avertissement de secours Caract\u00e9ristiques: Ce klaxon est principalement utilis\u00e9 pour l&rsquo;avertissement de marche arri\u00e8re des excavatrices, des engins de construction, des v\u00e9hicules spatiaux, etc. [&hellip;]<\/p>","protected":false},"featured_media":3511,"comment_status":"open","ping_status":"closed","template":"","meta":[],"product_brand":[],"product_cat":[15],"product_tag":[],"class_list":{"0":"post-3515","1":"product","2":"type-product","3":"status-publish","4":"has-post-thumbnail","6":"product_cat-divers","8":"first","9":"instock","10":"shipping-taxable","11":"purchasable","12":"product-type-simple"},"jetpack_sharing_enabled":true,"_links":{"self":[{"href":"https:\/\/autopdz.com\/ar\/wp-json\/wp\/v2\/product\/3515","targetHints":{"allow":["GET"]}}],"collection":[{"href":"https:\/\/autopdz.com\/ar\/wp-json\/wp\/v2\/product"}],"about":[{"href":"https:\/\/autopdz.com\/ar\/wp-json\/wp\/v2\/types\/product"}],"replies":[{"embeddable":true,"href":"https:\/\/autopdz.com\/ar\/wp-json\/wp\/v2\/comments?post=3515"}],"wp:featuredmedia":[{"embeddable":true,"href":"https:\/\/autopdz.com\/ar\/wp-json\/wp\/v2\/media\/3511"}],"wp:attachment":[{"href":"https:\/\/autopdz.com\/ar\/wp-json\/wp\/v2\/media?parent=3515"}],"wp:term":[{"taxonomy":"product_brand","embeddable":true,"href":"https:\/\/autopdz.com\/ar\/wp-json\/wp\/v2\/product_brand?post=3515"},{"taxonomy":"product_cat","embeddable":true,"href":"https:\/\/autopdz.com\/ar\/wp-json\/wp\/v2\/product_cat?post=3515"},{"taxonomy":"product_tag","embeddable":true,"href":"https:\/\/autopdz.com\/ar\/wp-json\/wp\/v2\/product_tag?post=3515"}],"curies":[{"name":"wp","href":"https:\/\/api.w.org\/{rel}","templated":true}]}}