{"id":3530,"date":"2024-07-11T15:50:58","date_gmt":"2024-07-11T14:50:58","guid":{"rendered":"https:\/\/autopdz.com\/product\/bouton-commande-de-volant-de-voiture-sans-fil-hd-10-touches-universel-pour-voiture-dvd-gps-navigation-radio\/"},"modified":"2026-04-18T14:37:49","modified_gmt":"2026-04-18T13:37:49","slug":"bouton-commande-de-volant-de-voiture-sans-fil-hd-10-touches-universel-pour-voiture-dvd-gps-navigation-radio","status":"publish","type":"product","link":"https:\/\/autopdz.com\/ar\/product\/bouton-commande-de-volant-de-voiture-sans-fil-hd-10-touches-universel-pour-voiture-dvd-gps-navigation-radio\/","title":{"rendered":"Bouton commande de volant de voiture sans fil HD, 10 touches, universel pour voiture Noir\/Argent TOPSYSTEME"},"content":{"rendered":"<p>Fonction:<\/p>\n<p>1. Prend en charge divers lecteurs multim\u00e9dia de voiture avec fonction de commande au volant<\/p>\n<p>2. Contr\u00f4leurs cl\u00e9s &#8211; GPS, Muet, Volume + -, Mode et Dernier\/Prochain programme (Son, Vid\u00e9o, Radio, GPS&#8230;)<\/p>\n<p>3. Installation facile<\/p>\n<p>Note:<\/p>\n<p>1. Une installation professionnelle est fortement recommand\u00e9e !<\/p>\n<p>2. Moteur pas \u00e0 pas \u00e0 grande vitesse avec une r\u00e9ponse rapide !<\/p>\n<p>3. La lumi\u00e8re de la jauge r\u00e9elle peut \u00eatre l\u00e9g\u00e8rement diff\u00e9rente de celle montr\u00e9e sur la photo, j&rsquo;esp\u00e8re que vous pourrez comprendre ! \u4e0d<\/p>\n<p>Emballage inclus (comme image) :<\/p>\n<p>Avec<\/p>\n<p>1 x bouton de volant de voiture<\/p>","protected":false},"excerpt":{"rendered":"<p>Fonction: 1. Prend en charge divers lecteurs multim\u00e9dia de voiture avec fonction de commande au volant 2. Contr\u00f4leurs cl\u00e9s &#8211; GPS, Muet, Volume + -, Mode et Dernier\/Prochain programme (Son, Vid\u00e9o, Radio, GPS&#8230;) 3. Installation facile Note: 1. Une installation professionnelle est fortement recommand\u00e9e ! 2. Moteur pas \u00e0 pas \u00e0 grande vitesse avec une [&hellip;]<\/p>","protected":false},"featured_media":10162,"comment_status":"open","ping_status":"closed","template":"","meta":[],"product_brand":[],"product_cat":[24],"product_tag":[],"class_list":{"0":"post-3530","1":"product","2":"type-product","3":"status-publish","4":"has-post-thumbnail","6":"product_cat-accessoires-interieur","8":"first","9":"instock","10":"shipping-taxable","11":"purchasable","12":"product-type-variable"},"jetpack_sharing_enabled":true,"_links":{"self":[{"href":"https:\/\/autopdz.com\/ar\/wp-json\/wp\/v2\/product\/3530","targetHints":{"allow":["GET"]}}],"collection":[{"href":"https:\/\/autopdz.com\/ar\/wp-json\/wp\/v2\/product"}],"about":[{"href":"https:\/\/autopdz.com\/ar\/wp-json\/wp\/v2\/types\/product"}],"replies":[{"embeddable":true,"href":"https:\/\/autopdz.com\/ar\/wp-json\/wp\/v2\/comments?post=3530"}],"wp:featuredmedia":[{"embeddable":true,"href":"https:\/\/autopdz.com\/ar\/wp-json\/wp\/v2\/media\/10162"}],"wp:attachment":[{"href":"https:\/\/autopdz.com\/ar\/wp-json\/wp\/v2\/media?parent=3530"}],"wp:term":[{"taxonomy":"product_brand","embeddable":true,"href":"https:\/\/autopdz.com\/ar\/wp-json\/wp\/v2\/product_brand?post=3530"},{"taxonomy":"product_cat","embeddable":true,"href":"https:\/\/autopdz.com\/ar\/wp-json\/wp\/v2\/product_cat?post=3530"},{"taxonomy":"product_tag","embeddable":true,"href":"https:\/\/autopdz.com\/ar\/wp-json\/wp\/v2\/product_tag?post=3530"}],"curies":[{"name":"wp","href":"https:\/\/api.w.org\/{rel}","templated":true}]}}