{"id":3558,"date":"2024-07-12T05:16:57","date_gmt":"2024-07-12T04:16:57","guid":{"rendered":"https:\/\/autopdz.com\/product\/feux-de-jour-universels-pour-voiture-2-pieces10-led-drl-anti-brouillard-super-lumineux-dc-12v\/"},"modified":"2025-11-22T09:55:11","modified_gmt":"2025-11-22T08:55:11","slug":"feux-de-jour-universels-pour-voiture-2-pieces10-led-drl-anti-brouillard-super-lumineux-dc-12v","status":"publish","type":"product","link":"https:\/\/autopdz.com\/ar\/product\/feux-de-jour-universels-pour-voiture-2-pieces10-led-drl-anti-brouillard-super-lumineux-dc-12v\/","title":{"rendered":"Feux de jour universels pour voiture 12V Petit Modele"},"content":{"rendered":"<p>Couleur: coquille noire<br \/>\nMat\u00e9riau: PPC + alliage d\u2019aluminium<br \/>\nType d\u2019\u00e9metteur: LED<br \/>\nTotal des \u00e9metteurs: 6 pi\u00e8ces<br \/>\nCouleur de la lumi\u00e8re: blanc<br \/>\nTension d\u2019entr\u00e9e: cc 12V<br \/>\nPuissance: 5W<br \/>\nFlux lumineux: 931lm<br \/>\nTemp\u00e9rature de couleur: 6,000K<br \/>\nType de connecteur: connexion de c\u00e2ble<br \/>\nIl se compose de trois lentilles de feux de croisement, trois lentilles de feux de route.<br \/>\nApplication: feu de jour; Feu de direction<br \/>\nAm\u00e9liorer la s\u00e9curit\u00e9 de conduite<br \/>\n\u00c9viter les accidents de la route<br \/>\nR\u00e9sistant \u00e0 l\u2019eau<br \/>\nEmballage inclus:<\/p>\n<p>2 x lumi\u00e8res LED<br \/>\n4 x vis et \u00e9crous<br \/>\n2 x supports<\/p>","protected":false},"excerpt":{"rendered":"<p>Couleur: coquille noire Mat\u00e9riau: PPC + alliage d\u2019aluminium Type d\u2019\u00e9metteur: LED Total des \u00e9metteurs: 6 pi\u00e8ces Couleur de la lumi\u00e8re: blanc Tension d\u2019entr\u00e9e: cc 12V Puissance: 5W Flux lumineux: 931lm Temp\u00e9rature de couleur: 6,000K Type de connecteur: connexion de c\u00e2ble Il se compose de trois lentilles de feux de croisement, trois lentilles de feux de [&hellip;]<\/p>","protected":false},"featured_media":3555,"comment_status":"open","ping_status":"closed","template":"","meta":[],"product_brand":[],"product_cat":[23],"product_tag":[],"class_list":{"0":"post-3558","1":"product","2":"type-product","3":"status-publish","4":"has-post-thumbnail","6":"product_cat-eclairage","8":"first","9":"outofstock","10":"shipping-taxable","11":"purchasable","12":"product-type-simple"},"jetpack_sharing_enabled":true,"_links":{"self":[{"href":"https:\/\/autopdz.com\/ar\/wp-json\/wp\/v2\/product\/3558","targetHints":{"allow":["GET"]}}],"collection":[{"href":"https:\/\/autopdz.com\/ar\/wp-json\/wp\/v2\/product"}],"about":[{"href":"https:\/\/autopdz.com\/ar\/wp-json\/wp\/v2\/types\/product"}],"replies":[{"embeddable":true,"href":"https:\/\/autopdz.com\/ar\/wp-json\/wp\/v2\/comments?post=3558"}],"wp:featuredmedia":[{"embeddable":true,"href":"https:\/\/autopdz.com\/ar\/wp-json\/wp\/v2\/media\/3555"}],"wp:attachment":[{"href":"https:\/\/autopdz.com\/ar\/wp-json\/wp\/v2\/media?parent=3558"}],"wp:term":[{"taxonomy":"product_brand","embeddable":true,"href":"https:\/\/autopdz.com\/ar\/wp-json\/wp\/v2\/product_brand?post=3558"},{"taxonomy":"product_cat","embeddable":true,"href":"https:\/\/autopdz.com\/ar\/wp-json\/wp\/v2\/product_cat?post=3558"},{"taxonomy":"product_tag","embeddable":true,"href":"https:\/\/autopdz.com\/ar\/wp-json\/wp\/v2\/product_tag?post=3558"}],"curies":[{"name":"wp","href":"https:\/\/api.w.org\/{rel}","templated":true}]}}