{"id":3663,"date":"2024-07-15T15:39:57","date_gmt":"2024-07-15T14:39:57","guid":{"rendered":"https:\/\/autopdz.com\/product\/mini-loupe-de-phare-u7-h4\/"},"modified":"2026-03-24T14:45:25","modified_gmt":"2026-03-24T13:45:25","slug":"mini-loupe-de-phare-u7-h4","status":"publish","type":"product","link":"https:\/\/autopdz.com\/ar\/product\/mini-loupe-de-phare-u7-h4\/","title":{"rendered":"Mini Loupe de Phare U7 H4\/ H7"},"content":{"rendered":"<section class=\"col8 card _fw -pvs -mvxs -fs12\" style=\"border-radius:0px;padding:8px;flex-basis:100%;max-width:100%;min-width:100%;width:360px;margin-top:4px;margin-bottom:4px;font-size:0.75rem;font-family:-apple-system,BlinkMacSystemFont,Roboto,\">\n<h2 class=\"-m -fs14 -phs\" style=\"padding:0px8px;margin:0px;font-weight:500;font-size:0.875rem\">Description<\/h2>\n<div class=\"markup -oxa -pas\" style=\"padding:8px\">\n<p style=\"padding:4px0px;margin:0px0px7.5pt;line-height:normal;background-image:initial;background-position:initial;background-size:initial;background-repeat:initial;background-attachment:initial\">Mini loup LED U7<span> <\/span><b>2 PCS<\/b><span> <\/span>H4 Utilisant la puce men\u00e9e de<span> <\/span><b>haute qualit\u00e9<\/b>,<span> <\/span><b>efficacit\u00e9<\/b><span><b> <\/b><\/span>lumineuse \u00e9lev\u00e9e. Motif de faisceau<span> <\/span><b>clair<\/b><span> <\/span>et beau, d\u00e9marrage instantan\u00e9. marche 5<span><b> <\/b><\/span><b>fois<\/b><span> <\/span>plus lumineux que les lampes halog\u00e8nes.<\/p>\n<p style=\"padding:4px0px;margin:0px0px7.5pt;line-height:normal;background-image:initial;background-position:initial;background-size:initial;background-repeat:initial;background-attachment:initial\">Mat\u00e9riau m\u00e9tallique, plus luxueux et dur\u00e9e de vie plus longue<\/p>\n<p style=\"padding:4px0px;margin:0px0px7.5pt;line-height:normal;background-image:initial;background-position:initial;background-size:initial;background-repeat:initial;background-attachment:initial\">Le mat\u00e9riau et la conception en aluminium tout-en-un<span> <\/span><b>facilitent<\/b><span><b> <\/b><\/span>l&rsquo;installation.<\/p>\n<p>Remplacement direct Brancher et utiliser en 20 minutes. Pas besoin d&rsquo;op\u00e9ration suppl\u00e9mentaire et pas besoin de d\u00e9verrouiller le bouton ayant haute luminosit\u00e9 avec un depart rapide.<\/p><\/div>\n<\/section>\n<section class=\"col8 card _fw -pvs -mvxs -fs12\" style=\"border-radius:0px;padding:8px;flex-basis:100%;max-width:100%;min-width:100%;width:360px;margin-top:4px;margin-bottom:4px;font-size:0.75rem;font-family:-apple-system,BlinkMacSystemFont,Roboto,\">\n<h2 class=\"-m -fs14 -phs\" style=\"padding:0px8px;margin:0px;font-weight:500;font-size:0.875rem\">Principales caract\u00e9ristiques<\/h2>\n<div class=\"markup -pas\" style=\"padding:8px\">\n<ul style=\"padding:0px0px0px16px;margin:0px\">\n<li style=\"padding:0px;margin:0px\">Phare \u00e0 lentille U7<\/li>\n<li style=\"padding:0px;margin:0px\">Lumen : 22000LM \/ 100W<\/li>\n<li style=\"padding:0px;margin:0px\">Tension : DC 9-32V<\/li>\n<li style=\"padding:0px;margin:0px\">Mod\u00e8le de produit : H4<\/li>\n<li style=\"padding:0px;margin:0px\">Champ d\u2019application : phares d\u2019automobile, phares de moto<\/li>\n<li style=\"padding:0px;margin:0px\">Dur\u00e9e de vie : +30000H<\/li>\n<li style=\"padding:0px;margin:0px\">Mat\u00e9riau : alliage d\u2019aluminium<\/li>\n<li style=\"padding:0px;margin:0px\">Type d\u2019abat-jour : int\u00e9gr\u00e9<\/li>\n<li style=\"padding:0px;margin:0px\">Taux IP : IP 65<\/li>\n<li style=\"padding:0px;margin:0px\">Puce sp\u00e9ciale mod\u00e8le : source de lumi\u00e8re<\/li>\n<li style=\"padding:0px;margin:0px\">Temp\u00e9rature de couleur : 5500k<\/li>\n<li style=\"padding:0px;margin:0px\">Th\u00e9orie de la dissipation thermique aluminium : aviation 6063<\/li>\n<li style=\"padding:0px;margin:0px\">Temp\u00e9rature de fonctionnement : -40\u00b0c- +80\u00b0c<\/li>\n<li style=\"padding:0px;margin:0px\">D\u00e9part rapide<\/li>\n<li style=\"padding:0px;margin:0px\">Feux de route\/croisement<\/li>\n<li style=\"padding:0px;margin:0px\">Mini lentille men\u00e9e<\/li>\n<li style=\"padding:0px;margin:0px\">Haute luminosit\u00e9<\/li>\n<\/ul>\n<\/div>\n<\/section>","protected":false},"excerpt":{"rendered":"<p>Description Mini loup LED U7 2 PCS H4 Utilisant la puce men\u00e9e de haute qualit\u00e9, efficacit\u00e9 lumineuse \u00e9lev\u00e9e. Motif de faisceau clair et beau, d\u00e9marrage instantan\u00e9. marche 5 fois plus lumineux que les lampes halog\u00e8nes. Mat\u00e9riau m\u00e9tallique, plus luxueux et dur\u00e9e de vie plus longue Le mat\u00e9riau et la conception en aluminium tout-en-un facilitent l&rsquo;installation. [&hellip;]<\/p>","protected":false},"featured_media":3662,"comment_status":"open","ping_status":"closed","template":"","meta":[],"product_brand":[],"product_cat":[23],"product_tag":[],"class_list":{"0":"post-3663","1":"product","2":"type-product","3":"status-publish","4":"has-post-thumbnail","6":"product_cat-eclairage","8":"first","9":"instock","10":"sale","11":"shipping-taxable","12":"purchasable","13":"product-type-variable"},"jetpack_sharing_enabled":true,"_links":{"self":[{"href":"https:\/\/autopdz.com\/ar\/wp-json\/wp\/v2\/product\/3663","targetHints":{"allow":["GET"]}}],"collection":[{"href":"https:\/\/autopdz.com\/ar\/wp-json\/wp\/v2\/product"}],"about":[{"href":"https:\/\/autopdz.com\/ar\/wp-json\/wp\/v2\/types\/product"}],"replies":[{"embeddable":true,"href":"https:\/\/autopdz.com\/ar\/wp-json\/wp\/v2\/comments?post=3663"}],"wp:featuredmedia":[{"embeddable":true,"href":"https:\/\/autopdz.com\/ar\/wp-json\/wp\/v2\/media\/3662"}],"wp:attachment":[{"href":"https:\/\/autopdz.com\/ar\/wp-json\/wp\/v2\/media?parent=3663"}],"wp:term":[{"taxonomy":"product_brand","embeddable":true,"href":"https:\/\/autopdz.com\/ar\/wp-json\/wp\/v2\/product_brand?post=3663"},{"taxonomy":"product_cat","embeddable":true,"href":"https:\/\/autopdz.com\/ar\/wp-json\/wp\/v2\/product_cat?post=3663"},{"taxonomy":"product_tag","embeddable":true,"href":"https:\/\/autopdz.com\/ar\/wp-json\/wp\/v2\/product_tag?post=3663"}],"curies":[{"name":"wp","href":"https:\/\/api.w.org\/{rel}","templated":true}]}}