{"id":3669,"date":"2024-07-15T15:47:16","date_gmt":"2024-07-15T14:47:16","guid":{"rendered":"https:\/\/autopdz.com\/product\/modulateur-bluetooth-pour-voiture-mp3-player-radio\/"},"modified":"2025-08-23T14:00:59","modified_gmt":"2025-08-23T13:00:59","slug":"modulateur-bluetooth-pour-voiture-mp3-player-radio","status":"publish","type":"product","link":"https:\/\/autopdz.com\/ar\/product\/modulateur-bluetooth-pour-voiture-mp3-player-radio\/","title":{"rendered":"Modulateur Bluetooth pour voiture, Mp3 Player Radio"},"content":{"rendered":"<p>[Appels faciles] Le microphone int\u00e9gr\u00e9 prend en charge la technologie de suppression du bruit () pour r\u00e9duire efficacement le bruit, vous offrant une connexion claire avec moins d&rsquo;interf\u00e9rences. En un seul clic, vous pouvez r\u00e9pondre, recomposer, mettre fin ou rejeter des appels tout en gardant les yeux sur la route, rendant la conduite plus agr\u00e9able.<br \/>\n[3 modes de lecture de musique] Jouez \u00e0 partir d&rsquo;appareils compatibles Bluetooth ; Transfert de musique sur cl\u00e9 USB. Avec cet \u00e9metteur radio Bluetooth, vous pourrez profiter d&rsquo;un festin dans votre voiture, quel que soit l&rsquo;appareil dont vous disposez. La technologie DSP peut \u00eatre capable de lire de l&rsquo;audio st\u00e9r\u00e9o \u00e0 un d\u00e9bit binaire constant sans distorsion.<br \/>\n[Charge efficace] Type C et QC3. 0 sur l&rsquo;adaptateur Bluetooth de voiture permettent une charge rapide de deux appareils \u00e0 la fois (42 W). Les Note 20 Ultra, , 13, 12, Pixel 3 et d&rsquo;autres appareils peuvent \u00eatre rapides en utilisant le port Type-c, offrant jusqu&rsquo;\u00e0 quatre fois la vitesse de charge conventionnelle.<br \/>\n[S\u00fbr] L&rsquo;\u00e9metteur dispose de fonctions de protection contre les surintensit\u00e9s, les surtensions et les courts-circuits, ce qui peut efficacement \u00e9viter de nombreux probl\u00e8mes.<br \/>\nTension d&rsquo;entr\u00e9e : 12-24 V<br \/>\ntension de sortie : 5 V<br \/>\nLa couleur noire<br \/>\nMat\u00e9riel: plastique<\/p>","protected":false},"excerpt":{"rendered":"<p>[Appels faciles] Le microphone int\u00e9gr\u00e9 prend en charge la technologie de suppression du bruit () pour r\u00e9duire efficacement le bruit, vous offrant une connexion claire avec moins d&rsquo;interf\u00e9rences. En un seul clic, vous pouvez r\u00e9pondre, recomposer, mettre fin ou rejeter des appels tout en gardant les yeux sur la route, rendant la conduite plus agr\u00e9able. [&hellip;]<\/p>","protected":false},"featured_media":3665,"comment_status":"open","ping_status":"closed","template":"","meta":[],"product_brand":[],"product_cat":[24],"product_tag":[],"class_list":{"0":"post-3669","1":"product","2":"type-product","3":"status-publish","4":"has-post-thumbnail","6":"product_cat-accessoires-interieur","8":"first","9":"instock","10":"shipping-taxable","11":"purchasable","12":"product-type-simple"},"jetpack_sharing_enabled":true,"_links":{"self":[{"href":"https:\/\/autopdz.com\/ar\/wp-json\/wp\/v2\/product\/3669","targetHints":{"allow":["GET"]}}],"collection":[{"href":"https:\/\/autopdz.com\/ar\/wp-json\/wp\/v2\/product"}],"about":[{"href":"https:\/\/autopdz.com\/ar\/wp-json\/wp\/v2\/types\/product"}],"replies":[{"embeddable":true,"href":"https:\/\/autopdz.com\/ar\/wp-json\/wp\/v2\/comments?post=3669"}],"wp:featuredmedia":[{"embeddable":true,"href":"https:\/\/autopdz.com\/ar\/wp-json\/wp\/v2\/media\/3665"}],"wp:attachment":[{"href":"https:\/\/autopdz.com\/ar\/wp-json\/wp\/v2\/media?parent=3669"}],"wp:term":[{"taxonomy":"product_brand","embeddable":true,"href":"https:\/\/autopdz.com\/ar\/wp-json\/wp\/v2\/product_brand?post=3669"},{"taxonomy":"product_cat","embeddable":true,"href":"https:\/\/autopdz.com\/ar\/wp-json\/wp\/v2\/product_cat?post=3669"},{"taxonomy":"product_tag","embeddable":true,"href":"https:\/\/autopdz.com\/ar\/wp-json\/wp\/v2\/product_tag?post=3669"}],"curies":[{"name":"wp","href":"https:\/\/api.w.org\/{rel}","templated":true}]}}