{"id":3680,"date":"2024-07-15T21:17:57","date_gmt":"2024-07-15T20:17:57","guid":{"rendered":"https:\/\/autopdz.com\/product\/diffuseur-de-parfum-a-energie-solaire-modele-climatisation\/"},"modified":"2025-06-20T19:22:39","modified_gmt":"2025-06-20T18:22:39","slug":"diffuseur-de-parfum-a-energie-solaire-modele-climatisation","status":"publish","type":"product","link":"https:\/\/autopdz.com\/ar\/product\/diffuseur-de-parfum-a-energie-solaire-modele-climatisation\/","title":{"rendered":"Diffuseur de parfum \u00e0 \u00e9nergie solaire mod\u00e8le climatisation"},"content":{"rendered":"<p>\u3010Contenu de l&#8217;emballage\u3011 : vous recevrez un mod\u00e8le de climatisation \u00e0 \u00e9nergie solaire pour clip de ventilation de diffuseur de voiture, deux paquets de b\u00e2tons de recharge, un autocollant, une pince de sortie d&rsquo;air.<br \/>\n\u3010R\u00e9tention persistante du parfum\u3011 \uff1a Cette odeur douce de voiture utilise des tiges de nanofibres pour verrouiller efficacement le facteur aromatique, d\u00e9composer les odeurs et purifier l&rsquo;air, le parfum est plus durable.<br \/>\n\u3010M\u00e9thode de diffusion unique\u3011 En utilisant l&rsquo;\u00e9nergie solaire pour faire tourner les pales du ventilateur, la distribution du parfum peut \u00eatre plus uniforme, cr\u00e9ant ainsi un environnement int\u00e9rieur appropri\u00e9.<br \/>\n\u3010Universalit\u00e9\u3011 : ce clip de sortie d&rsquo;air \u00e0 parfum automatique convient aux sorties d&rsquo;air de climatisation de diff\u00e9rents types de voitures et est simple et pratique \u00e0 installer. Il peut \u00e9galement \u00eatre utilis\u00e9 pour d\u00e9sodoriser les bureaux, les salles de bains, les chambres, etc.<\/p>","protected":false},"excerpt":{"rendered":"<p>\u3010Contenu de l&#8217;emballage\u3011 : vous recevrez un mod\u00e8le de climatisation \u00e0 \u00e9nergie solaire pour clip de ventilation de diffuseur de voiture, deux paquets de b\u00e2tons de recharge, un autocollant, une pince de sortie d&rsquo;air. \u3010R\u00e9tention persistante du parfum\u3011 \uff1a Cette odeur douce de voiture utilise des tiges de nanofibres pour verrouiller efficacement le facteur aromatique, [&hellip;]<\/p>","protected":false},"featured_media":3679,"comment_status":"open","ping_status":"closed","template":"","meta":[],"product_brand":[],"product_cat":[24],"product_tag":[],"class_list":{"0":"post-3680","1":"product","2":"type-product","3":"status-publish","4":"has-post-thumbnail","6":"product_cat-accessoires-interieur","8":"first","9":"instock","10":"shipping-taxable","11":"purchasable","12":"product-type-simple"},"jetpack_sharing_enabled":true,"_links":{"self":[{"href":"https:\/\/autopdz.com\/ar\/wp-json\/wp\/v2\/product\/3680","targetHints":{"allow":["GET"]}}],"collection":[{"href":"https:\/\/autopdz.com\/ar\/wp-json\/wp\/v2\/product"}],"about":[{"href":"https:\/\/autopdz.com\/ar\/wp-json\/wp\/v2\/types\/product"}],"replies":[{"embeddable":true,"href":"https:\/\/autopdz.com\/ar\/wp-json\/wp\/v2\/comments?post=3680"}],"wp:featuredmedia":[{"embeddable":true,"href":"https:\/\/autopdz.com\/ar\/wp-json\/wp\/v2\/media\/3679"}],"wp:attachment":[{"href":"https:\/\/autopdz.com\/ar\/wp-json\/wp\/v2\/media?parent=3680"}],"wp:term":[{"taxonomy":"product_brand","embeddable":true,"href":"https:\/\/autopdz.com\/ar\/wp-json\/wp\/v2\/product_brand?post=3680"},{"taxonomy":"product_cat","embeddable":true,"href":"https:\/\/autopdz.com\/ar\/wp-json\/wp\/v2\/product_cat?post=3680"},{"taxonomy":"product_tag","embeddable":true,"href":"https:\/\/autopdz.com\/ar\/wp-json\/wp\/v2\/product_tag?post=3680"}],"curies":[{"name":"wp","href":"https:\/\/api.w.org\/{rel}","templated":true}]}}