{"id":3713,"date":"2024-07-16T11:47:35","date_gmt":"2024-07-16T10:47:35","guid":{"rendered":"https:\/\/autopdz.com\/product\/coussin-de-siege-orthopedique-mousse-a-memoire\/"},"modified":"2026-02-01T15:35:49","modified_gmt":"2026-02-01T14:35:49","slug":"coussin-de-siege-orthopedique-mousse-a-memoire","status":"publish","type":"product","link":"https:\/\/autopdz.com\/ar\/product\/coussin-de-siege-orthopedique-mousse-a-memoire\/","title":{"rendered":"Coussin de si\u00e8ge orthop\u00e9dique mousse \u00e0 m\u00e9moire"},"content":{"rendered":"<p>Coussin de si\u00e8ge en mousse \u00e0 m\u00e9moire de forme, pour la maison, le bureau, le Coccyx, chaise orthop\u00e9dique, coussin de Massage<\/p>\n<p>Caract\u00e9ristiques<\/p>\n<p>Mat\u00e9riel: polyester et coton<\/p>\n<p>Poids: 0,5 kg<\/p>\n<p>Taille: 45 cm * 35 cm * 7 cm<\/p>\n<p>Couleur: multicolore<\/p>\n<p>Fonctionnalit\u00e9<\/p>\n<p>1. Tissu respirant<\/p>\n<p>2. Mousse de haute qualit\u00e9 pour le support<\/p>\n<p>3. Forme de coin sp\u00e9ciale avec coupe en U pour votre cousin<\/p>\n<p>4. Con\u00e7u pour soulager les maux de dos persistants, les engourdissements et l&rsquo;inconfort lorsque vous \u00eates assis<\/p>\n<p>Emballage inclus:<\/p>\n<p>1 * coussin de si\u00e8ge<\/p>","protected":false},"excerpt":{"rendered":"<p>Coussin de si\u00e8ge en mousse \u00e0 m\u00e9moire de forme, pour la maison, le bureau, le Coccyx, chaise orthop\u00e9dique, coussin de Massage Caract\u00e9ristiques Mat\u00e9riel: polyester et coton Poids: 0,5 kg Taille: 45 cm * 35 cm * 7 cm Couleur: multicolore Fonctionnalit\u00e9 1. Tissu respirant 2. Mousse de haute qualit\u00e9 pour le support 3. Forme de [&hellip;]<\/p>","protected":false},"featured_media":27466,"comment_status":"open","ping_status":"closed","template":"","meta":[],"product_brand":[],"product_cat":[24],"product_tag":[],"class_list":{"0":"post-3713","1":"product","2":"type-product","3":"status-publish","4":"has-post-thumbnail","6":"product_cat-accessoires-interieur","8":"first","9":"outofstock","10":"sale","11":"shipping-taxable","12":"purchasable","13":"product-type-simple"},"jetpack_sharing_enabled":true,"_links":{"self":[{"href":"https:\/\/autopdz.com\/ar\/wp-json\/wp\/v2\/product\/3713","targetHints":{"allow":["GET"]}}],"collection":[{"href":"https:\/\/autopdz.com\/ar\/wp-json\/wp\/v2\/product"}],"about":[{"href":"https:\/\/autopdz.com\/ar\/wp-json\/wp\/v2\/types\/product"}],"replies":[{"embeddable":true,"href":"https:\/\/autopdz.com\/ar\/wp-json\/wp\/v2\/comments?post=3713"}],"wp:featuredmedia":[{"embeddable":true,"href":"https:\/\/autopdz.com\/ar\/wp-json\/wp\/v2\/media\/27466"}],"wp:attachment":[{"href":"https:\/\/autopdz.com\/ar\/wp-json\/wp\/v2\/media?parent=3713"}],"wp:term":[{"taxonomy":"product_brand","embeddable":true,"href":"https:\/\/autopdz.com\/ar\/wp-json\/wp\/v2\/product_brand?post=3713"},{"taxonomy":"product_cat","embeddable":true,"href":"https:\/\/autopdz.com\/ar\/wp-json\/wp\/v2\/product_cat?post=3713"},{"taxonomy":"product_tag","embeddable":true,"href":"https:\/\/autopdz.com\/ar\/wp-json\/wp\/v2\/product_tag?post=3713"}],"curies":[{"name":"wp","href":"https:\/\/api.w.org\/{rel}","templated":true}]}}