{"id":37704,"date":"2026-04-06T13:28:41","date_gmt":"2026-04-06T12:28:41","guid":{"rendered":"https:\/\/autopdz.com\/product\/sac-a-cordon-rangement-pour-vehicule\/"},"modified":"2026-04-18T09:16:08","modified_gmt":"2026-04-18T08:16:08","slug":"sac-a-cordon-rangement-pour-vehicule","status":"publish","type":"product","link":"https:\/\/autopdz.com\/ar\/product\/sac-a-cordon-rangement-pour-vehicule\/","title":{"rendered":"Sac \u00e0 cordon Rangement Pour V\u00e9hicule"},"content":{"rendered":"<p>Description :<\/p>\n<p>1. Forme unique, simple, style, facile \u00e0 installer.<\/p>\n<p>2. Filet \u00e9lastique lisse, grande extensibilit\u00e9, ne se d\u00e9tachera pas par manque de r\u00e9silience.<\/p>\n<p>3. Con\u00e7u avec un ruban adh\u00e9sif double face 3M, forte adh\u00e9rence, ne se d\u00e9colle pas facilement.<\/p>\n<p>4. Belle apparence, solide et durable.<\/p>\n<p>Vous pouvez y ranger votre t\u00e9l\u00e9phone, vos tickets et autres petits objets, rendant votre voiture plus propre.<\/p>","protected":false},"excerpt":{"rendered":"<p>Description : 1. Forme unique, simple, style, facile \u00e0 installer. 2. Filet \u00e9lastique lisse, grande extensibilit\u00e9, ne se d\u00e9tachera pas par manque de r\u00e9silience. 3. Con\u00e7u avec un ruban adh\u00e9sif double face 3M, forte adh\u00e9rence, ne se d\u00e9colle pas facilement. 4. Belle apparence, solide et durable. Vous pouvez y ranger votre t\u00e9l\u00e9phone, vos tickets et [&hellip;]<\/p>","protected":false},"featured_media":37702,"comment_status":"open","ping_status":"closed","template":"","meta":[],"product_brand":[],"product_cat":[24],"product_tag":[],"class_list":{"0":"post-37704","1":"product","2":"type-product","3":"status-publish","4":"has-post-thumbnail","6":"product_cat-accessoires-interieur","8":"first","9":"outofstock","10":"shipping-taxable","11":"purchasable","12":"product-type-simple"},"jetpack_sharing_enabled":true,"_links":{"self":[{"href":"https:\/\/autopdz.com\/ar\/wp-json\/wp\/v2\/product\/37704","targetHints":{"allow":["GET"]}}],"collection":[{"href":"https:\/\/autopdz.com\/ar\/wp-json\/wp\/v2\/product"}],"about":[{"href":"https:\/\/autopdz.com\/ar\/wp-json\/wp\/v2\/types\/product"}],"replies":[{"embeddable":true,"href":"https:\/\/autopdz.com\/ar\/wp-json\/wp\/v2\/comments?post=37704"}],"wp:featuredmedia":[{"embeddable":true,"href":"https:\/\/autopdz.com\/ar\/wp-json\/wp\/v2\/media\/37702"}],"wp:attachment":[{"href":"https:\/\/autopdz.com\/ar\/wp-json\/wp\/v2\/media?parent=37704"}],"wp:term":[{"taxonomy":"product_brand","embeddable":true,"href":"https:\/\/autopdz.com\/ar\/wp-json\/wp\/v2\/product_brand?post=37704"},{"taxonomy":"product_cat","embeddable":true,"href":"https:\/\/autopdz.com\/ar\/wp-json\/wp\/v2\/product_cat?post=37704"},{"taxonomy":"product_tag","embeddable":true,"href":"https:\/\/autopdz.com\/ar\/wp-json\/wp\/v2\/product_tag?post=37704"}],"curies":[{"name":"wp","href":"https:\/\/api.w.org\/{rel}","templated":true}]}}