{"id":37810,"date":"2026-04-07T13:58:04","date_gmt":"2026-04-07T12:58:04","guid":{"rendered":"https:\/\/autopdz.com\/?post_type=product&#038;p=37810"},"modified":"2026-04-08T12:50:49","modified_gmt":"2026-04-08T11:50:49","slug":"2pcs-led-m8-pro-120w-60000lm-h4-h7","status":"publish","type":"product","link":"https:\/\/autopdz.com\/ar\/product\/2pcs-led-m8-pro-120w-60000lm-h4-h7\/","title":{"rendered":"2pcs Led M8 Pro 120W 60000LM H4\/H7"},"content":{"rendered":"<p>SP\u00c9CIFICATIONS DU PRODUIT<\/p>\n<p>N\u00b0 de mod\u00e8le<\/p>\n<p>M8 Pro<\/p>\n<p>Puissance d&rsquo;entr\u00e9e<\/p>\n<p>120 W<\/p>\n<p>Flux lumineux<\/p>\n<p>60 000 lm<\/p>\n<p>Indice de protection solaire (JP)<\/p>\n<p>IP65<\/p>\n<p>Mod\u00e8le de source lumineuse<\/p>\n<p>Technologie de source lumineuse Cree<\/p>\n<p>Temp\u00e9rature de couleur<\/p>\n<p>6 000 K<\/p>\n<p>Th\u00e9orie de dissipation thermique<\/p>\n<p>Aluminium a\u00e9ronautique 6063<\/p>\n<p>Dur\u00e9e de vie<\/p>\n<p>&gt; 30 000 h<\/p>\n<p>Temp\u00e9rature de fonctionnement<\/p>\n<p>-40 \u00b0C \u00e0 +80 \u00b0C<\/p>\n<p>Tension de fonctionnement<\/p>\n<p>9-32 V CC<\/p>","protected":false},"excerpt":{"rendered":"<p>SP\u00c9CIFICATIONS DU PRODUIT N\u00b0 de mod\u00e8le M8 Pro Puissance d&rsquo;entr\u00e9e 120 W Flux lumineux 60 000 lm Indice de protection solaire (JP) IP65 Mod\u00e8le de source lumineuse Technologie de source lumineuse Cree Temp\u00e9rature de couleur 6 000 K Th\u00e9orie de dissipation thermique Aluminium a\u00e9ronautique 6063 Dur\u00e9e de vie &gt; 30 000 h Temp\u00e9rature de fonctionnement [&hellip;]<\/p>","protected":false},"featured_media":37808,"comment_status":"open","ping_status":"closed","template":"","meta":[],"product_brand":[],"product_cat":[23],"product_tag":[],"class_list":{"0":"post-37810","1":"product","2":"type-product","3":"status-publish","4":"has-post-thumbnail","6":"product_cat-eclairage","8":"first","9":"instock","10":"shipping-taxable","11":"purchasable","12":"product-type-variable"},"jetpack_sharing_enabled":true,"_links":{"self":[{"href":"https:\/\/autopdz.com\/ar\/wp-json\/wp\/v2\/product\/37810","targetHints":{"allow":["GET"]}}],"collection":[{"href":"https:\/\/autopdz.com\/ar\/wp-json\/wp\/v2\/product"}],"about":[{"href":"https:\/\/autopdz.com\/ar\/wp-json\/wp\/v2\/types\/product"}],"replies":[{"embeddable":true,"href":"https:\/\/autopdz.com\/ar\/wp-json\/wp\/v2\/comments?post=37810"}],"wp:featuredmedia":[{"embeddable":true,"href":"https:\/\/autopdz.com\/ar\/wp-json\/wp\/v2\/media\/37808"}],"wp:attachment":[{"href":"https:\/\/autopdz.com\/ar\/wp-json\/wp\/v2\/media?parent=37810"}],"wp:term":[{"taxonomy":"product_brand","embeddable":true,"href":"https:\/\/autopdz.com\/ar\/wp-json\/wp\/v2\/product_brand?post=37810"},{"taxonomy":"product_cat","embeddable":true,"href":"https:\/\/autopdz.com\/ar\/wp-json\/wp\/v2\/product_cat?post=37810"},{"taxonomy":"product_tag","embeddable":true,"href":"https:\/\/autopdz.com\/ar\/wp-json\/wp\/v2\/product_tag?post=37810"}],"curies":[{"name":"wp","href":"https:\/\/api.w.org\/{rel}","templated":true}]}}