{"id":37825,"date":"2026-04-07T15:22:35","date_gmt":"2026-04-07T14:22:35","guid":{"rendered":"https:\/\/autopdz.com\/product\/systeme-surveillance-de-pression-des-pneus-avec-capteur-sans-fil-tpms\/"},"modified":"2026-04-09T10:13:26","modified_gmt":"2026-04-09T09:13:26","slug":"systeme-surveillance-de-pression-des-pneus-avec-capteur-sans-fil-tpms","status":"publish","type":"product","link":"https:\/\/autopdz.com\/ar\/product\/systeme-surveillance-de-pression-des-pneus-avec-capteur-sans-fil-tpms\/","title":{"rendered":"Syst\u00e8me surveillance de pression des pneus avec capteur sans fil TPMS"},"content":{"rendered":"<p>1. Caract\u00e9ristiques<\/p>\n<p>Batterie au lithium interne pour l&rsquo;alimentation, avec panneaux solaires pour la recharge, pas besoin de connecter de fils, facile \u00e0 installer,<\/p>\n<p>D\u00e9tection en temps r\u00e9el de la pression et de la temp\u00e9rature des pneus, pour une conduite en toute s\u00e9curit\u00e9,<\/p>\n<p>Diff\u00e9rents symboles num\u00e9riques indiquent diff\u00e9rentes pressions de pneus,<\/p>\n<p>&gt; En cas de pression ou de temp\u00e9rature anormale des pneus, le syst\u00e8me \u00e9met des alertes visuelles et sonores,<\/p>\n<p>&gt; Les pneus sont interchangeables (pas besoin de retirer les capteurs install\u00e9s dans les pneus) ;<\/p>\n<p>Affichage intelligent de l&rsquo;autonomie de la batterie, chargement solaire\/USB,<\/p>\n<p>\u00c9conomie d&rsquo;\u00e9nergie intelligente<\/p>","protected":false},"excerpt":{"rendered":"<p>1. Caract\u00e9ristiques Batterie au lithium interne pour l&rsquo;alimentation, avec panneaux solaires pour la recharge, pas besoin de connecter de fils, facile \u00e0 installer, D\u00e9tection en temps r\u00e9el de la pression et de la temp\u00e9rature des pneus, pour une conduite en toute s\u00e9curit\u00e9, Diff\u00e9rents symboles num\u00e9riques indiquent diff\u00e9rentes pressions de pneus, &gt; En cas de pression [&hellip;]<\/p>","protected":false},"featured_media":37822,"comment_status":"open","ping_status":"closed","template":"","meta":[],"product_brand":[],"product_cat":[26],"product_tag":[],"class_list":{"0":"post-37825","1":"product","2":"type-product","3":"status-publish","4":"has-post-thumbnail","6":"product_cat-accessoires-exterieur","8":"first","9":"instock","10":"shipping-taxable","11":"purchasable","12":"product-type-simple"},"jetpack_sharing_enabled":true,"_links":{"self":[{"href":"https:\/\/autopdz.com\/ar\/wp-json\/wp\/v2\/product\/37825","targetHints":{"allow":["GET"]}}],"collection":[{"href":"https:\/\/autopdz.com\/ar\/wp-json\/wp\/v2\/product"}],"about":[{"href":"https:\/\/autopdz.com\/ar\/wp-json\/wp\/v2\/types\/product"}],"replies":[{"embeddable":true,"href":"https:\/\/autopdz.com\/ar\/wp-json\/wp\/v2\/comments?post=37825"}],"wp:featuredmedia":[{"embeddable":true,"href":"https:\/\/autopdz.com\/ar\/wp-json\/wp\/v2\/media\/37822"}],"wp:attachment":[{"href":"https:\/\/autopdz.com\/ar\/wp-json\/wp\/v2\/media?parent=37825"}],"wp:term":[{"taxonomy":"product_brand","embeddable":true,"href":"https:\/\/autopdz.com\/ar\/wp-json\/wp\/v2\/product_brand?post=37825"},{"taxonomy":"product_cat","embeddable":true,"href":"https:\/\/autopdz.com\/ar\/wp-json\/wp\/v2\/product_cat?post=37825"},{"taxonomy":"product_tag","embeddable":true,"href":"https:\/\/autopdz.com\/ar\/wp-json\/wp\/v2\/product_tag?post=37825"}],"curies":[{"name":"wp","href":"https:\/\/api.w.org\/{rel}","templated":true}]}}