{"id":38279,"date":"2026-04-14T14:18:15","date_gmt":"2026-04-14T13:18:15","guid":{"rendered":"https:\/\/autopdz.com\/?post_type=product&#038;p=38279"},"modified":"2026-04-14T14:20:28","modified_gmt":"2026-04-14T13:20:28","slug":"led-super-f10-3000lm-2pcs","status":"publish","type":"product","link":"https:\/\/autopdz.com\/ar\/product\/led-super-f10-3000lm-2pcs\/","title":{"rendered":"Led Super F10 3000LM 2Pcs"},"content":{"rendered":"<p>PARAM\u00c8TRES LED:<\/p>\n<p>TENSION DE FONCTIONNEMENT : 9-36 V CC<\/p>\n<p>FLUX LUMINEUX : 3000 lm<\/p>\n<p>TEMP\u00c9RATURE DE COULEUR : 6500 K<\/p>\n<p>TEMP\u00c9RATURE DE FONCTIONNEMENT : -30 \u00e0 90 \u00b0C<\/p>\n<p>TEMP\u00c9RATURE DE CHAUFFAGE DU PRODUIT : 85 \u00b0C<\/p>\n<p>DUR\u00c9E DE VIE : 15000 h<\/p>\n<p>MAT\u00c9RIAU : ALUMINIUM 6063<\/p>\n<p>INDICE D&rsquo;\u00c9TANCH\u00c9IT\u00c9 : IP65<\/p>\n<p>COMPATIBLE AVEC LES V\u00c9HICULES D&rsquo;ORIGINE<\/p>\n<p>SON : 5008<\/p>","protected":false},"excerpt":{"rendered":"<p>PARAM\u00c8TRES LED: TENSION DE FONCTIONNEMENT : 9-36 V CC FLUX LUMINEUX : 3000 lm TEMP\u00c9RATURE DE COULEUR : 6500 K TEMP\u00c9RATURE DE FONCTIONNEMENT : -30 \u00e0 90 \u00b0C TEMP\u00c9RATURE DE CHAUFFAGE DU PRODUIT : 85 \u00b0C DUR\u00c9E DE VIE : 15000 h MAT\u00c9RIAU : ALUMINIUM 6063 INDICE D&rsquo;\u00c9TANCH\u00c9IT\u00c9 : IP65 COMPATIBLE AVEC LES V\u00c9HICULES D&rsquo;ORIGINE [&hellip;]<\/p>","protected":false},"featured_media":38272,"comment_status":"open","ping_status":"closed","template":"","meta":[],"product_brand":[],"product_cat":[23],"product_tag":[],"class_list":{"0":"post-38279","1":"product","2":"type-product","3":"status-publish","4":"has-post-thumbnail","6":"product_cat-eclairage","8":"first","9":"instock","10":"shipping-taxable","11":"purchasable","12":"product-type-variable"},"jetpack_sharing_enabled":true,"_links":{"self":[{"href":"https:\/\/autopdz.com\/ar\/wp-json\/wp\/v2\/product\/38279","targetHints":{"allow":["GET"]}}],"collection":[{"href":"https:\/\/autopdz.com\/ar\/wp-json\/wp\/v2\/product"}],"about":[{"href":"https:\/\/autopdz.com\/ar\/wp-json\/wp\/v2\/types\/product"}],"replies":[{"embeddable":true,"href":"https:\/\/autopdz.com\/ar\/wp-json\/wp\/v2\/comments?post=38279"}],"wp:featuredmedia":[{"embeddable":true,"href":"https:\/\/autopdz.com\/ar\/wp-json\/wp\/v2\/media\/38272"}],"wp:attachment":[{"href":"https:\/\/autopdz.com\/ar\/wp-json\/wp\/v2\/media?parent=38279"}],"wp:term":[{"taxonomy":"product_brand","embeddable":true,"href":"https:\/\/autopdz.com\/ar\/wp-json\/wp\/v2\/product_brand?post=38279"},{"taxonomy":"product_cat","embeddable":true,"href":"https:\/\/autopdz.com\/ar\/wp-json\/wp\/v2\/product_cat?post=38279"},{"taxonomy":"product_tag","embeddable":true,"href":"https:\/\/autopdz.com\/ar\/wp-json\/wp\/v2\/product_tag?post=38279"}],"curies":[{"name":"wp","href":"https:\/\/api.w.org\/{rel}","templated":true}]}}