{"id":38883,"date":"2026-04-23T14:51:10","date_gmt":"2026-04-23T13:51:10","guid":{"rendered":"https:\/\/autopdz.com\/product\/demarreur-de-voiture-avec-compresseur-et-power-banktorch-4en1-120w\/"},"modified":"2026-04-23T14:51:10","modified_gmt":"2026-04-23T13:51:10","slug":"demarreur-de-voiture-avec-compresseur-et-power-banktorch-4en1-120w","status":"publish","type":"product","link":"https:\/\/autopdz.com\/ar\/product\/demarreur-de-voiture-avec-compresseur-et-power-banktorch-4en1-120w\/","title":{"rendered":"D\u00e9marreur de voiture avec compresseur et power bank,torch 4en1 +120W"},"content":{"rendered":"<p>Param\u00e8tres principaux :<\/p>\n<p>Nom : Pompe \u00e0 air pour voiture<\/p>\n<p>Tension : 11,1-14,8 V<\/p>\n<p>Puissance :<\/p>\n<p>120 W<\/p>\n<p>Entr\u00e9e : Type-C 5 V-1 A<\/p>\n<p>Sortie USB : 5 V-1 A<\/p>","protected":false},"excerpt":{"rendered":"<p>Param\u00e8tres principaux : Nom : Pompe \u00e0 air pour voiture Tension : 11,1-14,8 V Puissance : 120 W Entr\u00e9e : Type-C 5 V-1 A Sortie USB : 5 V-1 A<\/p>","protected":false},"featured_media":38882,"comment_status":"open","ping_status":"closed","template":"","meta":[],"product_brand":[],"product_cat":[26,24],"product_tag":[],"class_list":{"0":"post-38883","1":"product","2":"type-product","3":"status-publish","4":"has-post-thumbnail","6":"product_cat-accessoires-exterieur","7":"product_cat-accessoires-interieur","9":"first","10":"instock","11":"shipping-taxable","12":"purchasable","13":"product-type-simple"},"jetpack_sharing_enabled":true,"_links":{"self":[{"href":"https:\/\/autopdz.com\/ar\/wp-json\/wp\/v2\/product\/38883","targetHints":{"allow":["GET"]}}],"collection":[{"href":"https:\/\/autopdz.com\/ar\/wp-json\/wp\/v2\/product"}],"about":[{"href":"https:\/\/autopdz.com\/ar\/wp-json\/wp\/v2\/types\/product"}],"replies":[{"embeddable":true,"href":"https:\/\/autopdz.com\/ar\/wp-json\/wp\/v2\/comments?post=38883"}],"wp:featuredmedia":[{"embeddable":true,"href":"https:\/\/autopdz.com\/ar\/wp-json\/wp\/v2\/media\/38882"}],"wp:attachment":[{"href":"https:\/\/autopdz.com\/ar\/wp-json\/wp\/v2\/media?parent=38883"}],"wp:term":[{"taxonomy":"product_brand","embeddable":true,"href":"https:\/\/autopdz.com\/ar\/wp-json\/wp\/v2\/product_brand?post=38883"},{"taxonomy":"product_cat","embeddable":true,"href":"https:\/\/autopdz.com\/ar\/wp-json\/wp\/v2\/product_cat?post=38883"},{"taxonomy":"product_tag","embeddable":true,"href":"https:\/\/autopdz.com\/ar\/wp-json\/wp\/v2\/product_tag?post=38883"}],"curies":[{"name":"wp","href":"https:\/\/api.w.org\/{rel}","templated":true}]}}