{"id":39043,"date":"2026-04-25T14:59:30","date_gmt":"2026-04-25T13:59:30","guid":{"rendered":"https:\/\/autopdz.com\/product\/adaptateur-dalimentation-pour-onduleur-de-voiture-200w-dc-12v-24v-a-ac-220v\/"},"modified":"2026-04-25T14:59:30","modified_gmt":"2026-04-25T13:59:30","slug":"adaptateur-dalimentation-pour-onduleur-de-voiture-200w-dc-12v-24v-a-ac-220v","status":"publish","type":"product","link":"https:\/\/autopdz.com\/ar\/product\/adaptateur-dalimentation-pour-onduleur-de-voiture-200w-dc-12v-24v-a-ac-220v\/","title":{"rendered":"Adaptateur d&rsquo;alimentation pour onduleur de voiture 200W DC 12V\/24V \u00e0 AC 220V"},"content":{"rendered":"<p>1. USB : 5 V\/3 A 9 V\/2 A 12 V\/1,5 A 18 W<\/p>\n<p>Type C 5 V\/3 A 9 V\/3 A 12 V\/2,5 A (30 W)<\/p>\n<p>USB : 5 V 2,4 A<\/p>\n<p>Type C : 5 V 2,4 A<\/p>\n<p>2. Tension d&rsquo;entr\u00e9e : 12-24 V<\/p>\n<p>Courant d&rsquo;entr\u00e9e : 5-10 A<\/p>\n<p>Tension de sortie : 110-220 V CC<\/p>\n<p>Courant de sortie : 0,6-1,1 A<\/p>\n<p>3. Coupure basse tension : 9 V<\/p>\n<p>4. Coupure haute tension : 28 V (ne peut \u00eatre d\u00e9pass\u00e9)<\/p>\n<p>5. Sortie maximale du port allume-cigare : 12 V 80 W 24 V 120 W<\/p>\n<p>6. Puissance de sortie continue : 60 W\/80 W\/100 W\/150 W\/200 W \/ Puissance de cr\u00eate : 200 W. Pi\u00e8ce jointe : Veuillez lire le manuel. Risque de choc \u00e9lectrique. Tenir hors de port\u00e9e des enfants. Les responsabilit\u00e9s conjointes et solidaires ne sont pas engag\u00e9es.<\/p>","protected":false},"excerpt":{"rendered":"<p>1. USB : 5 V\/3 A 9 V\/2 A 12 V\/1,5 A 18 W Type C 5 V\/3 A 9 V\/3 A 12 V\/2,5 A (30 W) USB : 5 V 2,4 A Type C : 5 V 2,4 A 2. Tension d&rsquo;entr\u00e9e : 12-24 V Courant d&rsquo;entr\u00e9e : 5-10 A Tension de sortie : [&hellip;]<\/p>","protected":false},"featured_media":39037,"comment_status":"open","ping_status":"closed","template":"","meta":[],"product_brand":[],"product_cat":[24],"product_tag":[],"class_list":{"0":"post-39043","1":"product","2":"type-product","3":"status-publish","4":"has-post-thumbnail","6":"product_cat-accessoires-interieur","8":"first","9":"instock","10":"shipping-taxable","11":"purchasable","12":"product-type-simple"},"jetpack_sharing_enabled":true,"_links":{"self":[{"href":"https:\/\/autopdz.com\/ar\/wp-json\/wp\/v2\/product\/39043","targetHints":{"allow":["GET"]}}],"collection":[{"href":"https:\/\/autopdz.com\/ar\/wp-json\/wp\/v2\/product"}],"about":[{"href":"https:\/\/autopdz.com\/ar\/wp-json\/wp\/v2\/types\/product"}],"replies":[{"embeddable":true,"href":"https:\/\/autopdz.com\/ar\/wp-json\/wp\/v2\/comments?post=39043"}],"wp:featuredmedia":[{"embeddable":true,"href":"https:\/\/autopdz.com\/ar\/wp-json\/wp\/v2\/media\/39037"}],"wp:attachment":[{"href":"https:\/\/autopdz.com\/ar\/wp-json\/wp\/v2\/media?parent=39043"}],"wp:term":[{"taxonomy":"product_brand","embeddable":true,"href":"https:\/\/autopdz.com\/ar\/wp-json\/wp\/v2\/product_brand?post=39043"},{"taxonomy":"product_cat","embeddable":true,"href":"https:\/\/autopdz.com\/ar\/wp-json\/wp\/v2\/product_cat?post=39043"},{"taxonomy":"product_tag","embeddable":true,"href":"https:\/\/autopdz.com\/ar\/wp-json\/wp\/v2\/product_tag?post=39043"}],"curies":[{"name":"wp","href":"https:\/\/api.w.org\/{rel}","templated":true}]}}