{"id":39105,"date":"2026-04-26T14:34:27","date_gmt":"2026-04-26T13:34:27","guid":{"rendered":"https:\/\/autopdz.com\/product\/compresseur-dair-de-voiture-12v-220v\/"},"modified":"2026-04-26T14:34:27","modified_gmt":"2026-04-26T13:34:27","slug":"compresseur-dair-de-voiture-12v-220v","status":"publish","type":"product","link":"https:\/\/autopdz.com\/ar\/product\/compresseur-dair-de-voiture-12v-220v\/","title":{"rendered":"Compresseur d&rsquo;air de voiture 12V\/220V"},"content":{"rendered":"<p>Tension<\/p>\n<p>AC220V\/DC12V<\/p>\n<p>Amp\u00e9rage max.<\/p>\n<p>10 A<\/p>\n<p>Dur\u00e9e<\/p>\n<p>6-8 min<\/p>\n<p>Pression max.<\/p>\n<p>965 kPa<\/p>\n<p>D\u00e9placement<\/p>\n<p>35 l\/min<\/p>","protected":false},"excerpt":{"rendered":"<p>Tension AC220V\/DC12V Amp\u00e9rage max. 10 A Dur\u00e9e 6-8 min Pression max. 965 kPa D\u00e9placement 35 l\/min<\/p>","protected":false},"featured_media":39104,"comment_status":"open","ping_status":"closed","template":"","meta":[],"product_brand":[],"product_cat":[26],"product_tag":[],"class_list":{"0":"post-39105","1":"product","2":"type-product","3":"status-publish","4":"has-post-thumbnail","6":"product_cat-accessoires-exterieur","8":"first","9":"instock","10":"shipping-taxable","11":"purchasable","12":"product-type-simple"},"jetpack_sharing_enabled":true,"_links":{"self":[{"href":"https:\/\/autopdz.com\/ar\/wp-json\/wp\/v2\/product\/39105","targetHints":{"allow":["GET"]}}],"collection":[{"href":"https:\/\/autopdz.com\/ar\/wp-json\/wp\/v2\/product"}],"about":[{"href":"https:\/\/autopdz.com\/ar\/wp-json\/wp\/v2\/types\/product"}],"replies":[{"embeddable":true,"href":"https:\/\/autopdz.com\/ar\/wp-json\/wp\/v2\/comments?post=39105"}],"wp:featuredmedia":[{"embeddable":true,"href":"https:\/\/autopdz.com\/ar\/wp-json\/wp\/v2\/media\/39104"}],"wp:attachment":[{"href":"https:\/\/autopdz.com\/ar\/wp-json\/wp\/v2\/media?parent=39105"}],"wp:term":[{"taxonomy":"product_brand","embeddable":true,"href":"https:\/\/autopdz.com\/ar\/wp-json\/wp\/v2\/product_brand?post=39105"},{"taxonomy":"product_cat","embeddable":true,"href":"https:\/\/autopdz.com\/ar\/wp-json\/wp\/v2\/product_cat?post=39105"},{"taxonomy":"product_tag","embeddable":true,"href":"https:\/\/autopdz.com\/ar\/wp-json\/wp\/v2\/product_tag?post=39105"}],"curies":[{"name":"wp","href":"https:\/\/api.w.org\/{rel}","templated":true}]}}