{"id":3920,"date":"2024-07-20T19:07:18","date_gmt":"2024-07-20T18:07:18","guid":{"rendered":"https:\/\/autopdz.com\/product\/20-pieces-capuchons-decrou-chrome-universel\/"},"modified":"2024-07-20T19:07:18","modified_gmt":"2024-07-20T18:07:18","slug":"20-pieces-capuchons-decrou-chrome-universel","status":"publish","type":"product","link":"https:\/\/autopdz.com\/ar\/product\/20-pieces-capuchons-decrou-chrome-universel\/","title":{"rendered":"20 pi\u00e8ces capuchons d&rsquo;\u00e9crou- chrom\u00e9 universel"},"content":{"rendered":"<p>Principales caract\u00e9ristiques<br \/>\nLes Bouchons de hese Adaptent n&rsquo;Importe Quelle roue de Voiture dont les Boulons ou \u00e9crous est de 17mm.<\/p>\n<p>R\u00e9f\u00e9rence:Volkswagen Golf MK4,Bora,Passat,Beetle,Lupo,Polo,AlfaRomeo,Audi,BMW,Fiat,pour Ford,Mercedes-Benz,MINI,Nissan,Opel,Nissan,Peugeot,Renault,Saab,Seat,Skoda,Suzuki,Vauxhall,VW<br \/>\nFacile \u00e0 Installer, Poussez Simplement vers le bas sur vos Boulons pour un Ajustement Ferme<br \/>\nAm\u00e9liore la Finition des roues de Votre Voiture<br \/>\nProt\u00e8ge vos T\u00eates de Boulon de la Corrosion<br \/>\nFourni avec Outil de Suppression<br \/>\nContenu de la bo\u00eete<br \/>\n20 PCS PINCE DEMONTAGE<\/p>","protected":false},"excerpt":{"rendered":"<p>Principales caract\u00e9ristiques Les Bouchons de hese Adaptent n&rsquo;Importe Quelle roue de Voiture dont les Boulons ou \u00e9crous est de 17mm. R\u00e9f\u00e9rence:Volkswagen Golf MK4,Bora,Passat,Beetle,Lupo,Polo,AlfaRomeo,Audi,BMW,Fiat,pour Ford,Mercedes-Benz,MINI,Nissan,Opel,Nissan,Peugeot,Renault,Saab,Seat,Skoda,Suzuki,Vauxhall,VW Facile \u00e0 Installer, Poussez Simplement vers le bas sur vos Boulons pour un Ajustement Ferme Am\u00e9liore la Finition des roues de Votre Voiture Prot\u00e8ge vos T\u00eates de Boulon de la Corrosion [&hellip;]<\/p>","protected":false},"featured_media":3916,"comment_status":"open","ping_status":"closed","template":"","meta":[],"product_brand":[],"product_cat":[26],"product_tag":[],"class_list":{"0":"post-3920","1":"product","2":"type-product","3":"status-publish","4":"has-post-thumbnail","6":"product_cat-accessoires-exterieur","8":"first","9":"instock","10":"shipping-taxable","11":"purchasable","12":"product-type-simple"},"jetpack_sharing_enabled":true,"_links":{"self":[{"href":"https:\/\/autopdz.com\/ar\/wp-json\/wp\/v2\/product\/3920","targetHints":{"allow":["GET"]}}],"collection":[{"href":"https:\/\/autopdz.com\/ar\/wp-json\/wp\/v2\/product"}],"about":[{"href":"https:\/\/autopdz.com\/ar\/wp-json\/wp\/v2\/types\/product"}],"replies":[{"embeddable":true,"href":"https:\/\/autopdz.com\/ar\/wp-json\/wp\/v2\/comments?post=3920"}],"wp:featuredmedia":[{"embeddable":true,"href":"https:\/\/autopdz.com\/ar\/wp-json\/wp\/v2\/media\/3916"}],"wp:attachment":[{"href":"https:\/\/autopdz.com\/ar\/wp-json\/wp\/v2\/media?parent=3920"}],"wp:term":[{"taxonomy":"product_brand","embeddable":true,"href":"https:\/\/autopdz.com\/ar\/wp-json\/wp\/v2\/product_brand?post=3920"},{"taxonomy":"product_cat","embeddable":true,"href":"https:\/\/autopdz.com\/ar\/wp-json\/wp\/v2\/product_cat?post=3920"},{"taxonomy":"product_tag","embeddable":true,"href":"https:\/\/autopdz.com\/ar\/wp-json\/wp\/v2\/product_tag?post=3920"}],"curies":[{"name":"wp","href":"https:\/\/api.w.org\/{rel}","templated":true}]}}