{"id":39203,"date":"2026-04-27T14:54:32","date_gmt":"2026-04-27T13:54:32","guid":{"rendered":"https:\/\/autopdz.com\/product\/demarreur-multifonction-99800mah-avec-compresseur-dair\/"},"modified":"2026-04-27T14:54:32","modified_gmt":"2026-04-27T13:54:32","slug":"demarreur-multifonction-99800mah-avec-compresseur-dair","status":"publish","type":"product","link":"https:\/\/autopdz.com\/ar\/product\/demarreur-multifonction-99800mah-avec-compresseur-dair\/","title":{"rendered":"D\u00e9marreur Multifonction 99800mAh avec Compresseur d\u2019Air"},"content":{"rendered":"<p>Recharge les appareils num\u00e9riques:<\/p>\n<p>D\u00e9marreur d&rsquo;urgence haute capacit\u00e9 et multifonctionnel pouvant recharger divers t\u00e9l\u00e9phones portables<\/p>\n<p>\u00c9clairage d&rsquo;urgence LED:<\/p>\n<p>Excellent \u00e9quipement pour le camping et les loisirs. \u00c9clairage LED, bo\u00eetier de 100 g et conception antichoc. Haute luminosit\u00e9 import\u00e9e, longue port\u00e9e avec diff\u00e9rents modes d&rsquo;\u00e9clairage. La lampe torche \u00e9met un signal simple et fiable, avec une autonomie jusqu&rsquo;\u00e0 120 heures<\/p>\n<p>D\u00e9marrage de voiture d&rsquo;urgence:<\/p>\n<p>\u00c0 l&rsquo;\u00e9tat charg\u00e9, peut d\u00e9marrer la voiture pendant plus de 20 minutes avec de l&rsquo;humidit\u00e9. Peut d\u00e9marrer en cas d&rsquo;urgence la plupart des types de v\u00e9hicules compacts.<\/p>","protected":false},"excerpt":{"rendered":"<p>Recharge les appareils num\u00e9riques: D\u00e9marreur d&rsquo;urgence haute capacit\u00e9 et multifonctionnel pouvant recharger divers t\u00e9l\u00e9phones portables \u00c9clairage d&rsquo;urgence LED: Excellent \u00e9quipement pour le camping et les loisirs. \u00c9clairage LED, bo\u00eetier de 100 g et conception antichoc. Haute luminosit\u00e9 import\u00e9e, longue port\u00e9e avec diff\u00e9rents modes d&rsquo;\u00e9clairage. La lampe torche \u00e9met un signal simple et fiable, avec une [&hellip;]<\/p>","protected":false},"featured_media":39200,"comment_status":"open","ping_status":"closed","template":"","meta":[],"product_brand":[],"product_cat":[26,24],"product_tag":[],"class_list":{"0":"post-39203","1":"product","2":"type-product","3":"status-publish","4":"has-post-thumbnail","6":"product_cat-accessoires-exterieur","7":"product_cat-accessoires-interieur","9":"first","10":"instock","11":"shipping-taxable","12":"purchasable","13":"product-type-simple"},"jetpack_sharing_enabled":true,"_links":{"self":[{"href":"https:\/\/autopdz.com\/ar\/wp-json\/wp\/v2\/product\/39203","targetHints":{"allow":["GET"]}}],"collection":[{"href":"https:\/\/autopdz.com\/ar\/wp-json\/wp\/v2\/product"}],"about":[{"href":"https:\/\/autopdz.com\/ar\/wp-json\/wp\/v2\/types\/product"}],"replies":[{"embeddable":true,"href":"https:\/\/autopdz.com\/ar\/wp-json\/wp\/v2\/comments?post=39203"}],"wp:featuredmedia":[{"embeddable":true,"href":"https:\/\/autopdz.com\/ar\/wp-json\/wp\/v2\/media\/39200"}],"wp:attachment":[{"href":"https:\/\/autopdz.com\/ar\/wp-json\/wp\/v2\/media?parent=39203"}],"wp:term":[{"taxonomy":"product_brand","embeddable":true,"href":"https:\/\/autopdz.com\/ar\/wp-json\/wp\/v2\/product_brand?post=39203"},{"taxonomy":"product_cat","embeddable":true,"href":"https:\/\/autopdz.com\/ar\/wp-json\/wp\/v2\/product_cat?post=39203"},{"taxonomy":"product_tag","embeddable":true,"href":"https:\/\/autopdz.com\/ar\/wp-json\/wp\/v2\/product_tag?post=39203"}],"curies":[{"name":"wp","href":"https:\/\/api.w.org\/{rel}","templated":true}]}}