{"id":3922,"date":"2024-07-20T19:10:48","date_gmt":"2024-07-20T18:10:48","guid":{"rendered":"https:\/\/autopdz.com\/product\/tapis-de-voiture-1pcs\/"},"modified":"2024-07-20T19:10:48","modified_gmt":"2024-07-20T18:10:48","slug":"tapis-de-voiture-1pcs","status":"publish","type":"product","link":"https:\/\/autopdz.com\/ar\/product\/tapis-de-voiture-1pcs\/","title":{"rendered":"Tapis de voiture 1Pcs"},"content":{"rendered":"<p>Description<br \/>\nPour la protection de l&rsquo;int\u00e9rieur de votre voiture, optez pour le tapis de sol auto Universel et standard plat. Ce tapis en PVC et caoutchouc de couleur NOIR est tr\u00e8s r\u00e9sistant et facilement lavable. il prot\u00e9geront la moquette de votre v\u00e9hicule.<\/p>\n<p>Le tapis auto ne glisse pas gr\u00e2ce \u00e0 sa mati\u00e8re antid\u00e9rapante.  et retient la salet\u00e9 a son int\u00e9rieur sans laisser d\u00e9bord\u00e9 gr\u00e2ce a la conception de sa surface, L&rsquo;aspect chrom\u00e9 donnera \u00e0 votre voiture un style classe . 1 tapis  universels.<br \/>\nPrincipales caract\u00e9ristiques<br \/>\n1 pi\u00e8ces<br \/>\ntapis plat compatible avec toutes les voitures<br \/>\nid\u00e9al pour les grand espaces et les petites voitures<br \/>\nfait en PVC et caoutchouc<br \/>\nprot\u00e9geront la moquette de votre v\u00e9hicule.<br \/>\nDimensions : 67x47cm<\/p>","protected":false},"excerpt":{"rendered":"<p>Description Pour la protection de l&rsquo;int\u00e9rieur de votre voiture, optez pour le tapis de sol auto Universel et standard plat. Ce tapis en PVC et caoutchouc de couleur NOIR est tr\u00e8s r\u00e9sistant et facilement lavable. il prot\u00e9geront la moquette de votre v\u00e9hicule. Le tapis auto ne glisse pas gr\u00e2ce \u00e0 sa mati\u00e8re antid\u00e9rapante. et retient [&hellip;]<\/p>","protected":false},"featured_media":3921,"comment_status":"open","ping_status":"closed","template":"","meta":[],"product_brand":[],"product_cat":[24],"product_tag":[],"class_list":{"0":"post-3922","1":"product","2":"type-product","3":"status-publish","4":"has-post-thumbnail","6":"product_cat-accessoires-interieur","8":"first","9":"instock","10":"shipping-taxable","11":"purchasable","12":"product-type-simple"},"jetpack_sharing_enabled":true,"_links":{"self":[{"href":"https:\/\/autopdz.com\/ar\/wp-json\/wp\/v2\/product\/3922","targetHints":{"allow":["GET"]}}],"collection":[{"href":"https:\/\/autopdz.com\/ar\/wp-json\/wp\/v2\/product"}],"about":[{"href":"https:\/\/autopdz.com\/ar\/wp-json\/wp\/v2\/types\/product"}],"replies":[{"embeddable":true,"href":"https:\/\/autopdz.com\/ar\/wp-json\/wp\/v2\/comments?post=3922"}],"wp:featuredmedia":[{"embeddable":true,"href":"https:\/\/autopdz.com\/ar\/wp-json\/wp\/v2\/media\/3921"}],"wp:attachment":[{"href":"https:\/\/autopdz.com\/ar\/wp-json\/wp\/v2\/media?parent=3922"}],"wp:term":[{"taxonomy":"product_brand","embeddable":true,"href":"https:\/\/autopdz.com\/ar\/wp-json\/wp\/v2\/product_brand?post=3922"},{"taxonomy":"product_cat","embeddable":true,"href":"https:\/\/autopdz.com\/ar\/wp-json\/wp\/v2\/product_cat?post=3922"},{"taxonomy":"product_tag","embeddable":true,"href":"https:\/\/autopdz.com\/ar\/wp-json\/wp\/v2\/product_tag?post=3922"}],"curies":[{"name":"wp","href":"https:\/\/api.w.org\/{rel}","templated":true}]}}