{"id":3937,"date":"2024-07-20T21:20:02","date_gmt":"2024-07-20T20:20:02","guid":{"rendered":"https:\/\/autopdz.com\/product\/helicopter-desodorisant-de-voiture-a-energie-solaire\/"},"modified":"2025-12-13T12:56:38","modified_gmt":"2025-12-13T11:56:38","slug":"helicopter-desodorisant-de-voiture-a-energie-solaire","status":"publish","type":"product","link":"https:\/\/autopdz.com\/ar\/product\/helicopter-desodorisant-de-voiture-a-energie-solaire\/","title":{"rendered":"Helicopter d\u00e9sodorisant de voiture \u00e0 \u00e9nergie solaire"},"content":{"rendered":"<p>Rendez vos voyages en voiture plus lumineux et plus \u00e9l\u00e9gants avec les d\u00e9sodorisants de voiture au design unique en forme d&rsquo;\u00e9ventail.<\/p>\n<p>Ces d\u00e9sodorisants sont \u00e9quip\u00e9s d&rsquo;un ventilateur rotatif aliment\u00e9 par l&rsquo;\u00e9nergie solaire, qui donne \u00e0 votre voiture une touche de fra\u00eecheur et un merveilleux parfum pendant vos d\u00e9placements.<\/p>\n<p>Gr\u00e2ce \u00e0 leur design unique en forme d&rsquo;avion, ces d\u00e9sodorisants ajoutent une touche d&rsquo;\u00e9l\u00e9gance et de distinction \u00e0 l&rsquo;int\u00e9rieur de votre voiture.<\/p>","protected":false},"excerpt":{"rendered":"<p>Rendez vos voyages en voiture plus lumineux et plus \u00e9l\u00e9gants avec les d\u00e9sodorisants de voiture au design unique en forme d&rsquo;\u00e9ventail. Ces d\u00e9sodorisants sont \u00e9quip\u00e9s d&rsquo;un ventilateur rotatif aliment\u00e9 par l&rsquo;\u00e9nergie solaire, qui donne \u00e0 votre voiture une touche de fra\u00eecheur et un merveilleux parfum pendant vos d\u00e9placements. Gr\u00e2ce \u00e0 leur design unique en forme [&hellip;]<\/p>","protected":false},"featured_media":3936,"comment_status":"open","ping_status":"closed","template":"","meta":[],"product_brand":[],"product_cat":[24],"product_tag":[],"class_list":{"0":"post-3937","1":"product","2":"type-product","3":"status-publish","4":"has-post-thumbnail","6":"product_cat-accessoires-interieur","8":"first","9":"outofstock","10":"shipping-taxable","11":"purchasable","12":"product-type-simple"},"jetpack_sharing_enabled":true,"_links":{"self":[{"href":"https:\/\/autopdz.com\/ar\/wp-json\/wp\/v2\/product\/3937","targetHints":{"allow":["GET"]}}],"collection":[{"href":"https:\/\/autopdz.com\/ar\/wp-json\/wp\/v2\/product"}],"about":[{"href":"https:\/\/autopdz.com\/ar\/wp-json\/wp\/v2\/types\/product"}],"replies":[{"embeddable":true,"href":"https:\/\/autopdz.com\/ar\/wp-json\/wp\/v2\/comments?post=3937"}],"wp:featuredmedia":[{"embeddable":true,"href":"https:\/\/autopdz.com\/ar\/wp-json\/wp\/v2\/media\/3936"}],"wp:attachment":[{"href":"https:\/\/autopdz.com\/ar\/wp-json\/wp\/v2\/media?parent=3937"}],"wp:term":[{"taxonomy":"product_brand","embeddable":true,"href":"https:\/\/autopdz.com\/ar\/wp-json\/wp\/v2\/product_brand?post=3937"},{"taxonomy":"product_cat","embeddable":true,"href":"https:\/\/autopdz.com\/ar\/wp-json\/wp\/v2\/product_cat?post=3937"},{"taxonomy":"product_tag","embeddable":true,"href":"https:\/\/autopdz.com\/ar\/wp-json\/wp\/v2\/product_tag?post=3937"}],"curies":[{"name":"wp","href":"https:\/\/api.w.org\/{rel}","templated":true}]}}