{"id":39765,"date":"2026-05-05T14:29:44","date_gmt":"2026-05-05T13:29:44","guid":{"rendered":"https:\/\/autopdz.com\/product\/souffleur-a-air-turbo-super-puissant-avec-deux-batteries-48v-6-0ah\/"},"modified":"2026-05-05T14:29:44","modified_gmt":"2026-05-05T13:29:44","slug":"souffleur-a-air-turbo-super-puissant-avec-deux-batteries-48v-6-0ah","status":"publish","type":"product","link":"https:\/\/autopdz.com\/ar\/product\/souffleur-a-air-turbo-super-puissant-avec-deux-batteries-48v-6-0ah\/","title":{"rendered":"Souffleur \u00e0 Air Turbo Super Puissant avec deux batteries 48V 6.0Ah"},"content":{"rendered":"<p>Principales caract\u00e9ristiques<br \/>\nCaract\u00e9ristiques techniques :<br \/>\nVitesse du vent : 200 mph<br \/>\nPoids : 508 g.<br \/>\nAlimentation : batterie au lithium<br \/>\nBatterie: 13000HA<br \/>\nCouleur : noir, rouge, bleu, vert.<br \/>\nAutonomie de la batterie : ~ Faible vitesse: jusqu&rsquo;\u00e0 60 minutes ~ Vitesse moyenne: jusqu&rsquo;\u00e0 30 minutes ~ Haute vitesse : jusqu&rsquo;\u00e0 15 minutes<\/p>\n<p>Contenu de la livraison :<br \/>\n1 souffleur de feuilles sans fil.<br \/>\n1\/2 piles rechargeables 48 V.<br \/>\n1 chargeur de batterie.<\/p>","protected":false},"excerpt":{"rendered":"<p>Principales caract\u00e9ristiques Caract\u00e9ristiques techniques : Vitesse du vent : 200 mph Poids : 508 g. Alimentation : batterie au lithium Batterie: 13000HA Couleur : noir, rouge, bleu, vert. Autonomie de la batterie : ~ Faible vitesse: jusqu&rsquo;\u00e0 60 minutes ~ Vitesse moyenne: jusqu&rsquo;\u00e0 30 minutes ~ Haute vitesse : jusqu&rsquo;\u00e0 15 minutes Contenu de la [&hellip;]<\/p>","protected":false},"featured_media":39760,"comment_status":"open","ping_status":"closed","template":"","meta":[],"product_brand":[],"product_cat":[26],"product_tag":[],"class_list":{"0":"post-39765","1":"product","2":"type-product","3":"status-publish","4":"has-post-thumbnail","6":"product_cat-accessoires-exterieur","8":"first","9":"instock","10":"shipping-taxable","11":"purchasable","12":"product-type-simple"},"jetpack_sharing_enabled":true,"_links":{"self":[{"href":"https:\/\/autopdz.com\/ar\/wp-json\/wp\/v2\/product\/39765","targetHints":{"allow":["GET"]}}],"collection":[{"href":"https:\/\/autopdz.com\/ar\/wp-json\/wp\/v2\/product"}],"about":[{"href":"https:\/\/autopdz.com\/ar\/wp-json\/wp\/v2\/types\/product"}],"replies":[{"embeddable":true,"href":"https:\/\/autopdz.com\/ar\/wp-json\/wp\/v2\/comments?post=39765"}],"wp:featuredmedia":[{"embeddable":true,"href":"https:\/\/autopdz.com\/ar\/wp-json\/wp\/v2\/media\/39760"}],"wp:attachment":[{"href":"https:\/\/autopdz.com\/ar\/wp-json\/wp\/v2\/media?parent=39765"}],"wp:term":[{"taxonomy":"product_brand","embeddable":true,"href":"https:\/\/autopdz.com\/ar\/wp-json\/wp\/v2\/product_brand?post=39765"},{"taxonomy":"product_cat","embeddable":true,"href":"https:\/\/autopdz.com\/ar\/wp-json\/wp\/v2\/product_cat?post=39765"},{"taxonomy":"product_tag","embeddable":true,"href":"https:\/\/autopdz.com\/ar\/wp-json\/wp\/v2\/product_tag?post=39765"}],"curies":[{"name":"wp","href":"https:\/\/api.w.org\/{rel}","templated":true}]}}