{"id":4011,"date":"2024-07-21T21:42:22","date_gmt":"2024-07-21T20:42:22","guid":{"rendered":"https:\/\/autopdz.com\/?post_type=product&#038;p=4011"},"modified":"2025-07-09T12:03:07","modified_gmt":"2025-07-09T11:03:07","slug":"protection-de-porte-anti-colision-universel-5-metre","status":"publish","type":"product","link":"https:\/\/autopdz.com\/ar\/product\/protection-de-porte-anti-colision-universel-5-metre\/","title":{"rendered":"Protection de porte anti-colision universel 5 m\u00e8tre"},"content":{"rendered":"<p>Votre voiture est ray\u00e9e lorsque vous ouvrez les portes du parking ? Ne vous inqui\u00e9tez plus ! Obtenez une protection contre les chocs de classe mondiale pour les bords des portes de votre voiture. Profitez de la tranquillit\u00e9 d&rsquo;esprit et prot\u00e9gez la porti\u00e8re de votre voiture des rayures<\/p>\n<p>La longueur de 5 m\u00e8tres est suffisante pour tous les aspects de la voiture. Elle est disponible en plusieurs coloris selon vos go\u00fbts.<\/p>\n<p>facile a installer<\/p>\n<p>Compatible avec diff\u00e9rentes marques de voitures<\/p>\n<p>Longueur : 5 m\u00e8tres<\/p>\n<p>Couleurs : rouge\/noir\/blanc\/bleu<\/p>\n<p>Ce qui distingue notre produit :<\/p>\n<p>1. Design moderne et \u00e9l\u00e9gant : s&rsquo;adapte \u00e0 tous les types de voitures et ajoute un look attrayant \u00e0 votre voiture.<\/p>\n<p>2. Mat\u00e9riaux de haute qualit\u00e9 : fabriqu\u00e9s \u00e0 partir de mat\u00e9riaux solides et durables qui garantissent une protection efficace des portes de votre voiture pendant longtemps.<\/p>\n<p>3. Facile \u00e0 installer : il peut \u00eatre install\u00e9 facilement et sans aucun outil sp\u00e9cial, ce qui vous fait gagner du temps et des efforts.<\/p>\n<p>4. Protection compl\u00e8te : notre produit couvre une large zone sur les portes de votre voiture, la prot\u00e9geant compl\u00e8tement des chocs et des frottements.<\/p>\n<p>Profitez de la tranquillit\u00e9 d&rsquo;esprit lorsque vous garez votre voiture dans des espaces restreints. Obtenez un produit de protection de porte intelligent d\u00e8s aujourd&rsquo;hui et prot\u00e9gez votre voiture contre les dommages.<\/p>","protected":false},"excerpt":{"rendered":"<p>Votre voiture est ray\u00e9e lorsque vous ouvrez les portes du parking ? Ne vous inqui\u00e9tez plus ! Obtenez une protection contre les chocs de classe mondiale pour les bords des portes de votre voiture. Profitez de la tranquillit\u00e9 d&rsquo;esprit et prot\u00e9gez la porti\u00e8re de votre voiture des rayures La longueur de 5 m\u00e8tres est suffisante [&hellip;]<\/p>","protected":false},"featured_media":12269,"comment_status":"open","ping_status":"closed","template":"","meta":[],"product_brand":[],"product_cat":[26],"product_tag":[],"class_list":{"0":"post-4011","1":"product","2":"type-product","3":"status-publish","4":"has-post-thumbnail","6":"product_cat-accessoires-exterieur","8":"first","9":"instock","10":"sale","11":"shipping-taxable","12":"purchasable","13":"product-type-variable"},"jetpack_sharing_enabled":true,"_links":{"self":[{"href":"https:\/\/autopdz.com\/ar\/wp-json\/wp\/v2\/product\/4011","targetHints":{"allow":["GET"]}}],"collection":[{"href":"https:\/\/autopdz.com\/ar\/wp-json\/wp\/v2\/product"}],"about":[{"href":"https:\/\/autopdz.com\/ar\/wp-json\/wp\/v2\/types\/product"}],"replies":[{"embeddable":true,"href":"https:\/\/autopdz.com\/ar\/wp-json\/wp\/v2\/comments?post=4011"}],"wp:featuredmedia":[{"embeddable":true,"href":"https:\/\/autopdz.com\/ar\/wp-json\/wp\/v2\/media\/12269"}],"wp:attachment":[{"href":"https:\/\/autopdz.com\/ar\/wp-json\/wp\/v2\/media?parent=4011"}],"wp:term":[{"taxonomy":"product_brand","embeddable":true,"href":"https:\/\/autopdz.com\/ar\/wp-json\/wp\/v2\/product_brand?post=4011"},{"taxonomy":"product_cat","embeddable":true,"href":"https:\/\/autopdz.com\/ar\/wp-json\/wp\/v2\/product_cat?post=4011"},{"taxonomy":"product_tag","embeddable":true,"href":"https:\/\/autopdz.com\/ar\/wp-json\/wp\/v2\/product_tag?post=4011"}],"curies":[{"name":"wp","href":"https:\/\/api.w.org\/{rel}","templated":true}]}}