{"id":4122,"date":"2024-07-24T15:14:36","date_gmt":"2024-07-24T14:14:36","guid":{"rendered":"https:\/\/autopdz.com\/product\/bras-bouton-commande-volant-pour-radioaudiosmartphone-standard\/"},"modified":"2026-01-15T14:38:12","modified_gmt":"2026-01-15T13:38:12","slug":"bras-bouton-commande-volant-pour-radioaudiosmartphone-standard","status":"publish","type":"product","link":"https:\/\/autopdz.com\/ar\/product\/bras-bouton-commande-volant-pour-radioaudiosmartphone-standard\/","title":{"rendered":"Bras bouton commande volant pour Radio,Audio,Smartphone Standard"},"content":{"rendered":"<p>Caract\u00e9ristiques:<\/p>\n<p>1. Prend en charge divers lecteurs multim\u00e9dia de voiture Android\/Wince<\/p>\n<p>2. Muet, volume et programme suivant\/pr\u00e9c\u00e9dent (son, vid\u00e9o, radio, &#8230;)<\/p>\n<p>3. Autocollant\/4 vis \u00e0 fixer sur le volant de la voiture<\/p>\n<p>Ligne 4. 1M pour connecter la ligne de cl\u00e9 SWC du lecteur multim\u00e9dia de voiture<\/p>\n<p>5. Facile \u00e0 installer, entrez dans l&rsquo;interface SWC du lecteur multim\u00e9dia de voiture apr\u00e8s le c\u00e2blage, apprenez le c\u00e2blage<\/p>\n<p>Remarques:<\/p>\n<p>1. Ce produit n&rsquo;est pas une t\u00e9l\u00e9commande portable et ne peut pas \u00eatre utilis\u00e9 avec une tablette, un t\u00e9l\u00e9viseur domestique ou un appui-t\u00eate de voiture, un moniteur de toit&#8230; Il agit simplement comme un bouton de commande sur le volant de la voiture.<\/p>\n<p>2. Ce produit peut \u00eatre utilis\u00e9 avec l&rsquo;autoradio Wince ou l&rsquo;autoradio Android. Si votre autoradio est \u00e9quip\u00e9 de commandes au volant, nos produits fonctionnent, apr\u00e8s apprentissage des boutons pour contr\u00f4ler la radio, la musique ou la vid\u00e9o.<\/p>\n<p>3. Si votre autoradio n&rsquo;a pas de fonction de commande au volant, veuillez ne pas l&rsquo;acheter, nos produits ne peuvent pas \u00eatre utilis\u00e9s.<\/p>","protected":false},"excerpt":{"rendered":"<p>Caract\u00e9ristiques: 1. Prend en charge divers lecteurs multim\u00e9dia de voiture Android\/Wince 2. Muet, volume et programme suivant\/pr\u00e9c\u00e9dent (son, vid\u00e9o, radio, &#8230;) 3. Autocollant\/4 vis \u00e0 fixer sur le volant de la voiture Ligne 4. 1M pour connecter la ligne de cl\u00e9 SWC du lecteur multim\u00e9dia de voiture 5. Facile \u00e0 installer, entrez dans l&rsquo;interface SWC [&hellip;]<\/p>","protected":false},"featured_media":4120,"comment_status":"open","ping_status":"closed","template":"","meta":[],"product_brand":[],"product_cat":[24],"product_tag":[],"class_list":{"0":"post-4122","1":"product","2":"type-product","3":"status-publish","4":"has-post-thumbnail","6":"product_cat-accessoires-interieur","8":"first","9":"outofstock","10":"sale","11":"shipping-taxable","12":"purchasable","13":"product-type-simple"},"jetpack_sharing_enabled":true,"_links":{"self":[{"href":"https:\/\/autopdz.com\/ar\/wp-json\/wp\/v2\/product\/4122","targetHints":{"allow":["GET"]}}],"collection":[{"href":"https:\/\/autopdz.com\/ar\/wp-json\/wp\/v2\/product"}],"about":[{"href":"https:\/\/autopdz.com\/ar\/wp-json\/wp\/v2\/types\/product"}],"replies":[{"embeddable":true,"href":"https:\/\/autopdz.com\/ar\/wp-json\/wp\/v2\/comments?post=4122"}],"wp:featuredmedia":[{"embeddable":true,"href":"https:\/\/autopdz.com\/ar\/wp-json\/wp\/v2\/media\/4120"}],"wp:attachment":[{"href":"https:\/\/autopdz.com\/ar\/wp-json\/wp\/v2\/media?parent=4122"}],"wp:term":[{"taxonomy":"product_brand","embeddable":true,"href":"https:\/\/autopdz.com\/ar\/wp-json\/wp\/v2\/product_brand?post=4122"},{"taxonomy":"product_cat","embeddable":true,"href":"https:\/\/autopdz.com\/ar\/wp-json\/wp\/v2\/product_cat?post=4122"},{"taxonomy":"product_tag","embeddable":true,"href":"https:\/\/autopdz.com\/ar\/wp-json\/wp\/v2\/product_tag?post=4122"}],"curies":[{"name":"wp","href":"https:\/\/api.w.org\/{rel}","templated":true}]}}