{"id":4128,"date":"2024-07-24T15:29:47","date_gmt":"2024-07-24T14:29:47","guid":{"rendered":"https:\/\/autopdz.com\/product\/bequet-arriere-standard\/"},"modified":"2025-06-20T19:22:39","modified_gmt":"2025-06-20T18:22:39","slug":"bequet-arriere-standard","status":"publish","type":"product","link":"https:\/\/autopdz.com\/ar\/product\/bequet-arriere-standard\/","title":{"rendered":"B\u00e9quet Arri\u00e8re Standard"},"content":{"rendered":"<p>Am\u00e9liorez le look sportif de votre voiture avec cet \u00e9l\u00e9gant aileron arri\u00e8re<\/p>\n<p>. S&rsquo;adapte parfaitement aux mod\u00e8les Volkswagen, Audi, Benz, BMW, Hyundai, Kia et autres mod\u00e8les \u00e0 hayon.<\/p>\n<p>. Fabriqu\u00e9 avec des mat\u00e9riaux de haute qualit\u00e9 pour une durabilit\u00e9 et des performances durables<\/p>\n<p>. Facile \u00e0 installer sans per\u00e7age, ce qui vous fait gagner du temps et des tracas<\/p>\n<p>Am\u00e9liore l&rsquo;a\u00e9rodynamisme et la stabilit\u00e9, vous donnant un<\/p>\n<p>une conduite plus douce et plus s\u00fbre<\/p>","protected":false},"excerpt":{"rendered":"<p>Am\u00e9liorez le look sportif de votre voiture avec cet \u00e9l\u00e9gant aileron arri\u00e8re . S&rsquo;adapte parfaitement aux mod\u00e8les Volkswagen, Audi, Benz, BMW, Hyundai, Kia et autres mod\u00e8les \u00e0 hayon. . Fabriqu\u00e9 avec des mat\u00e9riaux de haute qualit\u00e9 pour une durabilit\u00e9 et des performances durables . Facile \u00e0 installer sans per\u00e7age, ce qui vous fait gagner du [&hellip;]<\/p>","protected":false},"featured_media":4126,"comment_status":"open","ping_status":"closed","template":"","meta":[],"product_brand":[],"product_cat":[26],"product_tag":[],"class_list":{"0":"post-4128","1":"product","2":"type-product","3":"status-publish","4":"has-post-thumbnail","6":"product_cat-accessoires-exterieur","8":"first","9":"instock","10":"sale","11":"shipping-taxable","12":"purchasable","13":"product-type-simple"},"jetpack_sharing_enabled":true,"_links":{"self":[{"href":"https:\/\/autopdz.com\/ar\/wp-json\/wp\/v2\/product\/4128","targetHints":{"allow":["GET"]}}],"collection":[{"href":"https:\/\/autopdz.com\/ar\/wp-json\/wp\/v2\/product"}],"about":[{"href":"https:\/\/autopdz.com\/ar\/wp-json\/wp\/v2\/types\/product"}],"replies":[{"embeddable":true,"href":"https:\/\/autopdz.com\/ar\/wp-json\/wp\/v2\/comments?post=4128"}],"wp:featuredmedia":[{"embeddable":true,"href":"https:\/\/autopdz.com\/ar\/wp-json\/wp\/v2\/media\/4126"}],"wp:attachment":[{"href":"https:\/\/autopdz.com\/ar\/wp-json\/wp\/v2\/media?parent=4128"}],"wp:term":[{"taxonomy":"product_brand","embeddable":true,"href":"https:\/\/autopdz.com\/ar\/wp-json\/wp\/v2\/product_brand?post=4128"},{"taxonomy":"product_cat","embeddable":true,"href":"https:\/\/autopdz.com\/ar\/wp-json\/wp\/v2\/product_cat?post=4128"},{"taxonomy":"product_tag","embeddable":true,"href":"https:\/\/autopdz.com\/ar\/wp-json\/wp\/v2\/product_tag?post=4128"}],"curies":[{"name":"wp","href":"https:\/\/api.w.org\/{rel}","templated":true}]}}