{"id":415,"date":"2023-08-30T20:07:00","date_gmt":"2023-08-30T19:07:00","guid":{"rendered":"https:\/\/autopdz.com\/?post_type=product&#038;p=415"},"modified":"2026-04-11T21:48:12","modified_gmt":"2026-04-11T20:48:12","slug":"coussin-daccoudoir","status":"publish","type":"product","link":"https:\/\/autopdz.com\/ar\/product\/coussin-daccoudoir\/","title":{"rendered":"Coussin d&rsquo;accoudoir"},"content":{"rendered":"<div>\n<p class=\"test\">Coussin d&rsquo;accoudoir de voiture en mousse \u00e0 m\u00e9moire de forme, coussin d&rsquo;accoudoir de console centrale avec sac de rangement pour t\u00e9l\u00e9phone, ajustement universel pour la plupart des voitures<\/p>\n<\/div>","protected":false},"excerpt":{"rendered":"<p>Coussin d&rsquo;accoudoir de voiture en mousse \u00e0 m\u00e9moire de forme, coussin d&rsquo;accoudoir de console centrale avec sac de rangement pour t\u00e9l\u00e9phone, ajustement universel pour la plupart des voitures<\/p>","protected":false},"featured_media":416,"comment_status":"open","ping_status":"closed","template":"","meta":[],"product_brand":[],"product_cat":[24],"product_tag":[27],"class_list":{"0":"post-415","1":"product","2":"type-product","3":"status-publish","4":"has-post-thumbnail","6":"product_cat-accessoires-interieur","7":"product_tag-accoudoir","9":"first","10":"instock","11":"sale","12":"shipping-taxable","13":"purchasable","14":"product-type-simple"},"jetpack_sharing_enabled":true,"_links":{"self":[{"href":"https:\/\/autopdz.com\/ar\/wp-json\/wp\/v2\/product\/415","targetHints":{"allow":["GET"]}}],"collection":[{"href":"https:\/\/autopdz.com\/ar\/wp-json\/wp\/v2\/product"}],"about":[{"href":"https:\/\/autopdz.com\/ar\/wp-json\/wp\/v2\/types\/product"}],"replies":[{"embeddable":true,"href":"https:\/\/autopdz.com\/ar\/wp-json\/wp\/v2\/comments?post=415"}],"wp:featuredmedia":[{"embeddable":true,"href":"https:\/\/autopdz.com\/ar\/wp-json\/wp\/v2\/media\/416"}],"wp:attachment":[{"href":"https:\/\/autopdz.com\/ar\/wp-json\/wp\/v2\/media?parent=415"}],"wp:term":[{"taxonomy":"product_brand","embeddable":true,"href":"https:\/\/autopdz.com\/ar\/wp-json\/wp\/v2\/product_brand?post=415"},{"taxonomy":"product_cat","embeddable":true,"href":"https:\/\/autopdz.com\/ar\/wp-json\/wp\/v2\/product_cat?post=415"},{"taxonomy":"product_tag","embeddable":true,"href":"https:\/\/autopdz.com\/ar\/wp-json\/wp\/v2\/product_tag?post=415"}],"curies":[{"name":"wp","href":"https:\/\/api.w.org\/{rel}","templated":true}]}}