{"id":426,"date":"2023-08-30T20:25:04","date_gmt":"2023-08-30T19:25:04","guid":{"rendered":"https:\/\/autopdz.com\/?post_type=product&#038;p=426"},"modified":"2025-07-01T09:13:06","modified_gmt":"2025-07-01T08:13:06","slug":"led-davertissement-douverture-de-porte-2pcs","status":"publish","type":"product","link":"https:\/\/autopdz.com\/ar\/product\/led-davertissement-douverture-de-porte-2pcs\/","title":{"rendered":"LED d&rsquo;avertissement d&rsquo;ouverture de porte 2pcs"},"content":{"rendered":"<div class=\"woocommerce-product-details__short-description\">\n<p><span style=\"color: #000000;\"><strong>D\u00e9tails<\/strong><\/span><br \/>\n<span style=\"color: #000000;\">Conduite en toute s\u00e9curit\u00e9 : lorsque la porte est allum\u00e9e, le voyant rouge clignote rapidement, avertit l\u2019arri\u00e8re de la voiture pour \u00e9viter la lumi\u00e8re faible lorsque l\u2019accident se produit et la chasse. Universel : convient pour toutes les voitures, SUV, camions, etc<\/span><br \/>\n<span style=\"color: #000000;\"><strong>Caract\u00e9ristique<\/strong><\/span><\/p>\n<ul>\n<li><span style=\"color: #000000;\">Lampe d\u2019avertissement de collision de porte de voiture<\/span><\/li>\n<li><span style=\"color: #000000;\">Avertissement d\u2019ouverture de porte et lampe de porte de voiture de bienvenue<\/span><\/li>\n<li><span style=\"color: #000000;\">Mat\u00e9riau: Silicone + LED<\/span><\/li>\n<li><span style=\"color: #000000;\">Tension d\u2019entr\u00e9e: 12V<\/span><\/li>\n<li><span style=\"color: #000000;\">Taux d\u2019\u00e9tanch\u00e9it\u00e9: IP68<\/span><\/li>\n<li><span style=\"color: #000000;\">Couleur de la lumi\u00e8re: blanc + rouge<\/span><\/li>\n<li><span style=\"color: #000000;\">Perles de lampe: mettez en \u00e9vidence 5050SMD<\/span><\/li>\n<li><span style=\"color: #000000;\">Puissance: 10W<\/span><\/li>\n<li><span style=\"color: #000000;\">Convenable: universel pour toutes les voitures<\/span><\/li>\n<li><span style=\"color: #000000;\">Caract\u00e9ristique: \u00e9tanche, Flash, fluide<\/span><\/li>\n<li><span style=\"color: #000000;\">Longueur de la bande: 47 pouces = 120 cm<\/span><\/li>\n<\/ul>\n<p><span style=\"color: #000000;\"><strong>Installation<\/strong><\/span><br \/>\n<span style=\"color: #000000;\">Installation facile 5050 perles LED de haute qualit\u00e9 Faible consommation d\u2019\u00e9nergie Longue dur\u00e9e de vie Lampes de s\u00e9curit\u00e9 Anti-Collision arri\u00e8re clignotantes stroboscopiques Anti-Collision, alarme clignotante \u00c9tanche, anti-poussi\u00e8re C\u00e2blage: le fil rouge se connecte au positif, le fil noir se connecte au n\u00e9gatif.<\/span><\/p>\n<\/div>\n<form class=\"cart\" action=\"https:\/\/new.letshop.dz\/boutique\/feux-lumineux-des-porte-pour-voiture\/\" enctype=\"multipart\/form-data\" method=\"post\">\n<div class=\"single-button-wrapper\">\n<div class=\"quantity\"><\/div>\n<\/div>\n<\/form>","protected":false},"excerpt":{"rendered":"<p>D\u00e9tails Conduite en toute s\u00e9curit\u00e9 : lorsque la porte est allum\u00e9e, le voyant rouge clignote rapidement, avertit l\u2019arri\u00e8re de la voiture pour \u00e9viter la lumi\u00e8re faible lorsque l\u2019accident se produit et la chasse. Universel : convient pour toutes les voitures, SUV, camions, etc Caract\u00e9ristique Lampe d\u2019avertissement de collision de porte de voiture Avertissement d\u2019ouverture de [&hellip;]<\/p>","protected":false},"featured_media":427,"comment_status":"open","ping_status":"closed","template":"","meta":[],"product_brand":[],"product_cat":[26,23],"product_tag":[],"class_list":{"0":"post-426","1":"product","2":"type-product","3":"status-publish","4":"has-post-thumbnail","6":"product_cat-accessoires-exterieur","7":"product_cat-eclairage","9":"first","10":"outofstock","11":"sale","12":"shipping-taxable","13":"purchasable","14":"product-type-simple"},"jetpack_sharing_enabled":true,"_links":{"self":[{"href":"https:\/\/autopdz.com\/ar\/wp-json\/wp\/v2\/product\/426","targetHints":{"allow":["GET"]}}],"collection":[{"href":"https:\/\/autopdz.com\/ar\/wp-json\/wp\/v2\/product"}],"about":[{"href":"https:\/\/autopdz.com\/ar\/wp-json\/wp\/v2\/types\/product"}],"replies":[{"embeddable":true,"href":"https:\/\/autopdz.com\/ar\/wp-json\/wp\/v2\/comments?post=426"}],"wp:featuredmedia":[{"embeddable":true,"href":"https:\/\/autopdz.com\/ar\/wp-json\/wp\/v2\/media\/427"}],"wp:attachment":[{"href":"https:\/\/autopdz.com\/ar\/wp-json\/wp\/v2\/media?parent=426"}],"wp:term":[{"taxonomy":"product_brand","embeddable":true,"href":"https:\/\/autopdz.com\/ar\/wp-json\/wp\/v2\/product_brand?post=426"},{"taxonomy":"product_cat","embeddable":true,"href":"https:\/\/autopdz.com\/ar\/wp-json\/wp\/v2\/product_cat?post=426"},{"taxonomy":"product_tag","embeddable":true,"href":"https:\/\/autopdz.com\/ar\/wp-json\/wp\/v2\/product_tag?post=426"}],"curies":[{"name":"wp","href":"https:\/\/api.w.org\/{rel}","templated":true}]}}