{"id":431,"date":"2023-08-30T20:48:55","date_gmt":"2023-08-30T19:48:55","guid":{"rendered":"https:\/\/autopdz.com\/?post_type=product&#038;p=431"},"modified":"2025-04-26T12:10:03","modified_gmt":"2025-04-26T11:10:03","slug":"ventilateur-de-voiture-12v-doubles-tetes-rotatives","status":"publish","type":"product","link":"https:\/\/autopdz.com\/ar\/product\/ventilateur-de-voiture-12v-doubles-tetes-rotatives\/","title":{"rendered":"Ventilateur De Voiture 12v Doubles T\u00eates Rotatives"},"content":{"rendered":"<div class=\"ma-GxC\">Description<\/div>\n<div class=\"Sic9I6 JDGdMF QyibL0\" data-testid=\"description-content\">\n<ul>\n<li>CONCEPTION \u00c0 DOUBLE T\u00caTE &#8211; AveDeux t\u00eates rotatives, un vent tr\u00e8s fort, refroidit le conducteur et les passagers instantan\u00e9ment en m\u00eame temps, et est livr\u00e9 avec une base adh\u00e9sive pour fixer le ventilateur au tableau de bord ou \u00e0 l&rsquo;accoudoir du si\u00e8ge.<\/li>\n<li>R\u00c9GLABLE ET FLEXIBLE &#8211; Le ventilateur du v\u00e9hicule en plastique ABS de haute qualit\u00e9, tr\u00e8s robuste et durable, le mini ventilateur peut \u00eatre tourn\u00e9 \u00e0 360 \u00b0 de haut en bas et la rotation horizontale peut \u00eatre tourn\u00e9e \u00e0 180 \u00b0. Dans la chaleur, vous pouvez profiter de la brise dans toutes les directions.<\/li>\n<li>VITESSES R\u00c9GLABLES &#8211; 2 vitesses peuvent \u00eatre ajust\u00e9es selon vos besoins, tournez le commutateur sur \u00ab\u00a01\u00a0\u00bb ou \u00ab\u00a02\u00a0\u00bb pour la s\u00e9lection. Vent fort, faible bruit, air froid rapidement. L&rsquo;am\u00e9lioration de la circulation de l&rsquo;air et de la qualit\u00e9 de l&rsquo;air reste fra\u00eeche et fra\u00eeche dans les v\u00e9hicules.<\/li>\n<li>FAIBLE BRUIT ET CORDON 1,8 M &#8211; Vent fort mais faible bruit et est livr\u00e9 avec des coussins super-adh\u00e9sifs pour fixer le ventilateur au tableau de bord ou \u00e0 l&rsquo;accoudoir. Avec un c\u00e2ble d&rsquo;alimentation de 1,8 m, la puissance du ventilateur est tr\u00e8s pratique, confortable pour votre b\u00e9b\u00e9, invit\u00e9 ou chien de compagnie sur le si\u00e8ge arri\u00e8re.<\/li>\n<li>ADAPT\u00c9 AUX TYPES DE V\u00c9HICULES MUST &#8211; Convient \u00e0 toutes les voitures familiales des bateaux SUV RV ATV avec un allume-cigare 12V. Aliment\u00e9 par 12 V, le ventilateur de votre v\u00e9hicule \u00e9conomise de l&rsquo;\u00e9lectricit\u00e9 et du carburant. (uniquement disponible pour les voitures 12 V, les voitures 24 V ne conviennent pas).<\/li>\n<\/ul>\n<p><b>Description du produit<\/b><br \/>\n<b>Fonctionnalit\u00e9s:<\/b><br \/>\nRotation \u00e0 360 degr\u00e9s<br \/>\nLe ventilateur de voiture 12V est \u00e9quip\u00e9 d&rsquo;une double t\u00eate rotative \u00e0 360 degr\u00e9s pour souffler de l&rsquo;air chaud hors de votre voiture gar\u00e9e en quelques secondes dans n&rsquo;importe quelle direction.<br \/>\n2 vitesses<br \/>\nVITESSES R\u00c9GLABLES: 2 vitesses peuvent \u00eatre ajust\u00e9es en fonction de vos besoins, basculez l&rsquo;interrupteur sur \u00ab1\u00bb ou \u00ab2\u00bb pour choisir. Vent fort, faible bruit, air frais rapidement.<br \/>\nAutocollants autocollants solides<br \/>\nAvec 2 autocollants pour fixer le ventilateur au tableau de bord ou \u00e0 la zone de l&rsquo;accoudoir du si\u00e8ge.<br \/>\nconception de fermeture en maille s\u00fbre, sans danger pour les b\u00e9b\u00e9s et les animaux domestiques Couvercle du ventilateur amovible, facile \u00e0 nettoyer<br \/>\nLe ventilateur 12 V convient \u00e0 tout petit, compact, moyen ou grand v\u00e9hicule, SUV, voiture, fourgonnette, camion, maison mobile, VTT ou bateau.<br \/>\n<b>Mode d&#8217;emploi<\/b><br \/>\n1. Veuillez garder l&rsquo;interrupteur \u00e9teint avant utilisation.<br \/>\n2. D\u00e9marrez la voiture et connectez-la \u00e0 l&rsquo;allume-cigare.<br \/>\n3. Ajustez l&rsquo;angle du ventilateur et activez l&rsquo;interrupteur pour s\u00e9lectionner.<br \/>\n4. Apr\u00e8s utilisation, mettez l&rsquo;interrupteur sur \u00abOFF\u00bb et retirez-le de l&rsquo;allume-cigare.<br \/>\n<b>Sp\u00e9cifications:<\/b><br \/>\nTaille: ventilateurs ABS de 4 pouces<br \/>\nCouleur: noir<br \/>\nTension: DC 12 V<br \/>\nPuissance: 8 W (\u00b1 20%)<br \/>\nNiveau sonore: \u226450db<br \/>\nTaille de l&#8217;emballage: 27,5 * 11,5 * 12 cm<br \/>\nLieu d&rsquo;installation: tableau de bord, zone d&rsquo;accoudoir de si\u00e8ge, visi\u00e8re, lanterneau, etc.<br \/>\nContenu de la livraison: 1 x ventilateur de voiture 12 V<br \/>\n1 x autocollant<br \/>\n1 x long c\u00e2ble adaptateur de 1,8 m\u00e8tre<br \/>\n1 x manuel d&rsquo;utilisation<\/p>\n<\/div>","protected":false},"excerpt":{"rendered":"<p>Description CONCEPTION \u00c0 DOUBLE T\u00caTE &#8211; AveDeux t\u00eates rotatives, un vent tr\u00e8s fort, refroidit le conducteur et les passagers instantan\u00e9ment en m\u00eame temps, et est livr\u00e9 avec une base adh\u00e9sive pour fixer le ventilateur au tableau de bord ou \u00e0 l&rsquo;accoudoir du si\u00e8ge. R\u00c9GLABLE ET FLEXIBLE &#8211; Le ventilateur du v\u00e9hicule en plastique ABS de [&hellip;]<\/p>","protected":false},"featured_media":436,"comment_status":"open","ping_status":"closed","template":"","meta":[],"product_brand":[],"product_cat":[24],"product_tag":[29],"class_list":{"0":"post-431","1":"product","2":"type-product","3":"status-publish","4":"has-post-thumbnail","6":"product_cat-accessoires-interieur","7":"product_tag-ventilateur-voiture","9":"first","10":"instock","11":"sale","12":"shipping-taxable","13":"purchasable","14":"product-type-simple"},"jetpack_sharing_enabled":true,"_links":{"self":[{"href":"https:\/\/autopdz.com\/ar\/wp-json\/wp\/v2\/product\/431","targetHints":{"allow":["GET"]}}],"collection":[{"href":"https:\/\/autopdz.com\/ar\/wp-json\/wp\/v2\/product"}],"about":[{"href":"https:\/\/autopdz.com\/ar\/wp-json\/wp\/v2\/types\/product"}],"replies":[{"embeddable":true,"href":"https:\/\/autopdz.com\/ar\/wp-json\/wp\/v2\/comments?post=431"}],"wp:featuredmedia":[{"embeddable":true,"href":"https:\/\/autopdz.com\/ar\/wp-json\/wp\/v2\/media\/436"}],"wp:attachment":[{"href":"https:\/\/autopdz.com\/ar\/wp-json\/wp\/v2\/media?parent=431"}],"wp:term":[{"taxonomy":"product_brand","embeddable":true,"href":"https:\/\/autopdz.com\/ar\/wp-json\/wp\/v2\/product_brand?post=431"},{"taxonomy":"product_cat","embeddable":true,"href":"https:\/\/autopdz.com\/ar\/wp-json\/wp\/v2\/product_cat?post=431"},{"taxonomy":"product_tag","embeddable":true,"href":"https:\/\/autopdz.com\/ar\/wp-json\/wp\/v2\/product_tag?post=431"}],"curies":[{"name":"wp","href":"https:\/\/api.w.org\/{rel}","templated":true}]}}