{"id":4328,"date":"2024-07-28T18:45:10","date_gmt":"2024-07-28T17:45:10","guid":{"rendered":"https:\/\/autopdz.com\/?post_type=product&#038;p=4328"},"modified":"2024-07-28T18:47:35","modified_gmt":"2024-07-28T17:47:35","slug":"delxo-enceinte-bluetooth-avec-ventilateur-rgb","status":"publish","type":"product","link":"https:\/\/autopdz.com\/ar\/product\/delxo-enceinte-bluetooth-avec-ventilateur-rgb\/","title":{"rendered":"Delxo Enceinte Bluetooth avec ventilateur RGB"},"content":{"rendered":"<p>Meilleur choix de cadeau les haut-parleurs Bluetooth sont un choix de cadeau pratique et attentionn\u00e9. La taille compacte et la construction durable le rendent id\u00e9al pour une utilisation en int\u00e9rieur et en ext\u00e9rieur, id\u00e9al pour les cadeaux de vacances ou les cadeaux d&rsquo;anniversaire pour les amis, les parents et les personnes \u00e2g\u00e9es. Que ce soit lors d&rsquo;activit\u00e9s de plein air, de rassemblements en int\u00e9rieur ou de travail au bureau, il peut apporter de la joie et une exp\u00e9rience musicale joyeuse. Le meilleur cadeau id\u00e9al pour les anniversaires,  la f\u00eate des m\u00e8res, la f\u00eate des p\u00e8res.<\/p>\n<p>Type de montage : Conf\u00e9rencier<br \/>\nMat\u00e9riel : Aluminium, plastique, acrylonitrile butadi\u00e8ne styr\u00e8ne (ABS)<br \/>\nType de haut-parleur : Int\u00e9gr\u00e9<br \/>\nUne fonction sp\u00e9ciale :  Amplification des basses, portable, lumi\u00e8re LED, l\u00e9ger, couplage st\u00e9r\u00e9o<br \/>\nUtilisations recommand\u00e9es pour le produit :  Int\u00e9rieur<br \/>\nAppareils compatibles : Lecteur MP3, ordinateur portable, tablette, smartphone<br \/>\nDiam\u00e8tre du caisson de basses : 4 pouces<br \/>\nNombre d&rsquo;unit\u00e9s : 1,0 Nombre<br \/>\nType de contr\u00f4leur : Bouton<br \/>\nConfiguration des canaux de son surround : 5.1<br \/>\nCouleur :  Noir<br \/>\nComposants inclus : ventilateur de bureau, haut-parleur Bluetooth<br \/>\nPort\u00e9e maximale : 100 pieds<br \/>\nTechnologie de communication sans fil : Bluetooth, radiofr\u00e9quence<br \/>\nTaille du haut-parleur : 4 pouces<br \/>\nSource d&rsquo;\u00e9nergie : Aliment\u00e9 par pile<br \/>\nType de service du v\u00e9hicule : Bus, Voiturette de golf, Moto, Voiture, Camion, V\u00e9lo, Tracteur, Bateau<\/p>","protected":false},"excerpt":{"rendered":"<p>Meilleur choix de cadeau les haut-parleurs Bluetooth sont un choix de cadeau pratique et attentionn\u00e9. La taille compacte et la construction durable le rendent id\u00e9al pour une utilisation en int\u00e9rieur et en ext\u00e9rieur, id\u00e9al pour les cadeaux de vacances ou les cadeaux d&rsquo;anniversaire pour les amis, les parents et les personnes \u00e2g\u00e9es. Que ce soit [&hellip;]<\/p>","protected":false},"featured_media":4325,"comment_status":"open","ping_status":"closed","template":"","meta":[],"product_brand":[],"product_cat":[15],"product_tag":[],"class_list":{"0":"post-4328","1":"product","2":"type-product","3":"status-publish","4":"has-post-thumbnail","6":"product_cat-divers","8":"first","9":"instock","10":"shipping-taxable","11":"purchasable","12":"product-type-variable"},"jetpack_sharing_enabled":true,"_links":{"self":[{"href":"https:\/\/autopdz.com\/ar\/wp-json\/wp\/v2\/product\/4328","targetHints":{"allow":["GET"]}}],"collection":[{"href":"https:\/\/autopdz.com\/ar\/wp-json\/wp\/v2\/product"}],"about":[{"href":"https:\/\/autopdz.com\/ar\/wp-json\/wp\/v2\/types\/product"}],"replies":[{"embeddable":true,"href":"https:\/\/autopdz.com\/ar\/wp-json\/wp\/v2\/comments?post=4328"}],"wp:featuredmedia":[{"embeddable":true,"href":"https:\/\/autopdz.com\/ar\/wp-json\/wp\/v2\/media\/4325"}],"wp:attachment":[{"href":"https:\/\/autopdz.com\/ar\/wp-json\/wp\/v2\/media?parent=4328"}],"wp:term":[{"taxonomy":"product_brand","embeddable":true,"href":"https:\/\/autopdz.com\/ar\/wp-json\/wp\/v2\/product_brand?post=4328"},{"taxonomy":"product_cat","embeddable":true,"href":"https:\/\/autopdz.com\/ar\/wp-json\/wp\/v2\/product_cat?post=4328"},{"taxonomy":"product_tag","embeddable":true,"href":"https:\/\/autopdz.com\/ar\/wp-json\/wp\/v2\/product_tag?post=4328"}],"curies":[{"name":"wp","href":"https:\/\/api.w.org\/{rel}","templated":true}]}}