{"id":4339,"date":"2024-07-28T18:59:01","date_gmt":"2024-07-28T17:59:01","guid":{"rendered":"https:\/\/autopdz.com\/product\/4pcs-jeu-enjoliveurs-de-roue-14-lemans-pro-silver-black\/"},"modified":"2025-04-07T11:47:40","modified_gmt":"2025-04-07T10:47:40","slug":"4pcs-jeu-enjoliveurs-de-roue-14-lemans-pro-silver-black","status":"publish","type":"product","link":"https:\/\/autopdz.com\/ar\/product\/4pcs-jeu-enjoliveurs-de-roue-14-lemans-pro-silver-black\/","title":{"rendered":"4pcs Jeu Enjoliveurs De Roue 14&Prime; LEMANS PRO SILVER BLACK"},"content":{"rendered":"<p>Les enjoliveurs 14 pouces Gorecki Le Mans Pro argent\/noir conf\u00e8rent \u00e0 votre voiture un nouveau et magnifique look. L&rsquo;ensemble se compose de quatre enjoliveurs joliment con\u00e7us, qui conviennent aux jantes en acier. Le capuchon de roue est fabriqu\u00e9 en plastique ABS durable et r\u00e9sistant aux impacts. Les enjoliveurs Gorecki ont un ajustement original et s&rsquo;adaptent parfaitement \u00e0 chaque voiture gr\u00e2ce \u00e0 la bague de serrage r\u00e9glable. Le capuchon de roue est dot\u00e9 d&rsquo;un rev\u00eatement anti-salissures et est donc facile \u00e0 nettoyer. N&rsquo;utilisez pas de d\u00e9tergent agressif pour le nettoyage! Les enjoliveurs Gorecki sont fabriqu\u00e9s en Europe et sont toujours livr\u00e9s par jeu de 4 pi\u00e8ces.<\/p>","protected":false},"excerpt":{"rendered":"<p>Les enjoliveurs 14 pouces Gorecki Le Mans Pro argent\/noir conf\u00e8rent \u00e0 votre voiture un nouveau et magnifique look. L&rsquo;ensemble se compose de quatre enjoliveurs joliment con\u00e7us, qui conviennent aux jantes en acier. Le capuchon de roue est fabriqu\u00e9 en plastique ABS durable et r\u00e9sistant aux impacts. Les enjoliveurs Gorecki ont un ajustement original et s&rsquo;adaptent [&hellip;]<\/p>","protected":false},"featured_media":4337,"comment_status":"open","ping_status":"closed","template":"","meta":[],"product_brand":[],"product_cat":[26],"product_tag":[],"class_list":{"0":"post-4339","1":"product","2":"type-product","3":"status-publish","4":"has-post-thumbnail","6":"product_cat-accessoires-exterieur","8":"first","9":"outofstock","10":"shipping-taxable","11":"purchasable","12":"product-type-simple"},"jetpack_sharing_enabled":true,"_links":{"self":[{"href":"https:\/\/autopdz.com\/ar\/wp-json\/wp\/v2\/product\/4339","targetHints":{"allow":["GET"]}}],"collection":[{"href":"https:\/\/autopdz.com\/ar\/wp-json\/wp\/v2\/product"}],"about":[{"href":"https:\/\/autopdz.com\/ar\/wp-json\/wp\/v2\/types\/product"}],"replies":[{"embeddable":true,"href":"https:\/\/autopdz.com\/ar\/wp-json\/wp\/v2\/comments?post=4339"}],"wp:featuredmedia":[{"embeddable":true,"href":"https:\/\/autopdz.com\/ar\/wp-json\/wp\/v2\/media\/4337"}],"wp:attachment":[{"href":"https:\/\/autopdz.com\/ar\/wp-json\/wp\/v2\/media?parent=4339"}],"wp:term":[{"taxonomy":"product_brand","embeddable":true,"href":"https:\/\/autopdz.com\/ar\/wp-json\/wp\/v2\/product_brand?post=4339"},{"taxonomy":"product_cat","embeddable":true,"href":"https:\/\/autopdz.com\/ar\/wp-json\/wp\/v2\/product_cat?post=4339"},{"taxonomy":"product_tag","embeddable":true,"href":"https:\/\/autopdz.com\/ar\/wp-json\/wp\/v2\/product_tag?post=4339"}],"curies":[{"name":"wp","href":"https:\/\/api.w.org\/{rel}","templated":true}]}}