{"id":440,"date":"2023-08-31T21:48:52","date_gmt":"2023-08-31T20:48:52","guid":{"rendered":"https:\/\/autopdz.com\/?post_type=product&#038;p=440"},"modified":"2025-07-01T13:52:55","modified_gmt":"2025-07-01T12:52:55","slug":"ventilateur-de-voiture-a-double-tete","status":"publish","type":"product","link":"https:\/\/autopdz.com\/ar\/product\/ventilateur-de-voiture-a-double-tete\/","title":{"rendered":"Ventilateur de voiture \u00e0 double t\u00eate"},"content":{"rendered":"<h1 class=\"a-size-base-plus a-text-bold\">\u00c0 propos de cet article<\/h1>\n<ul class=\"a-unordered-list a-vertical a-spacing-mini\">\n<li class=\"a-spacing-mini\"><span class=\"a-list-item\">\u3010Large application\u3011&#8212; Le ventilateur \u00e0 faible bruit convient aux petits, compacts, moyens ou grands v\u00e9hicules, SUV, berlines, voitures, camions, camping-cars, VTT, bureaux ou \u00e0 la maison. Les super tampons adh\u00e9sifs rendent l&rsquo;installation plus stable et il n&rsquo;est pas facile de tomber sur des routes cahoteuses.<\/span><\/li>\n<li class=\"a-spacing-mini\"><span class=\"a-list-item\">\u3010Taille compacte\u3011&#8212; La taille globale de ce ventilateur de table \u00e9lectrique \u00e0 double t\u00eate est d&rsquo;environ 22*11*16cm \/ 8,66&Prime; * 4,33&Prime; * 2,30&Prime;, et chaque diam\u00e8tre de ventilateur est d&rsquo;environ 10,5cm \/ 4,13&Prime;, ne prenant pas trop de place beaucoup d&rsquo;espace et ne pas bloquer la vue de conduite si vous l&rsquo;installez sur le tableau de bord de votre voiture, \u00e9galement pratique \u00e0 transporter.<\/span><\/li>\n<li class=\"a-spacing-mini\"><span class=\"a-list-item\">\u3010Confortable et propre\u3011&#8212; Moteur int\u00e9gr\u00e9 de haute qualit\u00e9, avec une conception \u00e0 haute vitesse et \u00e0 2 vitesses, le ventilateur de voiture \u00e0 vent fort dissipera la chaleur et vous refroidira rapidement et \u00e9liminera la fum\u00e9e ou la poussi\u00e8re de tabac de cigarette ind\u00e9sirable, \u00e9liminer les animaux de compagnie odeurs, am\u00e9liore la circulation de l&rsquo;air et garde l&rsquo;air frais.<\/span><\/li>\n<li class=\"a-spacing-mini\"><span class=\"a-list-item\">\u3010Rotation multiangle\u3011&#8212; R\u00e9glage horizontal \u00e0 360\u00b0 et vertical \u00e0 180\u00b0, vous pouvez simplement fixer le ventilateur portable \u00e0 votre emplacement pr\u00e9f\u00e9r\u00e9, pratique pour le conducteur et les passagers pour profiter de l&rsquo;air frais.<\/span><\/li>\n<li class=\"a-spacing-mini\"><span class=\"a-list-item\">\u3010Conception d&rsquo;interface d&rsquo;alimentation attentionn\u00e9e\u3011&#8212; Ce ventilateur de voiture pour tableau de bord est con\u00e7u avec connecteur d&rsquo;alimentation\u00a0 allume-cigare 12V, qui peuvent \u00eatre aliment\u00e9s facilement par une banque d&rsquo;alimentation, une voiture ou un camion.<\/span><\/li>\n<\/ul>","protected":false},"excerpt":{"rendered":"<p>\u00c0 propos de cet article \u3010Large application\u3011&#8212; Le ventilateur \u00e0 faible bruit convient aux petits, compacts, moyens ou grands v\u00e9hicules, SUV, berlines, voitures, camions, camping-cars, VTT, bureaux ou \u00e0 la maison. Les super tampons adh\u00e9sifs rendent l&rsquo;installation plus stable et il n&rsquo;est pas facile de tomber sur des routes cahoteuses. \u3010Taille compacte\u3011&#8212; La taille globale [&hellip;]<\/p>","protected":false},"featured_media":13910,"comment_status":"open","ping_status":"closed","template":"","meta":[],"product_brand":[],"product_cat":[24],"product_tag":[30],"class_list":{"0":"post-440","1":"product","2":"type-product","3":"status-publish","4":"has-post-thumbnail","6":"product_cat-accessoires-interieur","7":"product_tag-car-fan","9":"first","10":"instock","11":"sale","12":"featured","13":"shipping-taxable","14":"purchasable","15":"product-type-simple"},"jetpack_sharing_enabled":true,"_links":{"self":[{"href":"https:\/\/autopdz.com\/ar\/wp-json\/wp\/v2\/product\/440","targetHints":{"allow":["GET"]}}],"collection":[{"href":"https:\/\/autopdz.com\/ar\/wp-json\/wp\/v2\/product"}],"about":[{"href":"https:\/\/autopdz.com\/ar\/wp-json\/wp\/v2\/types\/product"}],"replies":[{"embeddable":true,"href":"https:\/\/autopdz.com\/ar\/wp-json\/wp\/v2\/comments?post=440"}],"wp:featuredmedia":[{"embeddable":true,"href":"https:\/\/autopdz.com\/ar\/wp-json\/wp\/v2\/media\/13910"}],"wp:attachment":[{"href":"https:\/\/autopdz.com\/ar\/wp-json\/wp\/v2\/media?parent=440"}],"wp:term":[{"taxonomy":"product_brand","embeddable":true,"href":"https:\/\/autopdz.com\/ar\/wp-json\/wp\/v2\/product_brand?post=440"},{"taxonomy":"product_cat","embeddable":true,"href":"https:\/\/autopdz.com\/ar\/wp-json\/wp\/v2\/product_cat?post=440"},{"taxonomy":"product_tag","embeddable":true,"href":"https:\/\/autopdz.com\/ar\/wp-json\/wp\/v2\/product_tag?post=440"}],"curies":[{"name":"wp","href":"https:\/\/api.w.org\/{rel}","templated":true}]}}