{"id":445,"date":"2023-08-31T21:54:55","date_gmt":"2023-08-31T20:54:55","guid":{"rendered":"https:\/\/autopdz.com\/?post_type=product&#038;p=445"},"modified":"2023-08-31T21:54:56","modified_gmt":"2023-08-31T20:54:56","slug":"crochet-pour-appuie-tete-de-voiture","status":"publish","type":"product","link":"https:\/\/autopdz.com\/ar\/product\/crochet-pour-appuie-tete-de-voiture\/","title":{"rendered":"Crochet pour Appuie-t\u00eate de Voiture"},"content":{"rendered":"<h1 class=\"a-size-base-plus a-text-bold\">\u00c0 propos de cet article<\/h1>\n<ul class=\"a-unordered-list a-vertical a-spacing-mini\">\n<li class=\"a-spacing-mini\"><span class=\"a-list-item\">Mat\u00e9riau de Qualit\u00e9 Sup\u00e9rieure : ce crochet pour appuie-t\u00eate de voiture est fabriqu\u00e9 en ABS et caoutchouc de silicone de haute qualit\u00e9, flexible, durable et respectueux de l&rsquo;environnement. Conception l\u00e9g\u00e8re et compacte, facile \u00e0 utiliser. Ne se cassera pas ou ne s&rsquo;\u00e9caillera pas.<\/span><\/li>\n<li class=\"a-spacing-mini\"><span class=\"a-list-item\">Rotation \u00e0 360 \u00b0, propre et s\u00fbre : les crochets de l&rsquo;appui-t\u00eate peuvent \u00eatre pivot\u00e9s \u00e0 360 degr\u00e9s horizontalement apr\u00e8s l&rsquo;installation. En tournant, les crochets de sac de voiture peuvent \u00eatre utilis\u00e9s sur le si\u00e8ge avant ou le si\u00e8ge arri\u00e8re, et la fonction de verrouillage le maintient solidement en place. Vous pouvez cacher le crochet de sac \u00e0 main de voiture lorsqu&rsquo;il n&rsquo;est pas utilis\u00e9.<\/span><\/li>\n<li class=\"a-spacing-mini\"><span class=\"a-list-item\">Installation Facile : installation facile et rapide. Aucun adh\u00e9sif ni outil n&rsquo;est n\u00e9cessaire, pas besoin de d\u00e9monter l&rsquo;appui-t\u00eate, ins\u00e9rez simplement la tige de l&rsquo;appui-t\u00eate et tournez le couvercle de la serrure dans le sens des aiguilles d&rsquo;une montre, et il y a deux coussins pour rendre le crochet plus stable et ne pas tomber. Installez en quelques secondes. Il est \u00e9galement facile \u00e0 d\u00e9monter ou \u00e0 remplacer par une autre voiture lorsqu&rsquo;il n&rsquo;est pas utilis\u00e9.<\/span><\/li>\n<li class=\"a-spacing-mini\"><span class=\"a-list-item\">Crochets de Voiture Avec Support de T\u00e9l\u00e9phone 2 en 1 : il combine parfaitement le support de t\u00e9l\u00e9phone portable et le crochet de voiture \u2013 accrochez un sac \u00e0 main ou des sacs d&rsquo;\u00e9picerie. Le crochet de voiture peut accrocher des courses, des v\u00eatements, des parapluies, des sacs \u00e0 main, des bouteilles d&rsquo;eau, des jouets pour enfants, des produits pour b\u00e9b\u00e9, etc. Il peut \u00e9galement \u00eatre utilis\u00e9 comme support de t\u00e9l\u00e9phone portable \u00e0 l&rsquo;arri\u00e8re pour lib\u00e9rer vos mains.<\/span><\/li>\n<\/ul>","protected":false},"excerpt":{"rendered":"<p>\u00c0 propos de cet article Mat\u00e9riau de Qualit\u00e9 Sup\u00e9rieure : ce crochet pour appuie-t\u00eate de voiture est fabriqu\u00e9 en ABS et caoutchouc de silicone de haute qualit\u00e9, flexible, durable et respectueux de l&rsquo;environnement. Conception l\u00e9g\u00e8re et compacte, facile \u00e0 utiliser. Ne se cassera pas ou ne s&rsquo;\u00e9caillera pas. Rotation \u00e0 360 \u00b0, propre et s\u00fbre [&hellip;]<\/p>","protected":false},"featured_media":449,"comment_status":"open","ping_status":"closed","template":"","meta":[],"product_brand":[],"product_cat":[24],"product_tag":[31],"class_list":{"0":"post-445","1":"product","2":"type-product","3":"status-publish","4":"has-post-thumbnail","6":"product_cat-accessoires-interieur","7":"product_tag-crochet-voiture","9":"first","10":"instock","11":"shipping-taxable","12":"purchasable","13":"product-type-simple"},"jetpack_sharing_enabled":true,"_links":{"self":[{"href":"https:\/\/autopdz.com\/ar\/wp-json\/wp\/v2\/product\/445","targetHints":{"allow":["GET"]}}],"collection":[{"href":"https:\/\/autopdz.com\/ar\/wp-json\/wp\/v2\/product"}],"about":[{"href":"https:\/\/autopdz.com\/ar\/wp-json\/wp\/v2\/types\/product"}],"replies":[{"embeddable":true,"href":"https:\/\/autopdz.com\/ar\/wp-json\/wp\/v2\/comments?post=445"}],"wp:featuredmedia":[{"embeddable":true,"href":"https:\/\/autopdz.com\/ar\/wp-json\/wp\/v2\/media\/449"}],"wp:attachment":[{"href":"https:\/\/autopdz.com\/ar\/wp-json\/wp\/v2\/media?parent=445"}],"wp:term":[{"taxonomy":"product_brand","embeddable":true,"href":"https:\/\/autopdz.com\/ar\/wp-json\/wp\/v2\/product_brand?post=445"},{"taxonomy":"product_cat","embeddable":true,"href":"https:\/\/autopdz.com\/ar\/wp-json\/wp\/v2\/product_cat?post=445"},{"taxonomy":"product_tag","embeddable":true,"href":"https:\/\/autopdz.com\/ar\/wp-json\/wp\/v2\/product_tag?post=445"}],"curies":[{"name":"wp","href":"https:\/\/api.w.org\/{rel}","templated":true}]}}