{"id":4519,"date":"2024-08-05T13:56:19","date_gmt":"2024-08-05T12:56:19","guid":{"rendered":"https:\/\/autopdz.com\/product\/renovateur-plastique-rapide-majestic-profwell\/"},"modified":"2025-09-27T17:01:10","modified_gmt":"2025-09-27T16:01:10","slug":"renovateur-plastique-rapide-majestic-profwell","status":"publish","type":"product","link":"https:\/\/autopdz.com\/ar\/product\/renovateur-plastique-rapide-majestic-profwell\/","title":{"rendered":"R\u00e9novateur Plastique Rapide Majestic Profwell"},"content":{"rendered":"<p>750ml<\/p>\n<p>r\u00e9nover et ravivez les surfaces en plastique de voiture sans n\u00e9cessit\u00e9 un lavage pr\u00e9alable sa formule avanc\u00e9e nettoie, prot\u00e8ge et redonne l&rsquo;\u00e9clat \u00e0 votre tableau de bord en une seule \u00e9tape rapide et facile<\/p>","protected":false},"excerpt":{"rendered":"<p>750ml r\u00e9nover et ravivez les surfaces en plastique de voiture sans n\u00e9cessit\u00e9 un lavage pr\u00e9alable sa formule avanc\u00e9e nettoie, prot\u00e8ge et redonne l&rsquo;\u00e9clat \u00e0 votre tableau de bord en une seule \u00e9tape rapide et facile<\/p>","protected":false},"featured_media":4518,"comment_status":"open","ping_status":"closed","template":"","meta":[],"product_brand":[],"product_cat":[24],"product_tag":[],"class_list":{"0":"post-4519","1":"product","2":"type-product","3":"status-publish","4":"has-post-thumbnail","6":"product_cat-accessoires-interieur","8":"first","9":"outofstock","10":"shipping-taxable","11":"purchasable","12":"product-type-simple"},"jetpack_sharing_enabled":true,"_links":{"self":[{"href":"https:\/\/autopdz.com\/ar\/wp-json\/wp\/v2\/product\/4519","targetHints":{"allow":["GET"]}}],"collection":[{"href":"https:\/\/autopdz.com\/ar\/wp-json\/wp\/v2\/product"}],"about":[{"href":"https:\/\/autopdz.com\/ar\/wp-json\/wp\/v2\/types\/product"}],"replies":[{"embeddable":true,"href":"https:\/\/autopdz.com\/ar\/wp-json\/wp\/v2\/comments?post=4519"}],"wp:featuredmedia":[{"embeddable":true,"href":"https:\/\/autopdz.com\/ar\/wp-json\/wp\/v2\/media\/4518"}],"wp:attachment":[{"href":"https:\/\/autopdz.com\/ar\/wp-json\/wp\/v2\/media?parent=4519"}],"wp:term":[{"taxonomy":"product_brand","embeddable":true,"href":"https:\/\/autopdz.com\/ar\/wp-json\/wp\/v2\/product_brand?post=4519"},{"taxonomy":"product_cat","embeddable":true,"href":"https:\/\/autopdz.com\/ar\/wp-json\/wp\/v2\/product_cat?post=4519"},{"taxonomy":"product_tag","embeddable":true,"href":"https:\/\/autopdz.com\/ar\/wp-json\/wp\/v2\/product_tag?post=4519"}],"curies":[{"name":"wp","href":"https:\/\/api.w.org\/{rel}","templated":true}]}}