{"id":4528,"date":"2024-08-05T14:12:48","date_gmt":"2024-08-05T13:12:48","guid":{"rendered":"https:\/\/autopdz.com\/?post_type=product&#038;p=4528"},"modified":"2025-10-12T07:54:51","modified_gmt":"2025-10-12T06:54:51","slug":"antenne-de-voiture-en-forme-daileron-de-requin","status":"publish","type":"product","link":"https:\/\/autopdz.com\/ar\/product\/antenne-de-voiture-en-forme-daileron-de-requin\/","title":{"rendered":"Antenne de voiture en forme d&rsquo;aileron de requin"},"content":{"rendered":"<p>Cette antenne d&rsquo;aileron de requin de voiture est fabriqu\u00e9e en plastique technique de haute qualit\u00e9 , tr\u00e8s durable et brillante. Le design \u00e9pur\u00e9 de l&rsquo;aileron de requin r\u00e9duit consid\u00e9rablement la r\u00e9sistance au vent, semble \u00e0 la mode et beau. Cette antenne de voiture est facile \u00e0 installer avec de l&rsquo;adh\u00e9sif sur le fond. Aucun per\u00e7age n&rsquo;est requis.<\/p>\n<p>Ce produit est uniquement pour la d\u00e9coration de toit de voiture, ne fonctionne pas comme antenne.<br \/>\nFabriqu\u00e9 en ABS de haute qualit\u00e9, a d&rsquo;excellentes performances anti-rayures et durable .<br \/>\nRationalisez la conception des requins pour r\u00e9duire la tra\u00een\u00e9e pendant la conduite, ce qui rend votre conduite plus facile et plus fluide. Aucun per\u00e7age requis.<br \/>\nInstallation facile avec l&rsquo;auto-adh\u00e9sif, aucun per\u00e7age requis,<br \/>\nil suffit de nettoyer et s\u00e9cher votre voiture, de coller l&rsquo;ailette sur la surface.Veuillez ne pas laver votre voiture en 24 heures, ce qui pourrait atteindre la meilleure force adh\u00e9sive .<\/p>","protected":false},"excerpt":{"rendered":"<p>Cette antenne d&rsquo;aileron de requin de voiture est fabriqu\u00e9e en plastique technique de haute qualit\u00e9 , tr\u00e8s durable et brillante. Le design \u00e9pur\u00e9 de l&rsquo;aileron de requin r\u00e9duit consid\u00e9rablement la r\u00e9sistance au vent, semble \u00e0 la mode et beau. Cette antenne de voiture est facile \u00e0 installer avec de l&rsquo;adh\u00e9sif sur le fond. Aucun per\u00e7age [&hellip;]<\/p>","protected":false},"featured_media":4527,"comment_status":"open","ping_status":"closed","template":"","meta":[],"product_brand":[],"product_cat":[15],"product_tag":[],"class_list":{"0":"post-4528","1":"product","2":"type-product","3":"status-publish","4":"has-post-thumbnail","6":"product_cat-divers","8":"first","9":"instock","10":"shipping-taxable","11":"purchasable","12":"product-type-variable"},"jetpack_sharing_enabled":true,"_links":{"self":[{"href":"https:\/\/autopdz.com\/ar\/wp-json\/wp\/v2\/product\/4528","targetHints":{"allow":["GET"]}}],"collection":[{"href":"https:\/\/autopdz.com\/ar\/wp-json\/wp\/v2\/product"}],"about":[{"href":"https:\/\/autopdz.com\/ar\/wp-json\/wp\/v2\/types\/product"}],"replies":[{"embeddable":true,"href":"https:\/\/autopdz.com\/ar\/wp-json\/wp\/v2\/comments?post=4528"}],"wp:featuredmedia":[{"embeddable":true,"href":"https:\/\/autopdz.com\/ar\/wp-json\/wp\/v2\/media\/4527"}],"wp:attachment":[{"href":"https:\/\/autopdz.com\/ar\/wp-json\/wp\/v2\/media?parent=4528"}],"wp:term":[{"taxonomy":"product_brand","embeddable":true,"href":"https:\/\/autopdz.com\/ar\/wp-json\/wp\/v2\/product_brand?post=4528"},{"taxonomy":"product_cat","embeddable":true,"href":"https:\/\/autopdz.com\/ar\/wp-json\/wp\/v2\/product_cat?post=4528"},{"taxonomy":"product_tag","embeddable":true,"href":"https:\/\/autopdz.com\/ar\/wp-json\/wp\/v2\/product_tag?post=4528"}],"curies":[{"name":"wp","href":"https:\/\/api.w.org\/{rel}","templated":true}]}}