{"id":4541,"date":"2024-08-05T14:38:12","date_gmt":"2024-08-05T13:38:12","guid":{"rendered":"https:\/\/autopdz.com\/product\/poste-radio-mp3-avec-support-de-telephone\/"},"modified":"2025-06-20T19:23:34","modified_gmt":"2025-06-20T18:23:34","slug":"poste-radio-mp3-avec-support-de-telephone","status":"publish","type":"product","link":"https:\/\/autopdz.com\/ar\/product\/poste-radio-mp3-avec-support-de-telephone\/","title":{"rendered":"Poste Radio Mp3 Avec Support de T\u00e9l\u00e9phone"},"content":{"rendered":"<p>Lecteur MP3 de voiture, prend en charge le disque U, la carte TF, les entr\u00e9es AUX et BT pour lire l&rsquo;audio, la qualit\u00e9 sonore claire et sans perte, une vari\u00e9t\u00e9 de modes d&rsquo;\u00e9galiseur, pour vous apporter une belle exp\u00e9rience musicale.<br \/>\nPrise en charge de la connexion BT aux t\u00e9l\u00e9phones, microphone int\u00e9gr\u00e9 haute sensibilit\u00e9, vous pouvez obtenir des appels mains libres. Appuyez longuement sur le bouton pour r\u00e9veiller l&rsquo;assistant vocal du t\u00e9l\u00e9phone (compatible avec Android et iOS), ce qui est facile \u00e0 utiliser et rend la conduite plus s\u00fbre.<br \/>\nFonction FM int\u00e9gr\u00e9e, son clair, signal stable, \u00e9coute en temps r\u00e9el pour les conditions de route, la m\u00e9t\u00e9o, les nouvelles, etc. Avec fonction m\u00e9moire d&rsquo;\u00e9chec de puissance, lecture automatique de la fr\u00e9quence la plus r\u00e9cente ou de la chanson apr\u00e8s la mise en marche.<br \/>\nGrand \u00e9cran num\u00e9rique LCD, clair et facile \u00e0 visualiser, avec fonction horloge. Double port USB, non seulement prend en charge la lecture de disque U, mais peut \u00e9galement rapidement charger votre t\u00e9l\u00e9phone.<br \/>\n\u00c9quip\u00e9 d&rsquo;un support de t\u00e9l\u00e9phone mobile, support r\u00e9glable de 135 \u00e0 170 mm de largeur, adapt\u00e9 \u00e0 une vari\u00e9t\u00e9 de tailles de t\u00e9l\u00e9phones, stable, anti-choc et anti-choc, plus pratique \u00e0 utiliser le t\u00e9l\u00e9phone.<\/p>","protected":false},"excerpt":{"rendered":"<p>Lecteur MP3 de voiture, prend en charge le disque U, la carte TF, les entr\u00e9es AUX et BT pour lire l&rsquo;audio, la qualit\u00e9 sonore claire et sans perte, une vari\u00e9t\u00e9 de modes d&rsquo;\u00e9galiseur, pour vous apporter une belle exp\u00e9rience musicale. Prise en charge de la connexion BT aux t\u00e9l\u00e9phones, microphone int\u00e9gr\u00e9 haute sensibilit\u00e9, vous pouvez [&hellip;]<\/p>","protected":false},"featured_media":4537,"comment_status":"open","ping_status":"closed","template":"","meta":[],"product_brand":[],"product_cat":[24],"product_tag":[],"class_list":{"0":"post-4541","1":"product","2":"type-product","3":"status-publish","4":"has-post-thumbnail","6":"product_cat-accessoires-interieur","8":"first","9":"instock","10":"shipping-taxable","11":"purchasable","12":"product-type-simple"},"jetpack_sharing_enabled":true,"_links":{"self":[{"href":"https:\/\/autopdz.com\/ar\/wp-json\/wp\/v2\/product\/4541","targetHints":{"allow":["GET"]}}],"collection":[{"href":"https:\/\/autopdz.com\/ar\/wp-json\/wp\/v2\/product"}],"about":[{"href":"https:\/\/autopdz.com\/ar\/wp-json\/wp\/v2\/types\/product"}],"replies":[{"embeddable":true,"href":"https:\/\/autopdz.com\/ar\/wp-json\/wp\/v2\/comments?post=4541"}],"wp:featuredmedia":[{"embeddable":true,"href":"https:\/\/autopdz.com\/ar\/wp-json\/wp\/v2\/media\/4537"}],"wp:attachment":[{"href":"https:\/\/autopdz.com\/ar\/wp-json\/wp\/v2\/media?parent=4541"}],"wp:term":[{"taxonomy":"product_brand","embeddable":true,"href":"https:\/\/autopdz.com\/ar\/wp-json\/wp\/v2\/product_brand?post=4541"},{"taxonomy":"product_cat","embeddable":true,"href":"https:\/\/autopdz.com\/ar\/wp-json\/wp\/v2\/product_cat?post=4541"},{"taxonomy":"product_tag","embeddable":true,"href":"https:\/\/autopdz.com\/ar\/wp-json\/wp\/v2\/product_tag?post=4541"}],"curies":[{"name":"wp","href":"https:\/\/api.w.org\/{rel}","templated":true}]}}