{"id":4546,"date":"2024-08-05T14:49:16","date_gmt":"2024-08-05T13:49:16","guid":{"rendered":"https:\/\/autopdz.com\/product\/boule-avec-soufflet-pommeau-de-6-vitesse-volkswagen\/"},"modified":"2025-10-29T09:05:58","modified_gmt":"2025-10-29T08:05:58","slug":"boule-avec-soufflet-pommeau-de-6-vitesse-volkswagen","status":"publish","type":"product","link":"https:\/\/autopdz.com\/ar\/product\/boule-avec-soufflet-pommeau-de-6-vitesse-volkswagen\/","title":{"rendered":"Boule Avec Soufflet Pommeau de 6 Vitesse Volkswagen"},"content":{"rendered":"<p>Remplacement pour &#8211; Convient pour Volkswagen Golf MK5 MK6 2004-2007, pour Volkswagen GTI 2006-2009<br \/>\nFonction &#8211; Bon bouton de changement de vitesse de remplacement avec une bonne finition. Une option de mise \u00e0 niveau pour votre pommeau de levier de vitesse OEM.<br \/>\nBon remplacement &#8211; Si votre pommeau de levier de vitesse est us\u00e9 ou obsol\u00e8te, vous pouvez en choisir un nouveau pour le remplacer.<br \/>\nInstallation facile &#8211; Retirez l&rsquo;ancienne t\u00eate de changement de vitesse, alignez la nouvelle t\u00eate de changement de vitesse sur le levier de pommeau et fixez la t\u00eate de changement de vitesse<br \/>\nListe des paquets &#8211; 1 pommeau de levier de vitesse<\/p>","protected":false},"excerpt":{"rendered":"<p>Remplacement pour &#8211; Convient pour Volkswagen Golf MK5 MK6 2004-2007, pour Volkswagen GTI 2006-2009 Fonction &#8211; Bon bouton de changement de vitesse de remplacement avec une bonne finition. Une option de mise \u00e0 niveau pour votre pommeau de levier de vitesse OEM. Bon remplacement &#8211; Si votre pommeau de levier de vitesse est us\u00e9 ou [&hellip;]<\/p>","protected":false},"featured_media":4542,"comment_status":"open","ping_status":"closed","template":"","meta":[],"product_brand":[],"product_cat":[24],"product_tag":[],"class_list":{"0":"post-4546","1":"product","2":"type-product","3":"status-publish","4":"has-post-thumbnail","6":"product_cat-accessoires-interieur","8":"first","9":"instock","10":"sale","11":"shipping-taxable","12":"purchasable","13":"product-type-simple"},"jetpack_sharing_enabled":true,"_links":{"self":[{"href":"https:\/\/autopdz.com\/ar\/wp-json\/wp\/v2\/product\/4546","targetHints":{"allow":["GET"]}}],"collection":[{"href":"https:\/\/autopdz.com\/ar\/wp-json\/wp\/v2\/product"}],"about":[{"href":"https:\/\/autopdz.com\/ar\/wp-json\/wp\/v2\/types\/product"}],"replies":[{"embeddable":true,"href":"https:\/\/autopdz.com\/ar\/wp-json\/wp\/v2\/comments?post=4546"}],"wp:featuredmedia":[{"embeddable":true,"href":"https:\/\/autopdz.com\/ar\/wp-json\/wp\/v2\/media\/4542"}],"wp:attachment":[{"href":"https:\/\/autopdz.com\/ar\/wp-json\/wp\/v2\/media?parent=4546"}],"wp:term":[{"taxonomy":"product_brand","embeddable":true,"href":"https:\/\/autopdz.com\/ar\/wp-json\/wp\/v2\/product_brand?post=4546"},{"taxonomy":"product_cat","embeddable":true,"href":"https:\/\/autopdz.com\/ar\/wp-json\/wp\/v2\/product_cat?post=4546"},{"taxonomy":"product_tag","embeddable":true,"href":"https:\/\/autopdz.com\/ar\/wp-json\/wp\/v2\/product_tag?post=4546"}],"curies":[{"name":"wp","href":"https:\/\/api.w.org\/{rel}","templated":true}]}}