{"id":4570,"date":"2024-08-06T10:44:21","date_gmt":"2024-08-06T09:44:21","guid":{"rendered":"https:\/\/autopdz.com\/product\/boule-vitesse-tige-peugeot-citroen\/"},"modified":"2024-08-06T10:44:21","modified_gmt":"2024-08-06T09:44:21","slug":"boule-vitesse-tige-peugeot-citroen","status":"publish","type":"product","link":"https:\/\/autopdz.com\/ar\/product\/boule-vitesse-tige-peugeot-citroen\/","title":{"rendered":"Boule vitesse + Tige Peugeot &amp; Citro\u00ebn"},"content":{"rendered":"<p>Pommeau de levier de vitesse MT 5 vitesses chrom\u00e9 mat pour Peugeot 307 301 206 207 408 308 citro\u00ebn c-quatre<\/p>\n<p>Caract\u00e9ristiques:<\/p>\n<p>Nom du produit : pommeau de levier de vitesse.<\/p>\n<p>Mat\u00e9riel: plastique<\/p>\n<p>Couleur : Noir et chrome mat<\/p>\n<p>Vitesse : 5 vitesses<\/p>\n<p>Sujet : NON<\/p>\n<p>Hauteur : 100,5 mm<\/p>\n<p>Largeur : 45 mm<\/p>\n<p>Diam\u00e8tre du trou de montage : 18 mm<\/p>\n<p>Convient pour : pour transmission manuelle (MT), ne convient pas pour transmission automatique !!!<\/p>\n<p>Quantit\u00e9 : 1 pi\u00e8ce<\/p>\n<p>Caract\u00e9ristiques:<\/p>\n<p>-Neuf, jamais utilis\u00e9 et en bon \u00e9tat.<\/p>\n<p>-Levier de vitesses r\u00e9sistant et confortable.<\/p>\n<p>-Design unique et \u00e9l\u00e9gant. Il peut \u00e9galement ajouter un look luxueux et tendance \u00e0 votre voiture.<\/p>\n<p>-Il suffit de retirer l&rsquo;ancien ou le cass\u00e9 et de mettre le nouveau.<\/p>\n<p>Montage: -Pour Peugeot 307 301 206 40 40 et 207 208<\/p>\n<p>Pour Peugeot 307 301 206 207 408 308 508 2008 3008 C4L C2<\/p>\n<p>Pour Citro\u00ebn C-Quatre C-Triomphe Elys\u00e9e<\/p>\n<p>(La compatibilit\u00e9 est juste pour r\u00e9f\u00e9rence. Veuillez vous assurer que cet article convient \u00e0 votre v\u00e9hicule avant d&rsquo;acheter).<\/p>\n<p>Emballage inclus:<\/p>\n<p>1 x pommeau de vitesse<\/p>\n<p>Note:<\/p>\n<p>1. Nous fournissons des images claires et des mesures si possible. Veuillez v\u00e9rifier autant que possible pour vous assurer que l&rsquo;article est celui dont vous avez besoin.<\/p>\n<p>2. Veuillez permettre une diff\u00e9rence de 0,5 \u00e0 1 pouce en raison de la mesure manuelle. (1 pouce = 2,54 cm)<\/p>\n<p>3. Les instructions ne sont pas incluses. Une installation professionnelle est fortement recommand\u00e9e !!! Si vous voulez savoir comment utiliser ou installer, veuillez nous contacter par e-mail. Nous vous fournirons de l&rsquo;aide autant que possible.<\/p>\n<p>4. La couleur des articles r\u00e9els peut \u00eatre l\u00e9g\u00e8rement diff\u00e9rente des images de la liste en raison des diff\u00e9rents \u00e9crans d&rsquo;ordinateur, merci de votre compr\u00e9hension.<\/p>","protected":false},"excerpt":{"rendered":"<p>Pommeau de levier de vitesse MT 5 vitesses chrom\u00e9 mat pour Peugeot 307 301 206 207 408 308 citro\u00ebn c-quatre Caract\u00e9ristiques: Nom du produit : pommeau de levier de vitesse. Mat\u00e9riel: plastique Couleur : Noir et chrome mat Vitesse : 5 vitesses Sujet : NON Hauteur : 100,5 mm Largeur : 45 mm Diam\u00e8tre du [&hellip;]<\/p>","protected":false},"featured_media":4565,"comment_status":"open","ping_status":"closed","template":"","meta":[],"product_brand":[],"product_cat":[24],"product_tag":[],"class_list":{"0":"post-4570","1":"product","2":"type-product","3":"status-publish","4":"has-post-thumbnail","6":"product_cat-accessoires-interieur","8":"first","9":"instock","10":"shipping-taxable","11":"purchasable","12":"product-type-simple"},"jetpack_sharing_enabled":true,"_links":{"self":[{"href":"https:\/\/autopdz.com\/ar\/wp-json\/wp\/v2\/product\/4570","targetHints":{"allow":["GET"]}}],"collection":[{"href":"https:\/\/autopdz.com\/ar\/wp-json\/wp\/v2\/product"}],"about":[{"href":"https:\/\/autopdz.com\/ar\/wp-json\/wp\/v2\/types\/product"}],"replies":[{"embeddable":true,"href":"https:\/\/autopdz.com\/ar\/wp-json\/wp\/v2\/comments?post=4570"}],"wp:featuredmedia":[{"embeddable":true,"href":"https:\/\/autopdz.com\/ar\/wp-json\/wp\/v2\/media\/4565"}],"wp:attachment":[{"href":"https:\/\/autopdz.com\/ar\/wp-json\/wp\/v2\/media?parent=4570"}],"wp:term":[{"taxonomy":"product_brand","embeddable":true,"href":"https:\/\/autopdz.com\/ar\/wp-json\/wp\/v2\/product_brand?post=4570"},{"taxonomy":"product_cat","embeddable":true,"href":"https:\/\/autopdz.com\/ar\/wp-json\/wp\/v2\/product_cat?post=4570"},{"taxonomy":"product_tag","embeddable":true,"href":"https:\/\/autopdz.com\/ar\/wp-json\/wp\/v2\/product_tag?post=4570"}],"curies":[{"name":"wp","href":"https:\/\/api.w.org\/{rel}","templated":true}]}}